{"id":11143,"date":"2020-11-24T23:39:39","date_gmt":"2020-11-24T22:39:39","guid":{"rendered":"https:\/\/zdorovo.pl\/?page_id=11143"},"modified":"2026-02-24T08:44:46","modified_gmt":"2026-02-24T07:44:46","slug":"medimost","status":"publish","type":"page","link":"https:\/\/zdorovo.pl\/pl\/medimost","title":{"rendered":"Medimost"},"content":{"rendered":"\t\t<div data-elementor-type=\"wp-page\" data-elementor-id=\"11143\" class=\"elementor elementor-11143 elementor-951\" data-elementor-post-type=\"page\">\n\t\t\t\t\t\t<section class=\"elementor-section elementor-top-section elementor-element elementor-element-6b3308c elementor-section-height-min-height elementor-section-full_width elementor-section-height-default elementor-section-items-middle\" data-id=\"6b3308c\" data-element_type=\"section\" data-settings=\"{&quot;background_background&quot;:&quot;gradient&quot;}\">\n\t\t\t\t\t\t<div class=\"elementor-container elementor-column-gap-default\">\n\t\t\t\t\t<div class=\"elementor-column elementor-col-100 elementor-top-column elementor-element elementor-element-f247668\" data-id=\"f247668\" data-element_type=\"column\">\n\t\t\t<div class=\"elementor-widget-wrap elementor-element-populated\">\n\t\t\t\t\t\t<div class=\"elementor-element elementor-element-c0eb7eb elementor-widget elementor-widget-heading\" data-id=\"c0eb7eb\" data-element_type=\"widget\" data-widget_type=\"heading.default\">\n\t\t\t\t<div class=\"elementor-widget-container\">\n\t\t\t\t\t<h1 class=\"elementor-heading-title elementor-size-default\">Medimost<\/h1>\t\t\t\t<\/div>\n\t\t\t\t<\/div>\n\t\t\t\t<div class=\"elementor-element elementor-element-1aef565 elementor-widget elementor-widget-html\" data-id=\"1aef565\" data-element_type=\"widget\" data-widget_type=\"html.default\">\n\t\t\t\t<div class=\"elementor-widget-container\">\n\t\t\t\t\t<script type=\"text\/javascript\">\r\n  (function(d, w, s) {\r\n\tvar widgetHash = 'dp0s9bhcge1meytynclx', gcw = d.createElement(s); gcw.type = 'text\/javascript'; gcw.async = true;\r\n\tgcw.src = '\/\/widgets.binotel.com\/getcall\/widgets\/'+ widgetHash +'.js';\r\n\tvar sn = d.getElementsByTagName(s)[0]; sn.parentNode.insertBefore(gcw, sn);\r\n  })(document, window, 'script');\r\n<\/script> \t\t\t\t<\/div>\n\t\t\t\t<\/div>\n\t\t\t\t\t<\/div>\n\t\t<\/div>\n\t\t\t\t\t<\/div>\n\t\t<\/section>\n\t\t\t\t<section class=\"elementor-section elementor-top-section elementor-element elementor-element-0e75358 elementor-section-boxed elementor-section-height-default elementor-section-height-default\" data-id=\"0e75358\" data-element_type=\"section\">\n\t\t\t\t\t\t<div class=\"elementor-container elementor-column-gap-default\">\n\t\t\t\t\t<div class=\"elementor-column elementor-col-25 elementor-top-column elementor-element elementor-element-1fd671a\" data-id=\"1fd671a\" data-element_type=\"column\">\n\t\t\t<div class=\"elementor-widget-wrap\">\n\t\t\t\t\t\t\t<\/div>\n\t\t<\/div>\n\t\t\t\t<div class=\"elementor-column elementor-col-50 elementor-top-column elementor-element elementor-element-f5d9868\" data-id=\"f5d9868\" data-element_type=\"column\">\n\t\t\t<div class=\"elementor-widget-wrap\">\n\t\t\t\t\t\t\t<\/div>\n\t\t<\/div>\n\t\t\t\t<div class=\"elementor-column elementor-col-25 elementor-top-column elementor-element elementor-element-424f260\" data-id=\"424f260\" data-element_type=\"column\">\n\t\t\t<div class=\"elementor-widget-wrap\">\n\t\t\t\t\t\t\t<\/div>\n\t\t<\/div>\n\t\t\t\t\t<\/div>\n\t\t<\/section>\n\t\t\t\t<section class=\"elementor-section elementor-top-section elementor-element elementor-element-32f7e6f1 elementor-section-boxed elementor-section-height-default elementor-section-height-default\" data-id=\"32f7e6f1\" data-element_type=\"section\">\n\t\t\t\t\t\t<div class=\"elementor-container elementor-column-gap-default\">\n\t\t\t\t\t<div class=\"elementor-column elementor-col-100 elementor-top-column elementor-element elementor-element-6c7af50c\" data-id=\"6c7af50c\" data-element_type=\"column\">\n\t\t\t<div class=\"elementor-widget-wrap elementor-element-populated\">\n\t\t\t\t\t\t<div class=\"elementor-element elementor-element-64a29a48 elementor-widget elementor-widget-text-editor\" data-id=\"64a29a48\" data-element_type=\"widget\" data-widget_type=\"text-editor.default\">\n\t\t\t\t<div class=\"elementor-widget-container\">\n\t\t\t\t\t\t\t\t\t<p style=\"text-align: left;\"><b>Medimost<\/b><span style=\"font-weight: 400;\"> \u0142\u0105czy pracownik\u00f3w medycznych i pacjent\u00f3w pochodz\u0105cych z Europy \u015arodkowo-Wschodniej z polskimi plac\u00f3wkami medycznymi, eliminuj\u0105c kluczowe bariery i tworz\u0105c efektywne sieci wsp\u00f3\u0142pracy.<\/span><\/p><p style=\"text-align: left;\"><b>\u00a0<\/b><\/p><p style=\"text-align: left;\"><b>Jak pomagamy?<\/b><\/p><p><b>Dla lekarzy i piel\u0119gniarek z kraj\u00f3w Europy Wschodniej przebywaj\u0105cych w Polsce:<\/b><\/p><ul style=\"text-align: left;\"><li style=\"font-weight: 400;\" aria-level=\"1\"><span style=\"font-weight: 400;\">Zabezpieczamy aspekty formalne procedur potwierdzania w Polsce kwalifikacji zawodowych, legalno\u015bci pracy i pobytu, sk\u0142adania skarg do s\u0105d\u00f3w administracyjnych z <\/span><span style=\"font-weight: 400;\">wykorzystaniem do\u015bwiadczonego zespo\u0142u specjalist\u00f3w i radc\u00f3w prawnych.<\/span><\/li><li style=\"font-weight: 400;\" aria-level=\"1\"><span style=\"font-weight: 400;\">Znajdujemy w Polsce pierwsz\u0105 prac\u0119, dodatkow\u0105 prac\u0119 lub now\u0105 prac\u0119, je\u017celi w dotychczasowej pracy medyk jest \u017ale traktowany. <\/span><\/li><li style=\"font-weight: 400;\" aria-level=\"1\"><span style=\"font-weight: 400;\">Pomagamy lekarzom i piel\u0119gniarkom rozwija\u0107 si\u0119 i wi\u0119cej zarabia\u0107, w przyjaznym \u015brodowisku pracy.<\/span><\/li><li style=\"font-weight: 400;\" aria-level=\"1\"><span style=\"font-weight: 400;\">Dbamy o bezpiecze\u0144stwo pracy dobieraj\u0105c odpowiednie ubezpieczenie odpowiedzialno\u015bci cywilnej oraz zabezpieczaj\u0105c pomoc prawn\u0105 w przypadku wezwania medyka do prokuratury\/s\u0105du.<\/span><\/li><li style=\"font-weight: 400;\" aria-level=\"1\"><span style=\"font-weight: 400;\">Razem z zewn\u0119trznymi ekspertami, prowadzimy profesjonalny kurs j\u0119zyka medycznego.<\/span><\/li><\/ul><p><b>Dla polskich plac\u00f3wek medycznych:<\/b><\/p><ul><li style=\"font-weight: 400;\" aria-level=\"1\"><span style=\"font-weight: 400;\">Rekrutujemy lekarzy i piel\u0119gniarki z Europy Wschodniej (Ukraina, Bia\u0142oru\u015b, itp.), wed\u0142ug przekazanego zapotrzebowania.<\/span><\/li><li style=\"font-weight: 400;\" aria-level=\"1\"><span style=\"font-weight: 400;\">Pozyskujemy pacjent\u00f3w z Europy Wschodniej do on-line i bezpo\u015bredniej, komercyjnej lub w ramach NFZ obs\u0142ugi medycznej. Wykorzystujemy do tego serwis\u00a0<a href=\"https:\/\/zdorovo.pl\/poliklinika\" target=\"_blank\" rel=\"noopener\"><u>https:\/\/zdorovo.pl\/poliklinika<\/u><\/a>\u00a0oraz w\u0142asn\u0105 infolini\u0119 prowadz\u0105c\u0105 rozmowy w j\u0119zyku ukrai\u0144skim, rosyjskim, polskim i angielskim.<\/span><\/li><\/ul><p><b>Dla pacjent\u00f3w:<\/b><\/p><ul><li style=\"font-weight: 400;\" aria-level=\"1\"><span style=\"font-weight: 400;\">Udost\u0119pniamy informacje o lekarzach, kt\u00f3rzy bez bariery j\u0119zykowej i kulturowej, ale te\u017c zgodnie z polskim prawem udziel\u0105 pomocy medycznej w przychodni lub szpitalu.<\/span><\/li><li style=\"font-weight: 400;\" aria-level=\"1\"><span style=\"font-weight: 400;\">Rozwijamy baz\u0119 wiedzy dostosowan\u0105 do potrzeb migrant\u00f3w\/uchod\u017ac\u00f3w na temat efektywnego wykorzystywania systemu opieki zdrowotnej w Polsce w ramach bloga, medi\u00f3w spo\u0142eczno\u015bciowych oraz serwisu www.<\/span><\/li><li style=\"font-weight: 400;\" aria-level=\"1\"><span style=\"font-weight: 400;\">Weryfikujemy aktualny status ubezpieczenia zdrowotnego w Polsce migrant\u00f3w\/uchod\u017ac\u00f3w, a jak trzeba t\u0142umaczymy jak go uzyska\u0107, aby m\u00f3c korzysta\u0107 z opieki medycznej finansowanej przez Narodowy Fundusz Zdrowia.<\/span><\/li><\/ul><p><b>Dla partner\u00f3w biznesowych:<\/b><\/p><ul><li style=\"font-weight: 400;\" aria-level=\"1\"><span style=\"font-weight: 400;\">Integrujemy z polskim rynkiem zagraniczne start-upy medyczne. Wspieramy ich w tworzeniu sieci wsp\u00f3\u0142pracy i rozpoczynaniu realnej wsp\u00f3\u0142pracy B2B, B2B2C na terenie Polski.<\/span><\/li><li style=\"font-weight: 400;\" aria-level=\"1\"><span style=\"font-weight: 400;\">\u0141\u0105czymy firmy medyczne z pacjentami z Europy Wschodniej, przebywaj\u0105cymi w Polsce.<\/span><\/li><\/ul><p style=\"text-align: left;\"><b>\u00a0<\/b><\/p><p style=\"text-align: left;\"><strong>Medimost jest plac\u00f3wk\u0105 medyczn\u0105<\/strong> samodzielnie udzielaj\u0105c\u0105 \u015bwiadcze\u0144 zdrowotnych, jak te\u017c sieci\u0105 wsp\u00f3\u0142pracy integruj\u0105c\u0105 pod mark\u0105 <strong>Zdorovo<\/strong> lekarzy i pacjent\u00f3w z partnerskimi plac\u00f3wkami medycznymi.<\/p><p style=\"text-align: left;\"><span style=\"font-weight: 400;\">Sp\u00f3\u0142ka Medimost powsta\u0142a 1 czerwca 2020 roku jako start-up inkubowany w Platformie Startowej &#8211; Wschodni Akcelerator Biznesu, prowadzonej przez Pu\u0142awski Park Naukowo-Technologiczny, wsp\u00f3\u0142finansowanej ze \u015brodk\u00f3w Unii Europejskiej w ramach Europejskiego Funduszu Rozwoju Regionalnego. W latach 2022-2023 sp\u00f3\u0142ka zrealizowa\u0142a projekt \u201cZdorovo.pl \u2013 us\u0142uga integracji z polskim systemem opieki zdrowotnej migrant\u00f3w z Europy Wschodniej.\u201d dofinansowany ze \u015brodk\u00f3w europejskich na kwot\u0119 blisko 1 miliona z\u0142otych przez Polsk\u0105 Agencj\u0119 Rozwoju Przedsi\u0119biorczo\u015bci.<\/span><\/p><p style=\"text-align: left;\"><span style=\"font-weight: 400;\">Celem projektu by\u0142o stworzenie rentownego i maksymalnie zautomatyzowanego procesu biznesowego poprzez wprowadzenie na rynek us\u0142ugi skierowanej do pacjent\u00f3w oraz wykwalifikowanego personelu medycznego z Europy Wschodniej, polegaj\u0105cej na zintegrowaniu ich z polskim systemem opieki zdrowotnej.<\/span><\/p>\t\t\t\t\t\t\t\t<\/div>\n\t\t\t\t<\/div>\n\t\t\t\t\t<\/div>\n\t\t<\/div>\n\t\t\t\t\t<\/div>\n\t\t<\/section>\n\t\t\t\t<section class=\"elementor-section elementor-top-section elementor-element elementor-element-19c3327 elementor-section-boxed elementor-section-height-default elementor-section-height-default\" data-id=\"19c3327\" data-element_type=\"section\">\n\t\t\t\t\t\t<div class=\"elementor-container elementor-column-gap-default\">\n\t\t\t\t\t<div class=\"elementor-column elementor-col-50 elementor-top-column elementor-element elementor-element-543670e\" data-id=\"543670e\" data-element_type=\"column\">\n\t\t\t<div class=\"elementor-widget-wrap elementor-element-populated\">\n\t\t\t\t\t\t<div class=\"elementor-element elementor-element-bdcb7e1 elementor-widget elementor-widget-text-editor\" data-id=\"bdcb7e1\" data-element_type=\"widget\" data-widget_type=\"text-editor.default\">\n\t\t\t\t<div class=\"elementor-widget-container\">\n\t\t\t\t\t\t\t\t\t<p><span style=\"text-decoration: underline;\"><strong><em>Wsp\u00f3\u0142praca dla lekarzy:<\/em><\/strong><\/span><\/p><p><strong><a role=\"link\" href=\"tel:+48818660987\">+48 81 866 09 87<\/a><\/strong><\/p><p><em><strong><a role=\"link\" href=\"mailto:praca@medimost.eu\">praca@medimost.eu<\/a>\u00a0<\/strong><\/em><\/p><div class=\"SDV7ef\">\u00a0<\/div><p style=\"text-align: left;\"><span style=\"text-decoration: underline;\"><b>Zarz\u0105d Sp\u00f3\u0142ki Medimost<\/b><span style=\"font-weight: 400;\"> tworz\u0105:<\/span><\/span><\/p><p style=\"text-align: left;\"><span style=\"font-weight: 400;\">Vira Orel &#8211; prezes zarz\u0105du<\/span><\/p><p style=\"text-align: left;\"><span style=\"font-weight: 400;\">Krzysztof \u0141\u0105tka &#8211; cz\u0142onek zarz\u0105du<\/span><\/p><p style=\"text-align: left;\"><a href=\"http:\/\/www.krzysztoflatka.pl\"><span style=\"font-weight: 400;\">www.krzysztoflatka.pl<\/span><\/a><span style=\"font-weight: 400;\">\u00a0<\/span><\/p>\t\t\t\t\t\t\t\t<\/div>\n\t\t\t\t<\/div>\n\t\t\t\t\t<\/div>\n\t\t<\/div>\n\t\t\t\t<div class=\"elementor-column elementor-col-50 elementor-top-column elementor-element elementor-element-48d3f29\" data-id=\"48d3f29\" data-element_type=\"column\">\n\t\t\t<div class=\"elementor-widget-wrap elementor-element-populated\">\n\t\t\t\t\t\t<div class=\"elementor-element elementor-element-864373b elementor-widget elementor-widget-image\" data-id=\"864373b\" data-element_type=\"widget\" data-widget_type=\"image.default\">\n\t\t\t\t<div class=\"elementor-widget-container\">\n\t\t\t\t\t\t\t\t\t\t\t\t\t\t\t<img decoding=\"async\" src=\"https:\/\/zdorovo.pl\/wp-content\/uploads\/elementor\/thumbs\/logo_medimost-qi7c4nl31leo6motd1n1yd1cqpfnfweup4m91nsn0c.jpg\" title=\"logo_medimost\" alt=\"logo_medimost\" loading=\"lazy\" \/>\t\t\t\t\t\t\t\t\t\t\t\t\t\t\t<\/div>\n\t\t\t\t<\/div>\n\t\t\t\t\t<\/div>\n\t\t<\/div>\n\t\t\t\t\t<\/div>\n\t\t<\/section>\n\t\t\t\t<\/div>\n\t\t","protected":false},"excerpt":{"rendered":"<p>Medimost \u0142\u0105czy pracownik\u00f3w medycznych i pacjent\u00f3w pochodz\u0105cych z Europy \u015arodkowo-Wschodniej z polskimi plac\u00f3wkami medycznymi, eliminuj\u0105c kluczowe bariery i tworz\u0105c efektywne sieci wsp\u00f3\u0142pracy. \u00a0 Jak pomagamy? Dla lekarzy i piel\u0119gniarek z kraj\u00f3w Europy Wschodniej przebywaj\u0105cych w Polsce: Zabezpieczamy aspekty formalne procedur potwierdzania w Polsce kwalifikacji zawodowych, legalno\u015bci pracy i pobytu, sk\u0142adania skarg do s\u0105d\u00f3w administracyjnych z&hellip;<\/p>\n","protected":false},"author":1,"featured_media":0,"parent":0,"menu_order":0,"comment_status":"closed","ping_status":"closed","template":"elementor_header_footer","meta":{"_acf_changed":false,"footnotes":""},"class_list":["post-11143","page","type-page","status-publish","hentry"],"acf":[],"yoast_head":"<!-- This site is optimized with the Yoast SEO Premium plugin v22.4 (Yoast SEO v24.4) - https:\/\/yoast.com\/wordpress\/plugins\/seo\/ -->\n<title>Medimost - Zdorovo.pl<\/title>\n<meta name=\"robots\" content=\"index, follow, max-snippet:-1, max-image-preview:large, max-video-preview:-1\" \/>\n<link rel=\"canonical\" href=\"https:\/\/zdorovo.pl\/pl\/medimost\" \/>\n<meta property=\"og:locale\" content=\"pl_PL\" \/>\n<meta property=\"og:type\" content=\"article\" \/>\n<meta property=\"og:title\" content=\"Medimost\" \/>\n<meta property=\"og:description\" content=\"Medimost \u0142\u0105czy pracownik\u00f3w medycznych i pacjent\u00f3w pochodz\u0105cych z Europy \u015arodkowo-Wschodniej z polskimi plac\u00f3wkami medycznymi, eliminuj\u0105c kluczowe bariery i tworz\u0105c efektywne sieci wsp\u00f3\u0142pracy. \u00a0 Jak pomagamy? Dla lekarzy i piel\u0119gniarek z kraj\u00f3w Europy Wschodniej przebywaj\u0105cych w Polsce: Zabezpieczamy aspekty formalne procedur potwierdzania w Polsce kwalifikacji zawodowych, legalno\u015bci pracy i pobytu, sk\u0142adania skarg do s\u0105d\u00f3w administracyjnych z&hellip;\" \/>\n<meta property=\"og:url\" content=\"https:\/\/zdorovo.pl\/pl\/medimost\" \/>\n<meta property=\"og:site_name\" content=\"Zdorovo.pl\" \/>\n<meta property=\"article:modified_time\" content=\"2026-02-24T07:44:46+00:00\" \/>\n<meta property=\"og:image\" content=\"https:\/\/zdorovo.pl\/wp-content\/uploads\/elementor\/thumbs\/logo_medimost-qi7c4nl31leo6motd1n1yd1cqpfnfweup4m91nsn0c.jpg\" \/>\n<meta name=\"twitter:card\" content=\"summary_large_image\" \/>\n<meta name=\"twitter:label1\" content=\"Szacowany czas czytania\" \/>\n\t<meta name=\"twitter:data1\" content=\"3 minuty\" \/>\n<script type=\"application\/ld+json\" class=\"yoast-schema-graph\">{\"@context\":\"https:\/\/schema.org\",\"@graph\":[{\"@type\":\"WebPage\",\"@id\":\"https:\/\/zdorovo.pl\/pl\/medimost\",\"url\":\"https:\/\/zdorovo.pl\/pl\/medimost\",\"name\":\"Medimost - Zdorovo.pl\",\"isPartOf\":{\"@id\":\"https:\/\/zdorovo.pl\/pl#website\"},\"primaryImageOfPage\":{\"@id\":\"https:\/\/zdorovo.pl\/pl\/medimost#primaryimage\"},\"image\":{\"@id\":\"https:\/\/zdorovo.pl\/pl\/medimost#primaryimage\"},\"thumbnailUrl\":\"https:\/\/zdorovo.pl\/wp-content\/uploads\/elementor\/thumbs\/logo_medimost-qi7c4nl31leo6motd1n1yd1cqpfnfweup4m91nsn0c.jpg\",\"datePublished\":\"2020-11-24T22:39:39+00:00\",\"dateModified\":\"2026-02-24T07:44:46+00:00\",\"breadcrumb\":{\"@id\":\"https:\/\/zdorovo.pl\/pl\/medimost#breadcrumb\"},\"inLanguage\":\"pl-PL\",\"potentialAction\":[{\"@type\":\"ReadAction\",\"target\":[\"https:\/\/zdorovo.pl\/pl\/medimost\"]}]},{\"@type\":\"ImageObject\",\"inLanguage\":\"pl-PL\",\"@id\":\"https:\/\/zdorovo.pl\/pl\/medimost#primaryimage\",\"url\":\"https:\/\/zdorovo.pl\/wp-content\/uploads\/elementor\/thumbs\/logo_medimost-qi7c4nl31leo6motd1n1yd1cqpfnfweup4m91nsn0c.jpg\",\"contentUrl\":\"https:\/\/zdorovo.pl\/wp-content\/uploads\/elementor\/thumbs\/logo_medimost-qi7c4nl31leo6motd1n1yd1cqpfnfweup4m91nsn0c.jpg\"},{\"@type\":\"BreadcrumbList\",\"@id\":\"https:\/\/zdorovo.pl\/pl\/medimost#breadcrumb\",\"itemListElement\":[{\"@type\":\"ListItem\",\"position\":1,\"name\":\"\u0413\u043e\u043b\u043e\u0432\u043d\u0430\",\"item\":\"https:\/\/zdorovo.pl\/pl\"},{\"@type\":\"ListItem\",\"position\":2,\"name\":\"Medimost\"}]},{\"@type\":\"WebSite\",\"@id\":\"https:\/\/zdorovo.pl\/pl#website\",\"url\":\"https:\/\/zdorovo.pl\/pl\",\"name\":\"Zdorovo.pl\",\"description\":\"\u041f\u0440\u043e \u043c\u0435\u0434\u0438\u0447\u043d\u0443 \u0441\u0438\u0441\u0442\u0435\u043c\u0443 \u0432 \u041f\u043e\u043b\u044c\u0449\u0456 \u0443\u043a\u0440\u0430\u0457\u043d\u0441\u044c\u043a\u043e\u044e\",\"publisher\":{\"@id\":\"https:\/\/zdorovo.pl\/pl#organization\"},\"potentialAction\":[{\"@type\":\"SearchAction\",\"target\":{\"@type\":\"EntryPoint\",\"urlTemplate\":\"https:\/\/zdorovo.pl\/pl?s={search_term_string}\"},\"query-input\":{\"@type\":\"PropertyValueSpecification\",\"valueRequired\":true,\"valueName\":\"search_term_string\"}}],\"inLanguage\":\"pl-PL\"},{\"@type\":\"Organization\",\"@id\":\"https:\/\/zdorovo.pl\/pl#organization\",\"name\":\"Zdorovo.pl\",\"url\":\"https:\/\/zdorovo.pl\/pl\",\"logo\":{\"@type\":\"ImageObject\",\"inLanguage\":\"pl-PL\",\"@id\":\"https:\/\/zdorovo.pl\/pl#\/schema\/logo\/image\/\",\"url\":\"https:\/\/zdorovo.pl\/wp-content\/uploads\/2020\/11\/logo-48.png\",\"contentUrl\":\"https:\/\/zdorovo.pl\/wp-content\/uploads\/2020\/11\/logo-48.png\",\"width\":180,\"height\":48,\"caption\":\"Zdorovo.pl\"},\"image\":{\"@id\":\"https:\/\/zdorovo.pl\/pl#\/schema\/logo\/image\/\"}}]}<\/script>\n<!-- \/ Yoast SEO Premium plugin. -->","yoast_head_json":{"title":"Medimost - Zdorovo.pl","robots":{"index":"index","follow":"follow","max-snippet":"max-snippet:-1","max-image-preview":"max-image-preview:large","max-video-preview":"max-video-preview:-1"},"canonical":"https:\/\/zdorovo.pl\/pl\/medimost","og_locale":"pl_PL","og_type":"article","og_title":"Medimost","og_description":"Medimost \u0142\u0105czy pracownik\u00f3w medycznych i pacjent\u00f3w pochodz\u0105cych z Europy \u015arodkowo-Wschodniej z polskimi plac\u00f3wkami medycznymi, eliminuj\u0105c kluczowe bariery i tworz\u0105c efektywne sieci wsp\u00f3\u0142pracy. \u00a0 Jak pomagamy? Dla lekarzy i piel\u0119gniarek z kraj\u00f3w Europy Wschodniej przebywaj\u0105cych w Polsce: Zabezpieczamy aspekty formalne procedur potwierdzania w Polsce kwalifikacji zawodowych, legalno\u015bci pracy i pobytu, sk\u0142adania skarg do s\u0105d\u00f3w administracyjnych z&hellip;","og_url":"https:\/\/zdorovo.pl\/pl\/medimost","og_site_name":"Zdorovo.pl","article_modified_time":"2026-02-24T07:44:46+00:00","og_image":[{"url":"https:\/\/zdorovo.pl\/wp-content\/uploads\/elementor\/thumbs\/logo_medimost-qi7c4nl31leo6motd1n1yd1cqpfnfweup4m91nsn0c.jpg","type":"","width":"","height":""}],"twitter_card":"summary_large_image","twitter_misc":{"Szacowany czas czytania":"3 minuty"},"schema":{"@context":"https:\/\/schema.org","@graph":[{"@type":"WebPage","@id":"https:\/\/zdorovo.pl\/pl\/medimost","url":"https:\/\/zdorovo.pl\/pl\/medimost","name":"Medimost - Zdorovo.pl","isPartOf":{"@id":"https:\/\/zdorovo.pl\/pl#website"},"primaryImageOfPage":{"@id":"https:\/\/zdorovo.pl\/pl\/medimost#primaryimage"},"image":{"@id":"https:\/\/zdorovo.pl\/pl\/medimost#primaryimage"},"thumbnailUrl":"https:\/\/zdorovo.pl\/wp-content\/uploads\/elementor\/thumbs\/logo_medimost-qi7c4nl31leo6motd1n1yd1cqpfnfweup4m91nsn0c.jpg","datePublished":"2020-11-24T22:39:39+00:00","dateModified":"2026-02-24T07:44:46+00:00","breadcrumb":{"@id":"https:\/\/zdorovo.pl\/pl\/medimost#breadcrumb"},"inLanguage":"pl-PL","potentialAction":[{"@type":"ReadAction","target":["https:\/\/zdorovo.pl\/pl\/medimost"]}]},{"@type":"ImageObject","inLanguage":"pl-PL","@id":"https:\/\/zdorovo.pl\/pl\/medimost#primaryimage","url":"https:\/\/zdorovo.pl\/wp-content\/uploads\/elementor\/thumbs\/logo_medimost-qi7c4nl31leo6motd1n1yd1cqpfnfweup4m91nsn0c.jpg","contentUrl":"https:\/\/zdorovo.pl\/wp-content\/uploads\/elementor\/thumbs\/logo_medimost-qi7c4nl31leo6motd1n1yd1cqpfnfweup4m91nsn0c.jpg"},{"@type":"BreadcrumbList","@id":"https:\/\/zdorovo.pl\/pl\/medimost#breadcrumb","itemListElement":[{"@type":"ListItem","position":1,"name":"\u0413\u043e\u043b\u043e\u0432\u043d\u0430","item":"https:\/\/zdorovo.pl\/pl"},{"@type":"ListItem","position":2,"name":"Medimost"}]},{"@type":"WebSite","@id":"https:\/\/zdorovo.pl\/pl#website","url":"https:\/\/zdorovo.pl\/pl","name":"Zdorovo.pl","description":"\u041f\u0440\u043e \u043c\u0435\u0434\u0438\u0447\u043d\u0443 \u0441\u0438\u0441\u0442\u0435\u043c\u0443 \u0432 \u041f\u043e\u043b\u044c\u0449\u0456 \u0443\u043a\u0440\u0430\u0457\u043d\u0441\u044c\u043a\u043e\u044e","publisher":{"@id":"https:\/\/zdorovo.pl\/pl#organization"},"potentialAction":[{"@type":"SearchAction","target":{"@type":"EntryPoint","urlTemplate":"https:\/\/zdorovo.pl\/pl?s={search_term_string}"},"query-input":{"@type":"PropertyValueSpecification","valueRequired":true,"valueName":"search_term_string"}}],"inLanguage":"pl-PL"},{"@type":"Organization","@id":"https:\/\/zdorovo.pl\/pl#organization","name":"Zdorovo.pl","url":"https:\/\/zdorovo.pl\/pl","logo":{"@type":"ImageObject","inLanguage":"pl-PL","@id":"https:\/\/zdorovo.pl\/pl#\/schema\/logo\/image\/","url":"https:\/\/zdorovo.pl\/wp-content\/uploads\/2020\/11\/logo-48.png","contentUrl":"https:\/\/zdorovo.pl\/wp-content\/uploads\/2020\/11\/logo-48.png","width":180,"height":48,"caption":"Zdorovo.pl"},"image":{"@id":"https:\/\/zdorovo.pl\/pl#\/schema\/logo\/image\/"}}]}},"_links":{"self":[{"href":"https:\/\/zdorovo.pl\/pl\/wp-json\/wp\/v2\/pages\/11143","targetHints":{"allow":["GET"]}}],"collection":[{"href":"https:\/\/zdorovo.pl\/pl\/wp-json\/wp\/v2\/pages"}],"about":[{"href":"https:\/\/zdorovo.pl\/pl\/wp-json\/wp\/v2\/types\/page"}],"author":[{"embeddable":true,"href":"https:\/\/zdorovo.pl\/pl\/wp-json\/wp\/v2\/users\/1"}],"replies":[{"embeddable":true,"href":"https:\/\/zdorovo.pl\/pl\/wp-json\/wp\/v2\/comments?post=11143"}],"version-history":[{"count":56,"href":"https:\/\/zdorovo.pl\/pl\/wp-json\/wp\/v2\/pages\/11143\/revisions"}],"predecessor-version":[{"id":23994,"href":"https:\/\/zdorovo.pl\/pl\/wp-json\/wp\/v2\/pages\/11143\/revisions\/23994"}],"wp:attachment":[{"href":"https:\/\/zdorovo.pl\/pl\/wp-json\/wp\/v2\/media?parent=11143"}],"curies":[{"name":"wp","href":"https:\/\/api.w.org\/{rel}","templated":true}]}}