{"id":11161,"date":"2023-10-05T00:40:42","date_gmt":"2023-10-04T22:40:42","guid":{"rendered":"https:\/\/zdorovo.pl\/fond-zdorovo"},"modified":"2024-01-11T13:24:24","modified_gmt":"2024-01-11T12:24:24","slug":"fundacja-zdorovo","status":"publish","type":"page","link":"https:\/\/zdorovo.pl\/pl\/fundacja-zdorovo","title":{"rendered":"Fundacja Zdorovo"},"content":{"rendered":"\t\t<div data-elementor-type=\"wp-page\" data-elementor-id=\"11161\" class=\"elementor elementor-11161 elementor-3033\" data-elementor-post-type=\"page\">\n\t\t\t\t\t\t<section class=\"elementor-section elementor-top-section elementor-element elementor-element-17a7c3e elementor-section-height-min-height elementor-section-full_width elementor-section-height-default elementor-section-items-middle\" data-id=\"17a7c3e\" data-element_type=\"section\" data-settings=\"{&quot;background_background&quot;:&quot;gradient&quot;}\">\n\t\t\t\t\t\t<div class=\"elementor-container elementor-column-gap-default\">\n\t\t\t\t\t<div class=\"elementor-column elementor-col-100 elementor-top-column elementor-element elementor-element-97d8544\" data-id=\"97d8544\" data-element_type=\"column\">\n\t\t\t<div class=\"elementor-widget-wrap elementor-element-populated\">\n\t\t\t\t\t\t<div class=\"elementor-element elementor-element-cb5f949 elementor-widget elementor-widget-heading\" data-id=\"cb5f949\" data-element_type=\"widget\" data-widget_type=\"heading.default\">\n\t\t\t\t<div class=\"elementor-widget-container\">\n\t\t\t\t\t<h1 class=\"elementor-heading-title elementor-size-default\">Fundacja Zdorovo<\/h1>\t\t\t\t<\/div>\n\t\t\t\t<\/div>\n\t\t\t\t<div class=\"elementor-element elementor-element-bb3f67c elementor-widget elementor-widget-html\" data-id=\"bb3f67c\" data-element_type=\"widget\" data-widget_type=\"html.default\">\n\t\t\t\t<div class=\"elementor-widget-container\">\n\t\t\t\t\t<script type=\"text\/javascript\">\r\n  (function(d, w, s) {\r\n\tvar widgetHash = 'dp0s9bhcge1meytynclx', gcw = d.createElement(s); gcw.type = 'text\/javascript'; gcw.async = true;\r\n\tgcw.src = '\/\/widgets.binotel.com\/getcall\/widgets\/'+ widgetHash +'.js';\r\n\tvar sn = d.getElementsByTagName(s)[0]; sn.parentNode.insertBefore(gcw, sn);\r\n  })(document, window, 'script');\r\n<\/script> \t\t\t\t<\/div>\n\t\t\t\t<\/div>\n\t\t\t\t\t<\/div>\n\t\t<\/div>\n\t\t\t\t\t<\/div>\n\t\t<\/section>\n\t\t\t\t<section class=\"elementor-section elementor-top-section elementor-element elementor-element-7dea3c1 elementor-section-boxed elementor-section-height-default elementor-section-height-default\" data-id=\"7dea3c1\" data-element_type=\"section\">\n\t\t\t\t\t\t<div class=\"elementor-container elementor-column-gap-default\">\n\t\t\t\t\t<div class=\"elementor-column elementor-col-100 elementor-top-column elementor-element elementor-element-7b94a97\" data-id=\"7b94a97\" data-element_type=\"column\">\n\t\t\t<div class=\"elementor-widget-wrap elementor-element-populated\">\n\t\t\t\t\t\t<div class=\"elementor-element elementor-element-f68dc25 elementor-widget elementor-widget-text-editor\" data-id=\"f68dc25\" data-element_type=\"widget\" data-widget_type=\"text-editor.default\">\n\t\t\t\t<div class=\"elementor-widget-container\">\n\t\t\t\t\t\t\t\t\t<p style=\"text-align: left;\"><span style=\"font-weight: 400;\">Fundacja Zdorovo jest partnerem spo\u0142ecznym eko-systemu, \u0142\u0105cz\u0105cym pracownik\u00f3w medycznych i pacjent\u00f3w pochodz\u0105cych z Europy Wschodniej z polskimi plac\u00f3wkami medycznymi.<\/span><\/p><p style=\"text-align: left;\">\u00a0<\/p><p style=\"text-align: left;\"><span style=\"font-weight: 400;\">Celem Fundacji jest wsparcie pacjent\u00f3w z Europy Wschodniej, szczeg\u00f3lnie uchod\u017ac\u00f3w wojennych z Ukrainy, w efektywnym korzystaniu z us\u0142ug medycznych w Polsce.\u00a0<\/span><\/p><p style=\"text-align: left;\"><span style=\"font-weight: 400;\">Fundacja Zdorovo wspomaga:\u00a0<\/span><\/p><p style=\"text-align: left;\">\u00a0<\/p><ul style=\"text-align: left;\"><li><span style=\"font-weight: 400;\">informacyjnie (informacja o dost\u0119pnych lekarzach, badaniach, leczeniu oraz innych dost\u0119pnych us\u0142ugach prozdrowotnych);<\/span><\/li><li><span style=\"font-weight: 400;\">edukacyjnie (promuje proaktywn\u0105 i naturaln\u0105 postaw\u0119 dbania o zdrowie, informuje na temat mo\u017cliwo\u015bci skorzystania z bezp\u0142atnych us\u0142ug medycznych w ramach Narodowego Funduszu Zdrowia, prowadzi warsztaty edukacyjne z lekarzami i ekspertami, tworzy i publikuje materia\u0142y edukacyjne na temat medycyny oraz zdrowia);<\/span><\/li><li><span style=\"font-weight: 400;\">warsztatowo (prowadzi zaj\u0119cia aroma-terapii, art-terapii, itp.);<\/span><\/li><li><span style=\"font-weight: 400;\">w powrocie do sprawno\u015bci (organizuje i koordynuje procesy protezowania oraz rehabilitacji os\u00f3b chorych lub poszkodowanych przez wojn\u0119 w Ukrainie).<\/span><\/li><\/ul><p style=\"text-align: left;\">\u00a0<\/p><p style=\"text-align: left;\"><span style=\"font-weight: 400;\">Fundacja Zdorovo powsta\u0142a w 2023 roku. Swoj\u0105 dzia\u0142alno\u015b\u0107 statutow\u0105 realizowa\u0142a mi\u0119dzy innymi w lubelskich miejscach przyjaznych migrant\u00f3w oraz uchod\u017acom &#8211; Baobabie i Spilno.<\/span><\/p>\t\t\t\t\t\t\t\t<\/div>\n\t\t\t\t<\/div>\n\t\t\t\t\t<\/div>\n\t\t<\/div>\n\t\t\t\t\t<\/div>\n\t\t<\/section>\n\t\t\t\t<\/div>\n\t\t","protected":false},"excerpt":{"rendered":"<p>Fundacja Zdorovo jest partnerem spo\u0142ecznym eko-systemu, \u0142\u0105cz\u0105cym pracownik\u00f3w medycznych i pacjent\u00f3w pochodz\u0105cych z Europy Wschodniej z polskimi plac\u00f3wkami medycznymi. \u00a0 Celem Fundacji jest wsparcie pacjent\u00f3w z Europy Wschodniej, szczeg\u00f3lnie uchod\u017ac\u00f3w wojennych z Ukrainy, w efektywnym korzystaniu z us\u0142ug medycznych w Polsce.\u00a0 Fundacja Zdorovo wspomaga:\u00a0 \u00a0 informacyjnie (informacja o dost\u0119pnych lekarzach, badaniach, leczeniu oraz innych dost\u0119pnych&hellip;<\/p>\n","protected":false},"author":1,"featured_media":0,"parent":0,"menu_order":0,"comment_status":"closed","ping_status":"closed","template":"elementor_header_footer","meta":{"_acf_changed":false,"footnotes":""},"class_list":["post-11161","page","type-page","status-publish","hentry"],"acf":[],"yoast_head":"<!-- This site is optimized with the Yoast SEO Premium plugin v22.4 (Yoast SEO v24.4) - https:\/\/yoast.com\/wordpress\/plugins\/seo\/ -->\n<title>Fundacja Zdorovo - Zdorovo.pl<\/title>\n<meta name=\"robots\" content=\"index, follow, max-snippet:-1, max-image-preview:large, max-video-preview:-1\" \/>\n<link rel=\"canonical\" href=\"https:\/\/zdorovo.pl\/pl\/fundacja-zdorovo\" \/>\n<meta property=\"og:locale\" content=\"pl_PL\" \/>\n<meta property=\"og:type\" content=\"article\" \/>\n<meta property=\"og:title\" content=\"Fundacja Zdorovo\" \/>\n<meta property=\"og:description\" content=\"Fundacja Zdorovo jest partnerem spo\u0142ecznym eko-systemu, \u0142\u0105cz\u0105cym pracownik\u00f3w medycznych i pacjent\u00f3w pochodz\u0105cych z Europy Wschodniej z polskimi plac\u00f3wkami medycznymi. \u00a0 Celem Fundacji jest wsparcie pacjent\u00f3w z Europy Wschodniej, szczeg\u00f3lnie uchod\u017ac\u00f3w wojennych z Ukrainy, w efektywnym korzystaniu z us\u0142ug medycznych w Polsce.\u00a0 Fundacja Zdorovo wspomaga:\u00a0 \u00a0 informacyjnie (informacja o dost\u0119pnych lekarzach, badaniach, leczeniu oraz innych dost\u0119pnych&hellip;\" \/>\n<meta property=\"og:url\" content=\"https:\/\/zdorovo.pl\/pl\/fundacja-zdorovo\" \/>\n<meta property=\"og:site_name\" content=\"Zdorovo.pl\" \/>\n<meta property=\"article:modified_time\" content=\"2024-01-11T12:24:24+00:00\" \/>\n<meta name=\"twitter:card\" content=\"summary_large_image\" \/>\n<meta name=\"twitter:label1\" content=\"Szacowany czas czytania\" \/>\n\t<meta name=\"twitter:data1\" content=\"1 minuta\" \/>\n<script type=\"application\/ld+json\" class=\"yoast-schema-graph\">{\"@context\":\"https:\/\/schema.org\",\"@graph\":[{\"@type\":\"WebPage\",\"@id\":\"https:\/\/zdorovo.pl\/pl\/fundacja-zdorovo\",\"url\":\"https:\/\/zdorovo.pl\/pl\/fundacja-zdorovo\",\"name\":\"Fundacja Zdorovo - Zdorovo.pl\",\"isPartOf\":{\"@id\":\"https:\/\/zdorovo.pl\/pl#website\"},\"datePublished\":\"2023-10-04T22:40:42+00:00\",\"dateModified\":\"2024-01-11T12:24:24+00:00\",\"breadcrumb\":{\"@id\":\"https:\/\/zdorovo.pl\/pl\/fundacja-zdorovo#breadcrumb\"},\"inLanguage\":\"pl-PL\",\"potentialAction\":[{\"@type\":\"ReadAction\",\"target\":[\"https:\/\/zdorovo.pl\/pl\/fundacja-zdorovo\"]}]},{\"@type\":\"BreadcrumbList\",\"@id\":\"https:\/\/zdorovo.pl\/pl\/fundacja-zdorovo#breadcrumb\",\"itemListElement\":[{\"@type\":\"ListItem\",\"position\":1,\"name\":\"\u0413\u043e\u043b\u043e\u0432\u043d\u0430\",\"item\":\"https:\/\/zdorovo.pl\/pl\"},{\"@type\":\"ListItem\",\"position\":2,\"name\":\"Fundacja Zdorovo\"}]},{\"@type\":\"WebSite\",\"@id\":\"https:\/\/zdorovo.pl\/pl#website\",\"url\":\"https:\/\/zdorovo.pl\/pl\",\"name\":\"Zdorovo.pl\",\"description\":\"\u041f\u0440\u043e \u043c\u0435\u0434\u0438\u0447\u043d\u0443 \u0441\u0438\u0441\u0442\u0435\u043c\u0443 \u0432 \u041f\u043e\u043b\u044c\u0449\u0456 \u0443\u043a\u0440\u0430\u0457\u043d\u0441\u044c\u043a\u043e\u044e\",\"publisher\":{\"@id\":\"https:\/\/zdorovo.pl\/pl#organization\"},\"potentialAction\":[{\"@type\":\"SearchAction\",\"target\":{\"@type\":\"EntryPoint\",\"urlTemplate\":\"https:\/\/zdorovo.pl\/pl?s={search_term_string}\"},\"query-input\":{\"@type\":\"PropertyValueSpecification\",\"valueRequired\":true,\"valueName\":\"search_term_string\"}}],\"inLanguage\":\"pl-PL\"},{\"@type\":\"Organization\",\"@id\":\"https:\/\/zdorovo.pl\/pl#organization\",\"name\":\"Zdorovo.pl\",\"url\":\"https:\/\/zdorovo.pl\/pl\",\"logo\":{\"@type\":\"ImageObject\",\"inLanguage\":\"pl-PL\",\"@id\":\"https:\/\/zdorovo.pl\/pl#\/schema\/logo\/image\/\",\"url\":\"https:\/\/zdorovo.pl\/wp-content\/uploads\/2020\/11\/logo-48.png\",\"contentUrl\":\"https:\/\/zdorovo.pl\/wp-content\/uploads\/2020\/11\/logo-48.png\",\"width\":180,\"height\":48,\"caption\":\"Zdorovo.pl\"},\"image\":{\"@id\":\"https:\/\/zdorovo.pl\/pl#\/schema\/logo\/image\/\"}}]}<\/script>\n<!-- \/ Yoast SEO Premium plugin. -->","yoast_head_json":{"title":"Fundacja Zdorovo - Zdorovo.pl","robots":{"index":"index","follow":"follow","max-snippet":"max-snippet:-1","max-image-preview":"max-image-preview:large","max-video-preview":"max-video-preview:-1"},"canonical":"https:\/\/zdorovo.pl\/pl\/fundacja-zdorovo","og_locale":"pl_PL","og_type":"article","og_title":"Fundacja Zdorovo","og_description":"Fundacja Zdorovo jest partnerem spo\u0142ecznym eko-systemu, \u0142\u0105cz\u0105cym pracownik\u00f3w medycznych i pacjent\u00f3w pochodz\u0105cych z Europy Wschodniej z polskimi plac\u00f3wkami medycznymi. \u00a0 Celem Fundacji jest wsparcie pacjent\u00f3w z Europy Wschodniej, szczeg\u00f3lnie uchod\u017ac\u00f3w wojennych z Ukrainy, w efektywnym korzystaniu z us\u0142ug medycznych w Polsce.\u00a0 Fundacja Zdorovo wspomaga:\u00a0 \u00a0 informacyjnie (informacja o dost\u0119pnych lekarzach, badaniach, leczeniu oraz innych dost\u0119pnych&hellip;","og_url":"https:\/\/zdorovo.pl\/pl\/fundacja-zdorovo","og_site_name":"Zdorovo.pl","article_modified_time":"2024-01-11T12:24:24+00:00","twitter_card":"summary_large_image","twitter_misc":{"Szacowany czas czytania":"1 minuta"},"schema":{"@context":"https:\/\/schema.org","@graph":[{"@type":"WebPage","@id":"https:\/\/zdorovo.pl\/pl\/fundacja-zdorovo","url":"https:\/\/zdorovo.pl\/pl\/fundacja-zdorovo","name":"Fundacja Zdorovo - Zdorovo.pl","isPartOf":{"@id":"https:\/\/zdorovo.pl\/pl#website"},"datePublished":"2023-10-04T22:40:42+00:00","dateModified":"2024-01-11T12:24:24+00:00","breadcrumb":{"@id":"https:\/\/zdorovo.pl\/pl\/fundacja-zdorovo#breadcrumb"},"inLanguage":"pl-PL","potentialAction":[{"@type":"ReadAction","target":["https:\/\/zdorovo.pl\/pl\/fundacja-zdorovo"]}]},{"@type":"BreadcrumbList","@id":"https:\/\/zdorovo.pl\/pl\/fundacja-zdorovo#breadcrumb","itemListElement":[{"@type":"ListItem","position":1,"name":"\u0413\u043e\u043b\u043e\u0432\u043d\u0430","item":"https:\/\/zdorovo.pl\/pl"},{"@type":"ListItem","position":2,"name":"Fundacja Zdorovo"}]},{"@type":"WebSite","@id":"https:\/\/zdorovo.pl\/pl#website","url":"https:\/\/zdorovo.pl\/pl","name":"Zdorovo.pl","description":"\u041f\u0440\u043e \u043c\u0435\u0434\u0438\u0447\u043d\u0443 \u0441\u0438\u0441\u0442\u0435\u043c\u0443 \u0432 \u041f\u043e\u043b\u044c\u0449\u0456 \u0443\u043a\u0440\u0430\u0457\u043d\u0441\u044c\u043a\u043e\u044e","publisher":{"@id":"https:\/\/zdorovo.pl\/pl#organization"},"potentialAction":[{"@type":"SearchAction","target":{"@type":"EntryPoint","urlTemplate":"https:\/\/zdorovo.pl\/pl?s={search_term_string}"},"query-input":{"@type":"PropertyValueSpecification","valueRequired":true,"valueName":"search_term_string"}}],"inLanguage":"pl-PL"},{"@type":"Organization","@id":"https:\/\/zdorovo.pl\/pl#organization","name":"Zdorovo.pl","url":"https:\/\/zdorovo.pl\/pl","logo":{"@type":"ImageObject","inLanguage":"pl-PL","@id":"https:\/\/zdorovo.pl\/pl#\/schema\/logo\/image\/","url":"https:\/\/zdorovo.pl\/wp-content\/uploads\/2020\/11\/logo-48.png","contentUrl":"https:\/\/zdorovo.pl\/wp-content\/uploads\/2020\/11\/logo-48.png","width":180,"height":48,"caption":"Zdorovo.pl"},"image":{"@id":"https:\/\/zdorovo.pl\/pl#\/schema\/logo\/image\/"}}]}},"_links":{"self":[{"href":"https:\/\/zdorovo.pl\/pl\/wp-json\/wp\/v2\/pages\/11161","targetHints":{"allow":["GET"]}}],"collection":[{"href":"https:\/\/zdorovo.pl\/pl\/wp-json\/wp\/v2\/pages"}],"about":[{"href":"https:\/\/zdorovo.pl\/pl\/wp-json\/wp\/v2\/types\/page"}],"author":[{"embeddable":true,"href":"https:\/\/zdorovo.pl\/pl\/wp-json\/wp\/v2\/users\/1"}],"replies":[{"embeddable":true,"href":"https:\/\/zdorovo.pl\/pl\/wp-json\/wp\/v2\/comments?post=11161"}],"version-history":[{"count":4,"href":"https:\/\/zdorovo.pl\/pl\/wp-json\/wp\/v2\/pages\/11161\/revisions"}],"predecessor-version":[{"id":11184,"href":"https:\/\/zdorovo.pl\/pl\/wp-json\/wp\/v2\/pages\/11161\/revisions\/11184"}],"wp:attachment":[{"href":"https:\/\/zdorovo.pl\/pl\/wp-json\/wp\/v2\/media?parent=11161"}],"curies":[{"name":"wp","href":"https:\/\/api.w.org\/{rel}","templated":true}]}}