{"id":12007,"date":"2024-01-24T11:36:18","date_gmt":"2024-01-24T10:36:18","guid":{"rendered":"https:\/\/zdorovo.pl\/zaproszenie-do-dolaczenia-do-portalu"},"modified":"2024-07-31T16:56:20","modified_gmt":"2024-07-31T14:56:20","slug":"o-projekcie-grantowym-ue","status":"publish","type":"page","link":"https:\/\/zdorovo.pl\/pl\/o-projekcie-grantowym-ue","title":{"rendered":"O projekcie grantowym UE"},"content":{"rendered":"\t\t<div data-elementor-type=\"wp-page\" data-elementor-id=\"12007\" class=\"elementor elementor-12007 elementor-12006\" data-elementor-post-type=\"page\">\n\t\t\t\t\t\t<section class=\"elementor-section elementor-top-section elementor-element elementor-element-17a7c3e elementor-section-height-min-height elementor-section-full_width elementor-section-height-default elementor-section-items-middle\" data-id=\"17a7c3e\" data-element_type=\"section\" data-settings=\"{&quot;background_background&quot;:&quot;gradient&quot;}\">\n\t\t\t\t\t\t<div class=\"elementor-container elementor-column-gap-default\">\n\t\t\t\t\t<div class=\"elementor-column elementor-col-100 elementor-top-column elementor-element elementor-element-97d8544\" data-id=\"97d8544\" data-element_type=\"column\">\n\t\t\t<div class=\"elementor-widget-wrap elementor-element-populated\">\n\t\t\t\t\t\t<div class=\"elementor-element elementor-element-cb5f949 elementor-widget elementor-widget-heading\" data-id=\"cb5f949\" data-element_type=\"widget\" data-widget_type=\"heading.default\">\n\t\t\t\t<div class=\"elementor-widget-container\">\n\t\t\t\t\t<h1 class=\"elementor-heading-title elementor-size-default\">O projekcie grantowym UE<\/h1>\t\t\t\t<\/div>\n\t\t\t\t<\/div>\n\t\t\t\t<div class=\"elementor-element elementor-element-bb3f67c elementor-widget elementor-widget-html\" data-id=\"bb3f67c\" data-element_type=\"widget\" data-widget_type=\"html.default\">\n\t\t\t\t<div class=\"elementor-widget-container\">\n\t\t\t\t\t<script type=\"text\/javascript\">\r\n  (function(d, w, s) {\r\n\tvar widgetHash = 'dp0s9bhcge1meytynclx', gcw = d.createElement(s); gcw.type = 'text\/javascript'; gcw.async = true;\r\n\tgcw.src = '\/\/widgets.binotel.com\/getcall\/widgets\/'+ widgetHash +'.js';\r\n\tvar sn = d.getElementsByTagName(s)[0]; sn.parentNode.insertBefore(gcw, sn);\r\n  })(document, window, 'script');\r\n<\/script> \t\t\t\t<\/div>\n\t\t\t\t<\/div>\n\t\t\t\t\t<\/div>\n\t\t<\/div>\n\t\t\t\t\t<\/div>\n\t\t<\/section>\n\t\t\t\t<section class=\"elementor-section elementor-top-section elementor-element elementor-element-2dce5a0 elementor-section-boxed elementor-section-height-default elementor-section-height-default\" data-id=\"2dce5a0\" data-element_type=\"section\">\n\t\t\t\t\t\t<div class=\"elementor-container elementor-column-gap-default\">\n\t\t\t\t\t<div class=\"elementor-column elementor-col-100 elementor-top-column elementor-element elementor-element-fc17a55\" data-id=\"fc17a55\" data-element_type=\"column\">\n\t\t\t<div class=\"elementor-widget-wrap elementor-element-populated\">\n\t\t\t\t\t\t<div class=\"elementor-element elementor-element-7b72963 elementor-widget elementor-widget-heading\" data-id=\"7b72963\" data-element_type=\"widget\" data-widget_type=\"heading.default\">\n\t\t\t\t<div class=\"elementor-widget-container\">\n\t\t\t\t\t<h2 class=\"elementor-heading-title elementor-size-default\">Sp\u00f3\u0142ka MEDIMOST realizuje projekt:\nZdorovo.pl - us\u0142uga integracji z polskim systemem opieki zdrowotnej migrant\u00f3w z Europy Wschodniej.\n<\/h2>\t\t\t\t<\/div>\n\t\t\t\t<\/div>\n\t\t\t\t\t<\/div>\n\t\t<\/div>\n\t\t\t\t\t<\/div>\n\t\t<\/section>\n\t\t\t\t<section class=\"elementor-section elementor-top-section elementor-element elementor-element-7dea3c1 elementor-section-boxed elementor-section-height-default elementor-section-height-default\" data-id=\"7dea3c1\" data-element_type=\"section\">\n\t\t\t\t\t\t<div class=\"elementor-container elementor-column-gap-default\">\n\t\t\t\t\t<div class=\"elementor-column elementor-col-100 elementor-top-column elementor-element elementor-element-7b94a97\" data-id=\"7b94a97\" data-element_type=\"column\">\n\t\t\t<div class=\"elementor-widget-wrap elementor-element-populated\">\n\t\t\t\t\t\t<div class=\"elementor-element elementor-element-f68dc25 elementor-widget__width-initial elementor-widget elementor-widget-text-editor\" data-id=\"f68dc25\" data-element_type=\"widget\" data-widget_type=\"text-editor.default\">\n\t\t\t\t<div class=\"elementor-widget-container\">\n\t\t\t\t\t\t\t\t\t<p><span style=\"font-weight: 400;\">Celem projektu jest stworzenie rentownego i maksymalnie zautomatyzowanego procesu biznesowego poprzez wprowadzenie na rynek us\u0142ugi skierowanej do pacjent\u00f3w oraz wykwalifikowanego personelu medycznego z Europy Wschodniej, polegaj\u0105cej na zintegrowaniu ich z polskim systemem opieki zdrowotnej.\u00a0<\/span><\/p><p>\u00a0<\/p><p><span style=\"font-weight: 400;\">Us\u0142uga b\u0119dzie kompleksowa, realizowana wielokana\u0142owo w j\u0119zyku ukrai\u0144skim, rosyjskim i polskim w ramach zautomatyzowanego systemu obs\u0142ugi ICT opartego o serwis www.zdorovo.pl oraz chat-boty, mo\u017cliwej do rozliczenia z ubezpieczenia w NFZ lub komercyjnie.<\/span><\/p><p>\u00a0<\/p><p><span style=\"font-weight: 400;\">Proponowana us\u0142uga b\u0119dzie kompleksowa, zautomatyzowana i \u015bwiadczona w trzech j\u0119zykach: rosyjskim, ukrai\u0144skim i polskim, kt\u00f3re to trzy cechy powoduj\u0105, \u017ce jest to rozwi\u0105zanie innowacyjne na polskim rynku. Us\u0142uga dedykowana jest dw\u00f3m kategoriom klient\u00f3w \u2013 indywidualnym (pacjentom i personelowi medycznemu) oraz biznesowym (plac\u00f3wki medyczne, sieci aptek, lekarze prowadz\u0105cy prywatn\u0105 praktyk\u0119, operatorzy ubezpieczeniowi, agencje pracy i pracodawcy, operatorzy us\u0142ug transgranicznych).<\/span><\/p><p>\u00a0<\/p><p><span style=\"font-weight: 400;\">Do wdro\u017cenia innowacyjnej us\u0142ugi na rynek w ramach projektu przewidziano nast\u0119puj\u0105ce dzia\u0142ania:<\/span><\/p><ul><li style=\"font-weight: 400;\" aria-level=\"1\"><span style=\"font-weight: 400;\">Zaprojektowanie i wdro\u017cenie systemu Zdorovo.pl;<\/span><\/li><li style=\"font-weight: 400;\" aria-level=\"1\"><span style=\"font-weight: 400;\">Prace programistyczne po stronie backend i frontend systemu Zdorovo.pl wraz z testami systemu;<\/span><\/li><li style=\"font-weight: 400;\" aria-level=\"1\"><span style=\"font-weight: 400;\">Skalowanie dzia\u0142alno\u015bci systemu;<\/span><\/li><li style=\"font-weight: 400;\" aria-level=\"1\"><span style=\"font-weight: 400;\">Dzia\u0142ania informacyjno-promocyjne.<\/span><\/li><\/ul><p>\u00a0<\/p><p><span style=\"font-weight: 400;\">W efekcie wdro\u017cona zostanie na polski rynek innowacja produktowa pozwalaj\u0105ca Medimost Sp\u00f3\u0142ka z o. o. zwi\u0119kszy\u0107 zatrudnienie oraz osi\u0105ga\u0107 przychody z dzia\u0142alno\u015bci.<\/span><\/p><p>\u00a0<\/p><p>Warto\u015b\u0107 og\u00f3\u0142em projektu: 1 242 852,84 <span style=\"font-weight: 400;\">PLN<\/span><br \/>Warto\u015b\u0107 wydatk\u00f3w kwalifikowalnych: 1 115 700,00 <span style=\"font-weight: 400;\">PLN<\/span><br \/>Warto\u015b\u0107 dofinansowania: 948 345,00 <span style=\"font-weight: 400;\">PLN<\/span><\/p>\t\t\t\t\t\t\t\t<\/div>\n\t\t\t\t<\/div>\n\t\t\t\t\t<\/div>\n\t\t<\/div>\n\t\t\t\t\t<\/div>\n\t\t<\/section>\n\t\t\t\t<\/div>\n\t\t","protected":false},"excerpt":{"rendered":"<p>Sp\u00f3\u0142ka MEDIMOST realizuje projekt: Zdorovo.pl &#8211; us\u0142uga integracji z polskim systemem opieki zdrowotnej migrant\u00f3w z Europy Wschodniej. Celem projektu jest stworzenie rentownego i maksymalnie zautomatyzowanego procesu biznesowego poprzez wprowadzenie na rynek us\u0142ugi skierowanej do pacjent\u00f3w oraz wykwalifikowanego personelu medycznego z Europy Wschodniej, polegaj\u0105cej na zintegrowaniu ich z polskim systemem opieki zdrowotnej.\u00a0 \u00a0 Us\u0142uga b\u0119dzie kompleksowa,&hellip;<\/p>\n","protected":false},"author":5,"featured_media":0,"parent":0,"menu_order":0,"comment_status":"closed","ping_status":"closed","template":"elementor_header_footer","meta":{"_acf_changed":false,"footnotes":""},"class_list":["post-12007","page","type-page","status-publish","hentry"],"acf":[],"yoast_head":"<!-- This site is optimized with the Yoast SEO Premium plugin v22.4 (Yoast SEO v24.4) - https:\/\/yoast.com\/wordpress\/plugins\/seo\/ -->\n<title>O projekcie grantowym UE - Zdorovo.pl<\/title>\n<meta name=\"robots\" content=\"index, follow, max-snippet:-1, max-image-preview:large, max-video-preview:-1\" \/>\n<link rel=\"canonical\" href=\"https:\/\/zdorovo.pl\/pl\/o-projekcie-grantowym-ue\" \/>\n<meta property=\"og:locale\" content=\"pl_PL\" \/>\n<meta property=\"og:type\" content=\"article\" \/>\n<meta property=\"og:title\" content=\"O projekcie grantowym UE\" \/>\n<meta property=\"og:description\" content=\"Sp\u00f3\u0142ka MEDIMOST realizuje projekt: Zdorovo.pl &#8211; us\u0142uga integracji z polskim systemem opieki zdrowotnej migrant\u00f3w z Europy Wschodniej. Celem projektu jest stworzenie rentownego i maksymalnie zautomatyzowanego procesu biznesowego poprzez wprowadzenie na rynek us\u0142ugi skierowanej do pacjent\u00f3w oraz wykwalifikowanego personelu medycznego z Europy Wschodniej, polegaj\u0105cej na zintegrowaniu ich z polskim systemem opieki zdrowotnej.\u00a0 \u00a0 Us\u0142uga b\u0119dzie kompleksowa,&hellip;\" \/>\n<meta property=\"og:url\" content=\"https:\/\/zdorovo.pl\/pl\/o-projekcie-grantowym-ue\" \/>\n<meta property=\"og:site_name\" content=\"Zdorovo.pl\" \/>\n<meta property=\"article:modified_time\" content=\"2024-07-31T14:56:20+00:00\" \/>\n<meta name=\"twitter:card\" content=\"summary_large_image\" \/>\n<meta name=\"twitter:label1\" content=\"Szacowany czas czytania\" \/>\n\t<meta name=\"twitter:data1\" content=\"2 minuty\" \/>\n<script type=\"application\/ld+json\" class=\"yoast-schema-graph\">{\"@context\":\"https:\/\/schema.org\",\"@graph\":[{\"@type\":\"WebPage\",\"@id\":\"https:\/\/zdorovo.pl\/pl\/o-projekcie-grantowym-ue\",\"url\":\"https:\/\/zdorovo.pl\/pl\/o-projekcie-grantowym-ue\",\"name\":\"O projekcie grantowym UE - Zdorovo.pl\",\"isPartOf\":{\"@id\":\"https:\/\/zdorovo.pl\/pl#website\"},\"datePublished\":\"2024-01-24T10:36:18+00:00\",\"dateModified\":\"2024-07-31T14:56:20+00:00\",\"breadcrumb\":{\"@id\":\"https:\/\/zdorovo.pl\/pl\/o-projekcie-grantowym-ue#breadcrumb\"},\"inLanguage\":\"pl-PL\",\"potentialAction\":[{\"@type\":\"ReadAction\",\"target\":[\"https:\/\/zdorovo.pl\/pl\/o-projekcie-grantowym-ue\"]}]},{\"@type\":\"BreadcrumbList\",\"@id\":\"https:\/\/zdorovo.pl\/pl\/o-projekcie-grantowym-ue#breadcrumb\",\"itemListElement\":[{\"@type\":\"ListItem\",\"position\":1,\"name\":\"\u0413\u043e\u043b\u043e\u0432\u043d\u0430\",\"item\":\"https:\/\/zdorovo.pl\/pl\"},{\"@type\":\"ListItem\",\"position\":2,\"name\":\"O projekcie grantowym UE\"}]},{\"@type\":\"WebSite\",\"@id\":\"https:\/\/zdorovo.pl\/pl#website\",\"url\":\"https:\/\/zdorovo.pl\/pl\",\"name\":\"Zdorovo.pl\",\"description\":\"\u041f\u0440\u043e \u043c\u0435\u0434\u0438\u0447\u043d\u0443 \u0441\u0438\u0441\u0442\u0435\u043c\u0443 \u0432 \u041f\u043e\u043b\u044c\u0449\u0456 \u0443\u043a\u0440\u0430\u0457\u043d\u0441\u044c\u043a\u043e\u044e\",\"publisher\":{\"@id\":\"https:\/\/zdorovo.pl\/pl#organization\"},\"potentialAction\":[{\"@type\":\"SearchAction\",\"target\":{\"@type\":\"EntryPoint\",\"urlTemplate\":\"https:\/\/zdorovo.pl\/pl?s={search_term_string}\"},\"query-input\":{\"@type\":\"PropertyValueSpecification\",\"valueRequired\":true,\"valueName\":\"search_term_string\"}}],\"inLanguage\":\"pl-PL\"},{\"@type\":\"Organization\",\"@id\":\"https:\/\/zdorovo.pl\/pl#organization\",\"name\":\"Zdorovo.pl\",\"url\":\"https:\/\/zdorovo.pl\/pl\",\"logo\":{\"@type\":\"ImageObject\",\"inLanguage\":\"pl-PL\",\"@id\":\"https:\/\/zdorovo.pl\/pl#\/schema\/logo\/image\/\",\"url\":\"https:\/\/zdorovo.pl\/wp-content\/uploads\/2020\/11\/logo-48.png\",\"contentUrl\":\"https:\/\/zdorovo.pl\/wp-content\/uploads\/2020\/11\/logo-48.png\",\"width\":180,\"height\":48,\"caption\":\"Zdorovo.pl\"},\"image\":{\"@id\":\"https:\/\/zdorovo.pl\/pl#\/schema\/logo\/image\/\"}}]}<\/script>\n<!-- \/ Yoast SEO Premium plugin. -->","yoast_head_json":{"title":"O projekcie grantowym UE - Zdorovo.pl","robots":{"index":"index","follow":"follow","max-snippet":"max-snippet:-1","max-image-preview":"max-image-preview:large","max-video-preview":"max-video-preview:-1"},"canonical":"https:\/\/zdorovo.pl\/pl\/o-projekcie-grantowym-ue","og_locale":"pl_PL","og_type":"article","og_title":"O projekcie grantowym UE","og_description":"Sp\u00f3\u0142ka MEDIMOST realizuje projekt: Zdorovo.pl &#8211; us\u0142uga integracji z polskim systemem opieki zdrowotnej migrant\u00f3w z Europy Wschodniej. Celem projektu jest stworzenie rentownego i maksymalnie zautomatyzowanego procesu biznesowego poprzez wprowadzenie na rynek us\u0142ugi skierowanej do pacjent\u00f3w oraz wykwalifikowanego personelu medycznego z Europy Wschodniej, polegaj\u0105cej na zintegrowaniu ich z polskim systemem opieki zdrowotnej.\u00a0 \u00a0 Us\u0142uga b\u0119dzie kompleksowa,&hellip;","og_url":"https:\/\/zdorovo.pl\/pl\/o-projekcie-grantowym-ue","og_site_name":"Zdorovo.pl","article_modified_time":"2024-07-31T14:56:20+00:00","twitter_card":"summary_large_image","twitter_misc":{"Szacowany czas czytania":"2 minuty"},"schema":{"@context":"https:\/\/schema.org","@graph":[{"@type":"WebPage","@id":"https:\/\/zdorovo.pl\/pl\/o-projekcie-grantowym-ue","url":"https:\/\/zdorovo.pl\/pl\/o-projekcie-grantowym-ue","name":"O projekcie grantowym UE - Zdorovo.pl","isPartOf":{"@id":"https:\/\/zdorovo.pl\/pl#website"},"datePublished":"2024-01-24T10:36:18+00:00","dateModified":"2024-07-31T14:56:20+00:00","breadcrumb":{"@id":"https:\/\/zdorovo.pl\/pl\/o-projekcie-grantowym-ue#breadcrumb"},"inLanguage":"pl-PL","potentialAction":[{"@type":"ReadAction","target":["https:\/\/zdorovo.pl\/pl\/o-projekcie-grantowym-ue"]}]},{"@type":"BreadcrumbList","@id":"https:\/\/zdorovo.pl\/pl\/o-projekcie-grantowym-ue#breadcrumb","itemListElement":[{"@type":"ListItem","position":1,"name":"\u0413\u043e\u043b\u043e\u0432\u043d\u0430","item":"https:\/\/zdorovo.pl\/pl"},{"@type":"ListItem","position":2,"name":"O projekcie grantowym UE"}]},{"@type":"WebSite","@id":"https:\/\/zdorovo.pl\/pl#website","url":"https:\/\/zdorovo.pl\/pl","name":"Zdorovo.pl","description":"\u041f\u0440\u043e \u043c\u0435\u0434\u0438\u0447\u043d\u0443 \u0441\u0438\u0441\u0442\u0435\u043c\u0443 \u0432 \u041f\u043e\u043b\u044c\u0449\u0456 \u0443\u043a\u0440\u0430\u0457\u043d\u0441\u044c\u043a\u043e\u044e","publisher":{"@id":"https:\/\/zdorovo.pl\/pl#organization"},"potentialAction":[{"@type":"SearchAction","target":{"@type":"EntryPoint","urlTemplate":"https:\/\/zdorovo.pl\/pl?s={search_term_string}"},"query-input":{"@type":"PropertyValueSpecification","valueRequired":true,"valueName":"search_term_string"}}],"inLanguage":"pl-PL"},{"@type":"Organization","@id":"https:\/\/zdorovo.pl\/pl#organization","name":"Zdorovo.pl","url":"https:\/\/zdorovo.pl\/pl","logo":{"@type":"ImageObject","inLanguage":"pl-PL","@id":"https:\/\/zdorovo.pl\/pl#\/schema\/logo\/image\/","url":"https:\/\/zdorovo.pl\/wp-content\/uploads\/2020\/11\/logo-48.png","contentUrl":"https:\/\/zdorovo.pl\/wp-content\/uploads\/2020\/11\/logo-48.png","width":180,"height":48,"caption":"Zdorovo.pl"},"image":{"@id":"https:\/\/zdorovo.pl\/pl#\/schema\/logo\/image\/"}}]}},"_links":{"self":[{"href":"https:\/\/zdorovo.pl\/pl\/wp-json\/wp\/v2\/pages\/12007","targetHints":{"allow":["GET"]}}],"collection":[{"href":"https:\/\/zdorovo.pl\/pl\/wp-json\/wp\/v2\/pages"}],"about":[{"href":"https:\/\/zdorovo.pl\/pl\/wp-json\/wp\/v2\/types\/page"}],"author":[{"embeddable":true,"href":"https:\/\/zdorovo.pl\/pl\/wp-json\/wp\/v2\/users\/5"}],"replies":[{"embeddable":true,"href":"https:\/\/zdorovo.pl\/pl\/wp-json\/wp\/v2\/comments?post=12007"}],"version-history":[{"count":7,"href":"https:\/\/zdorovo.pl\/pl\/wp-json\/wp\/v2\/pages\/12007\/revisions"}],"predecessor-version":[{"id":15659,"href":"https:\/\/zdorovo.pl\/pl\/wp-json\/wp\/v2\/pages\/12007\/revisions\/15659"}],"wp:attachment":[{"href":"https:\/\/zdorovo.pl\/pl\/wp-json\/wp\/v2\/media?parent=12007"}],"curies":[{"name":"wp","href":"https:\/\/api.w.org\/{rel}","templated":true}]}}