{"id":2971,"date":"2023-10-05T00:07:54","date_gmt":"2023-10-04T22:07:54","guid":{"rendered":"https:\/\/zdorovo.pl\/?page_id=2971"},"modified":"2024-01-18T22:31:44","modified_gmt":"2024-01-18T21:31:44","slug":"o-nas","status":"publish","type":"page","link":"https:\/\/zdorovo.pl\/pl\/o-nas","title":{"rendered":"O nas"},"content":{"rendered":"\t\t<div data-elementor-type=\"wp-page\" data-elementor-id=\"2971\" class=\"elementor elementor-2971 elementor-2966\" data-elementor-post-type=\"page\">\n\t\t\t\t\t\t<section class=\"elementor-section elementor-top-section elementor-element elementor-element-eaf00a0 elementor-section-height-min-height elementor-section-full_width elementor-section-height-default elementor-section-items-middle\" data-id=\"eaf00a0\" data-element_type=\"section\" data-settings=\"{&quot;background_background&quot;:&quot;gradient&quot;}\">\n\t\t\t\t\t\t<div class=\"elementor-container elementor-column-gap-default\">\n\t\t\t\t\t<div class=\"elementor-column elementor-col-100 elementor-top-column elementor-element elementor-element-acd79ea\" data-id=\"acd79ea\" data-element_type=\"column\">\n\t\t\t<div class=\"elementor-widget-wrap elementor-element-populated\">\n\t\t\t\t\t\t<div class=\"elementor-element elementor-element-82bc538 elementor-widget elementor-widget-heading\" data-id=\"82bc538\" data-element_type=\"widget\" data-widget_type=\"heading.default\">\n\t\t\t\t<div class=\"elementor-widget-container\">\n\t\t\t\t\t<h1 class=\"elementor-heading-title elementor-size-default\">O nas<\/h1>\t\t\t\t<\/div>\n\t\t\t\t<\/div>\n\t\t\t\t<div class=\"elementor-element elementor-element-c44a51d elementor-widget elementor-widget-html\" data-id=\"c44a51d\" data-element_type=\"widget\" data-widget_type=\"html.default\">\n\t\t\t\t<div class=\"elementor-widget-container\">\n\t\t\t\t\t<script type=\"text\/javascript\">\r\n  (function(d, w, s) {\r\n\tvar widgetHash = 'dp0s9bhcge1meytynclx', gcw = d.createElement(s); gcw.type = 'text\/javascript'; gcw.async = true;\r\n\tgcw.src = '\/\/widgets.binotel.com\/getcall\/widgets\/'+ widgetHash +'.js';\r\n\tvar sn = d.getElementsByTagName(s)[0]; sn.parentNode.insertBefore(gcw, sn);\r\n  })(document, window, 'script');\r\n<\/script> \t\t\t\t<\/div>\n\t\t\t\t<\/div>\n\t\t\t\t\t<\/div>\n\t\t<\/div>\n\t\t\t\t\t<\/div>\n\t\t<\/section>\n\t\t\t\t<section class=\"elementor-section elementor-top-section elementor-element elementor-element-c969eed elementor-section-boxed elementor-section-height-default elementor-section-height-default\" data-id=\"c969eed\" data-element_type=\"section\">\n\t\t\t\t\t\t<div class=\"elementor-container elementor-column-gap-default\">\n\t\t\t\t\t<div class=\"elementor-column elementor-col-100 elementor-top-column elementor-element elementor-element-1254c20\" data-id=\"1254c20\" data-element_type=\"column\">\n\t\t\t<div class=\"elementor-widget-wrap elementor-element-populated\">\n\t\t\t\t\t\t<div class=\"elementor-element elementor-element-0ceed7a elementor-widget__width-initial elementor-widget elementor-widget-text-editor\" data-id=\"0ceed7a\" data-element_type=\"widget\" data-widget_type=\"text-editor.default\">\n\t\t\t\t<div class=\"elementor-widget-container\">\n\t\t\t\t\t\t\t\t\t<p><strong>Portal Zdorovo.pl<\/strong> powsta\u0142 w trosce o Twoje zdrowie i urod\u0119.<\/p><p><span style=\"color: var( --e-global-color-7e51e0a ); letter-spacing: var(--the7-base-letter-spacing); text-transform: var(--the7-base-text-transform); word-spacing: normal;\">\u00a0<\/span><\/p><p><span style=\"text-decoration: underline;\"><span style=\"color: var( --e-global-color-7e51e0a ); letter-spacing: var(--the7-base-letter-spacing); text-transform: var(--the7-base-text-transform); word-spacing: normal; text-decoration: underline;\">Celem portalu jest skuteczne i pozbawione barier \u0142\u0105czenie pacjent\u00f3w z polskim systemem medycznym oraz poprawa zdrowia i \u017cycia pacjent\u00f3w z Ukrainy i Polski.<\/span><\/span><\/p><p>\u00a0<\/p><p>Zesp\u00f3\u0142 <strong>Zdorovo<\/strong> rozpocz\u0105\u0142 prac\u0119 nad projektami medycznymi i zdrowotnymi ju\u017c w 2020 roku, a pod koniec 2023 roku uruchomiono portal medyczny, kt\u00f3ry kompleksowo zajmuje si\u0119 kwestiami zdrowia i urody.<\/p><p>\u00a0<\/p><p>Portal powsta\u0142 w oparciu o Fundacj\u0119 <strong>Zdorovo<\/strong> i <strong>Medimost<\/strong>, kt\u00f3re zapewniaj\u0105 profesjonalne wsparcie pacjentom i lekarzom z Europy Wschodniej. Do ko\u0144ca 2023 r. konsorcjum pomog\u0142o ju\u017c <span style=\"text-decoration: underline;\">ponad 10 000 pacjent\u00f3w i 500 pracownikom s\u0142u\u017cby zdrowia<\/span>.<\/p><p>\u00a0<\/p><p>Na portalu mo\u017cna um\u00f3wi\u0107 si\u0119 na wizyt\u0119 u ukrai\u0144skich i bia\u0142oruskich lekarzy w ca\u0142ej Polsce, kupi\u0107 produkty zdrowotne, zapisa\u0107 si\u0119 na aktywno\u015bci zwi\u0105zane z odnow\u0105 biologiczn\u0105 lub rehabilitacj\u0105, a tak\u017ce dowiedzie\u0107 si\u0119 wielu przydatnych i praktycznych informacji na temat nowoczesnej medycyny i najnowszego podej\u015bcia do zdrowia.<\/p><p>\u00a0<\/p><p><strong>Tworzymy przyjazny system bez barier, w kt\u00f3rym poczujesz si\u0119 jak w domu, nawet w innym kraju.<\/strong><\/p><p>\u00a0<\/p><p>Dbamy o Ciebie<\/p>\t\t\t\t\t\t\t\t<\/div>\n\t\t\t\t<\/div>\n\t\t\t\t\t<\/div>\n\t\t<\/div>\n\t\t\t\t\t<\/div>\n\t\t<\/section>\n\t\t\t\t<\/div>\n\t\t","protected":false},"excerpt":{"rendered":"<p>Portal Zdorovo.pl powsta\u0142 w trosce o Twoje zdrowie i urod\u0119. \u00a0 Celem portalu jest skuteczne i pozbawione barier \u0142\u0105czenie pacjent\u00f3w z polskim systemem medycznym oraz poprawa zdrowia i \u017cycia pacjent\u00f3w z Ukrainy i Polski. \u00a0 Zesp\u00f3\u0142 Zdorovo rozpocz\u0105\u0142 prac\u0119 nad projektami medycznymi i zdrowotnymi ju\u017c w 2020 roku, a pod koniec 2023 roku uruchomiono portal&hellip;<\/p>\n","protected":false},"author":1,"featured_media":0,"parent":0,"menu_order":0,"comment_status":"closed","ping_status":"closed","template":"","meta":{"_acf_changed":false,"footnotes":""},"class_list":["post-2971","page","type-page","status-publish","hentry"],"acf":[],"yoast_head":"<!-- This site is optimized with the Yoast SEO Premium plugin v22.4 (Yoast SEO v24.4) - https:\/\/yoast.com\/wordpress\/plugins\/seo\/ -->\n<title>O nas - Zdorovo.pl<\/title>\n<meta name=\"robots\" content=\"index, follow, max-snippet:-1, max-image-preview:large, max-video-preview:-1\" \/>\n<link rel=\"canonical\" href=\"https:\/\/zdorovo.pl\/pl\/o-nas\" \/>\n<meta property=\"og:locale\" content=\"pl_PL\" \/>\n<meta property=\"og:type\" content=\"article\" \/>\n<meta property=\"og:title\" content=\"O nas\" \/>\n<meta property=\"og:description\" content=\"Portal Zdorovo.pl powsta\u0142 w trosce o Twoje zdrowie i urod\u0119. \u00a0 Celem portalu jest skuteczne i pozbawione barier \u0142\u0105czenie pacjent\u00f3w z polskim systemem medycznym oraz poprawa zdrowia i \u017cycia pacjent\u00f3w z Ukrainy i Polski. \u00a0 Zesp\u00f3\u0142 Zdorovo rozpocz\u0105\u0142 prac\u0119 nad projektami medycznymi i zdrowotnymi ju\u017c w 2020 roku, a pod koniec 2023 roku uruchomiono portal&hellip;\" \/>\n<meta property=\"og:url\" content=\"https:\/\/zdorovo.pl\/pl\/o-nas\" \/>\n<meta property=\"og:site_name\" content=\"Zdorovo.pl\" \/>\n<meta property=\"article:modified_time\" content=\"2024-01-18T21:31:44+00:00\" \/>\n<meta name=\"twitter:card\" content=\"summary_large_image\" \/>\n<meta name=\"twitter:label1\" content=\"Szacowany czas czytania\" \/>\n\t<meta name=\"twitter:data1\" content=\"1 minuta\" \/>\n<script type=\"application\/ld+json\" class=\"yoast-schema-graph\">{\"@context\":\"https:\/\/schema.org\",\"@graph\":[{\"@type\":\"WebPage\",\"@id\":\"https:\/\/zdorovo.pl\/pl\/o-nas\",\"url\":\"https:\/\/zdorovo.pl\/pl\/o-nas\",\"name\":\"O nas - Zdorovo.pl\",\"isPartOf\":{\"@id\":\"https:\/\/zdorovo.pl\/pl#website\"},\"datePublished\":\"2023-10-04T22:07:54+00:00\",\"dateModified\":\"2024-01-18T21:31:44+00:00\",\"breadcrumb\":{\"@id\":\"https:\/\/zdorovo.pl\/pl\/o-nas#breadcrumb\"},\"inLanguage\":\"pl-PL\",\"potentialAction\":[{\"@type\":\"ReadAction\",\"target\":[\"https:\/\/zdorovo.pl\/pl\/o-nas\"]}]},{\"@type\":\"BreadcrumbList\",\"@id\":\"https:\/\/zdorovo.pl\/pl\/o-nas#breadcrumb\",\"itemListElement\":[{\"@type\":\"ListItem\",\"position\":1,\"name\":\"\u0413\u043e\u043b\u043e\u0432\u043d\u0430\",\"item\":\"https:\/\/zdorovo.pl\/pl\"},{\"@type\":\"ListItem\",\"position\":2,\"name\":\"O nas\"}]},{\"@type\":\"WebSite\",\"@id\":\"https:\/\/zdorovo.pl\/pl#website\",\"url\":\"https:\/\/zdorovo.pl\/pl\",\"name\":\"Zdorovo.pl\",\"description\":\"\u041f\u0440\u043e \u043c\u0435\u0434\u0438\u0447\u043d\u0443 \u0441\u0438\u0441\u0442\u0435\u043c\u0443 \u0432 \u041f\u043e\u043b\u044c\u0449\u0456 \u0443\u043a\u0440\u0430\u0457\u043d\u0441\u044c\u043a\u043e\u044e\",\"publisher\":{\"@id\":\"https:\/\/zdorovo.pl\/pl#organization\"},\"potentialAction\":[{\"@type\":\"SearchAction\",\"target\":{\"@type\":\"EntryPoint\",\"urlTemplate\":\"https:\/\/zdorovo.pl\/pl?s={search_term_string}\"},\"query-input\":{\"@type\":\"PropertyValueSpecification\",\"valueRequired\":true,\"valueName\":\"search_term_string\"}}],\"inLanguage\":\"pl-PL\"},{\"@type\":\"Organization\",\"@id\":\"https:\/\/zdorovo.pl\/pl#organization\",\"name\":\"Zdorovo.pl\",\"url\":\"https:\/\/zdorovo.pl\/pl\",\"logo\":{\"@type\":\"ImageObject\",\"inLanguage\":\"pl-PL\",\"@id\":\"https:\/\/zdorovo.pl\/pl#\/schema\/logo\/image\/\",\"url\":\"https:\/\/zdorovo.pl\/wp-content\/uploads\/2020\/11\/logo-48.png\",\"contentUrl\":\"https:\/\/zdorovo.pl\/wp-content\/uploads\/2020\/11\/logo-48.png\",\"width\":180,\"height\":48,\"caption\":\"Zdorovo.pl\"},\"image\":{\"@id\":\"https:\/\/zdorovo.pl\/pl#\/schema\/logo\/image\/\"}}]}<\/script>\n<!-- \/ Yoast SEO Premium plugin. -->","yoast_head_json":{"title":"O nas - Zdorovo.pl","robots":{"index":"index","follow":"follow","max-snippet":"max-snippet:-1","max-image-preview":"max-image-preview:large","max-video-preview":"max-video-preview:-1"},"canonical":"https:\/\/zdorovo.pl\/pl\/o-nas","og_locale":"pl_PL","og_type":"article","og_title":"O nas","og_description":"Portal Zdorovo.pl powsta\u0142 w trosce o Twoje zdrowie i urod\u0119. \u00a0 Celem portalu jest skuteczne i pozbawione barier \u0142\u0105czenie pacjent\u00f3w z polskim systemem medycznym oraz poprawa zdrowia i \u017cycia pacjent\u00f3w z Ukrainy i Polski. \u00a0 Zesp\u00f3\u0142 Zdorovo rozpocz\u0105\u0142 prac\u0119 nad projektami medycznymi i zdrowotnymi ju\u017c w 2020 roku, a pod koniec 2023 roku uruchomiono portal&hellip;","og_url":"https:\/\/zdorovo.pl\/pl\/o-nas","og_site_name":"Zdorovo.pl","article_modified_time":"2024-01-18T21:31:44+00:00","twitter_card":"summary_large_image","twitter_misc":{"Szacowany czas czytania":"1 minuta"},"schema":{"@context":"https:\/\/schema.org","@graph":[{"@type":"WebPage","@id":"https:\/\/zdorovo.pl\/pl\/o-nas","url":"https:\/\/zdorovo.pl\/pl\/o-nas","name":"O nas - Zdorovo.pl","isPartOf":{"@id":"https:\/\/zdorovo.pl\/pl#website"},"datePublished":"2023-10-04T22:07:54+00:00","dateModified":"2024-01-18T21:31:44+00:00","breadcrumb":{"@id":"https:\/\/zdorovo.pl\/pl\/o-nas#breadcrumb"},"inLanguage":"pl-PL","potentialAction":[{"@type":"ReadAction","target":["https:\/\/zdorovo.pl\/pl\/o-nas"]}]},{"@type":"BreadcrumbList","@id":"https:\/\/zdorovo.pl\/pl\/o-nas#breadcrumb","itemListElement":[{"@type":"ListItem","position":1,"name":"\u0413\u043e\u043b\u043e\u0432\u043d\u0430","item":"https:\/\/zdorovo.pl\/pl"},{"@type":"ListItem","position":2,"name":"O nas"}]},{"@type":"WebSite","@id":"https:\/\/zdorovo.pl\/pl#website","url":"https:\/\/zdorovo.pl\/pl","name":"Zdorovo.pl","description":"\u041f\u0440\u043e \u043c\u0435\u0434\u0438\u0447\u043d\u0443 \u0441\u0438\u0441\u0442\u0435\u043c\u0443 \u0432 \u041f\u043e\u043b\u044c\u0449\u0456 \u0443\u043a\u0440\u0430\u0457\u043d\u0441\u044c\u043a\u043e\u044e","publisher":{"@id":"https:\/\/zdorovo.pl\/pl#organization"},"potentialAction":[{"@type":"SearchAction","target":{"@type":"EntryPoint","urlTemplate":"https:\/\/zdorovo.pl\/pl?s={search_term_string}"},"query-input":{"@type":"PropertyValueSpecification","valueRequired":true,"valueName":"search_term_string"}}],"inLanguage":"pl-PL"},{"@type":"Organization","@id":"https:\/\/zdorovo.pl\/pl#organization","name":"Zdorovo.pl","url":"https:\/\/zdorovo.pl\/pl","logo":{"@type":"ImageObject","inLanguage":"pl-PL","@id":"https:\/\/zdorovo.pl\/pl#\/schema\/logo\/image\/","url":"https:\/\/zdorovo.pl\/wp-content\/uploads\/2020\/11\/logo-48.png","contentUrl":"https:\/\/zdorovo.pl\/wp-content\/uploads\/2020\/11\/logo-48.png","width":180,"height":48,"caption":"Zdorovo.pl"},"image":{"@id":"https:\/\/zdorovo.pl\/pl#\/schema\/logo\/image\/"}}]}},"_links":{"self":[{"href":"https:\/\/zdorovo.pl\/pl\/wp-json\/wp\/v2\/pages\/2971","targetHints":{"allow":["GET"]}}],"collection":[{"href":"https:\/\/zdorovo.pl\/pl\/wp-json\/wp\/v2\/pages"}],"about":[{"href":"https:\/\/zdorovo.pl\/pl\/wp-json\/wp\/v2\/types\/page"}],"author":[{"embeddable":true,"href":"https:\/\/zdorovo.pl\/pl\/wp-json\/wp\/v2\/users\/1"}],"replies":[{"embeddable":true,"href":"https:\/\/zdorovo.pl\/pl\/wp-json\/wp\/v2\/comments?post=2971"}],"version-history":[{"count":4,"href":"https:\/\/zdorovo.pl\/pl\/wp-json\/wp\/v2\/pages\/2971\/revisions"}],"predecessor-version":[{"id":11710,"href":"https:\/\/zdorovo.pl\/pl\/wp-json\/wp\/v2\/pages\/2971\/revisions\/11710"}],"wp:attachment":[{"href":"https:\/\/zdorovo.pl\/pl\/wp-json\/wp\/v2\/media?parent=2971"}],"curies":[{"name":"wp","href":"https:\/\/api.w.org\/{rel}","templated":true}]}}