{"id":2990,"date":"2023-10-05T00:15:57","date_gmt":"2023-10-04T22:15:57","guid":{"rendered":"https:\/\/zdorovo.pl\/?page_id=2990"},"modified":"2024-03-12T13:51:14","modified_gmt":"2024-03-12T12:51:14","slug":"recepta-na-leki-zwolnienie-lekarskie","status":"publish","type":"page","link":"https:\/\/zdorovo.pl\/pl\/recepta-na-leki-zwolnienie-lekarskie","title":{"rendered":"Recepta na leki \/ zwolnienie lekarskie"},"content":{"rendered":"\t\t<div data-elementor-type=\"wp-page\" data-elementor-id=\"2990\" class=\"elementor elementor-2990 elementor-2987\" data-elementor-post-type=\"page\">\n\t\t\t\t\t\t<section class=\"elementor-section elementor-top-section elementor-element elementor-element-9f7cd02 elementor-section-height-min-height elementor-section-full_width elementor-section-height-default elementor-section-items-middle\" data-id=\"9f7cd02\" data-element_type=\"section\" data-settings=\"{&quot;background_background&quot;:&quot;gradient&quot;}\">\n\t\t\t\t\t\t<div class=\"elementor-container elementor-column-gap-default\">\n\t\t\t\t\t<div class=\"elementor-column elementor-col-100 elementor-top-column elementor-element elementor-element-466c22a6\" data-id=\"466c22a6\" data-element_type=\"column\">\n\t\t\t<div class=\"elementor-widget-wrap elementor-element-populated\">\n\t\t\t\t\t\t<div class=\"elementor-element elementor-element-44970ffc elementor-widget elementor-widget-heading\" data-id=\"44970ffc\" data-element_type=\"widget\" data-widget_type=\"heading.default\">\n\t\t\t\t<div class=\"elementor-widget-container\">\n\t\t\t\t\t<h1 class=\"elementor-heading-title elementor-size-default\">Recepty na leki \/ zwolnienia lekarskie<\/h1>\t\t\t\t<\/div>\n\t\t\t\t<\/div>\n\t\t\t\t<div class=\"elementor-element elementor-element-ff99dfa elementor-widget elementor-widget-html\" data-id=\"ff99dfa\" data-element_type=\"widget\" data-widget_type=\"html.default\">\n\t\t\t\t<div class=\"elementor-widget-container\">\n\t\t\t\t\t<script type=\"text\/javascript\">\r\n  (function(d, w, s) {\r\n\tvar widgetHash = 'tdgi9euclx8n1qu242v5', gcw = d.createElement(s); gcw.type = 'text\/javascript'; gcw.async = true;\r\n\tgcw.src = '\/\/widgets.binotel.com\/getcall\/widgets\/'+ widgetHash +'.js';\r\n\tvar sn = d.getElementsByTagName(s)[0]; sn.parentNode.insertBefore(gcw, sn);\r\n  })(document, window, 'script');\r\n<\/script> \t\t\t\t<\/div>\n\t\t\t\t<\/div>\n\t\t\t\t\t<\/div>\n\t\t<\/div>\n\t\t\t\t\t<\/div>\n\t\t<\/section>\n\t\t\t\t<section class=\"elementor-section elementor-top-section elementor-element elementor-element-223dba2 elementor-section-boxed elementor-section-height-default elementor-section-height-default\" data-id=\"223dba2\" data-element_type=\"section\">\n\t\t\t\t\t\t<div class=\"elementor-container elementor-column-gap-default\">\n\t\t\t\t\t<div class=\"elementor-column elementor-col-16 elementor-top-column elementor-element elementor-element-72d5b89\" data-id=\"72d5b89\" data-element_type=\"column\">\n\t\t\t<div class=\"elementor-widget-wrap\">\n\t\t\t\t\t\t\t<\/div>\n\t\t<\/div>\n\t\t\t\t<div class=\"elementor-column elementor-col-66 elementor-top-column elementor-element elementor-element-0f45731\" data-id=\"0f45731\" data-element_type=\"column\">\n\t\t\t<div class=\"elementor-widget-wrap elementor-element-populated\">\n\t\t\t\t\t\t<div class=\"elementor-element elementor-element-78ea735 elementor-widget elementor-widget-text-editor\" data-id=\"78ea735\" data-element_type=\"widget\" data-widget_type=\"text-editor.default\">\n\t\t\t\t<div class=\"elementor-widget-container\">\n\t\t\t\t\t\t\t\t\t<p>Recept\u0119 wystawia lekarz rodzinny na pro\u015bb\u0119 pacjenta.<\/p><p>\u00a0<\/p><p>Po konsultacji lekarz wypisuje recept\u0119, kt\u00f3r\u0105 mo\u017cna odebra\u0107 na dwa sposoby.<\/p><p>\u00a0<\/p><p>Je\u015bli korzystasz z Internetowego Konta Pacjenta, mo\u017cesz ustawi\u0107 odbi\u00f3r recepty e-mailem lub SMS-em. Na wskazany adres lub numer telefonu zostanie wys\u0142ana elektroniczna recepta z kodem, kt\u00f3r\u0105 mo\u017cna zrealizowa\u0107 w aptece. W przypadku otrzymania recepty SMS-em, w aptece konieczne b\u0119dzie r\u00f3wnie\u017c podanie numeru PESEL.<\/p><p>\u00a0<\/p><p>Je\u015bli nie korzystasz z Internetowego Konta Pacjenta, w gabinecie lekarskim otrzymasz wydrukowan\u0105 recept\u0119.<\/p>\t\t\t\t\t\t\t\t<\/div>\n\t\t\t\t<\/div>\n\t\t\t\t\t<\/div>\n\t\t<\/div>\n\t\t\t\t<div class=\"elementor-column elementor-col-16 elementor-top-column elementor-element elementor-element-91276ec\" data-id=\"91276ec\" data-element_type=\"column\">\n\t\t\t<div class=\"elementor-widget-wrap\">\n\t\t\t\t\t\t\t<\/div>\n\t\t<\/div>\n\t\t\t\t\t<\/div>\n\t\t<\/section>\n\t\t\t\t<section class=\"elementor-section elementor-top-section elementor-element elementor-element-5d91656 elementor-section-boxed elementor-section-height-default elementor-section-height-default\" data-id=\"5d91656\" data-element_type=\"section\">\n\t\t\t\t\t\t<div class=\"elementor-container elementor-column-gap-default\">\n\t\t\t\t\t<div class=\"elementor-column elementor-col-100 elementor-top-column elementor-element elementor-element-729448a\" data-id=\"729448a\" data-element_type=\"column\">\n\t\t\t<div class=\"elementor-widget-wrap elementor-element-populated\">\n\t\t\t\t\t\t<div class=\"elementor-element elementor-element-9146e97 elementor-widget elementor-widget-heading\" data-id=\"9146e97\" data-element_type=\"widget\" data-widget_type=\"heading.default\">\n\t\t\t\t<div class=\"elementor-widget-container\">\n\t\t\t\t\t<h2 class=\"elementor-heading-title elementor-size-default\"><h2 class=\"elementor-heading-title elementor-size-default\" style=\"margin-top: 1.5em;margin-bottom: 0.5em;font-family: Montserrat, sans-serif;font-style: normal;font-weight: 500;font-size: 20px;text-transform: uppercase;letter-spacing: normal;text-align: center\">Recept\u0119 mo\u017cna uzyska\u0107 na 2 sposoby:<\/h2><\/h2>\t\t\t\t<\/div>\n\t\t\t\t<\/div>\n\t\t\t\t\t<\/div>\n\t\t<\/div>\n\t\t\t\t\t<\/div>\n\t\t<\/section>\n\t\t\t\t<section class=\"elementor-section elementor-top-section elementor-element elementor-element-799e2b6 elementor-section-boxed elementor-section-height-default elementor-section-height-default\" data-id=\"799e2b6\" data-element_type=\"section\">\n\t\t\t\t\t\t<div class=\"elementor-container elementor-column-gap-default\">\n\t\t\t\t\t<div class=\"elementor-column elementor-col-100 elementor-top-column elementor-element elementor-element-99ae43c\" data-id=\"99ae43c\" data-element_type=\"column\">\n\t\t\t<div class=\"elementor-widget-wrap elementor-element-populated\">\n\t\t\t\t\t\t\t<\/div>\n\t\t<\/div>\n\t\t\t\t\t<\/div>\n\t\t<\/section>\n\t\t\t\t<section class=\"elementor-section elementor-top-section elementor-element elementor-element-79c6662 elementor-section-boxed elementor-section-height-default elementor-section-height-default\" data-id=\"79c6662\" data-element_type=\"section\">\n\t\t\t\t\t\t<div class=\"elementor-container elementor-column-gap-default\">\n\t\t\t\t\t<div class=\"elementor-column elementor-col-25 elementor-top-column elementor-element elementor-element-edae66a\" data-id=\"edae66a\" data-element_type=\"column\">\n\t\t\t<div class=\"elementor-widget-wrap\">\n\t\t\t\t\t\t\t<\/div>\n\t\t<\/div>\n\t\t\t\t<div class=\"elementor-column elementor-col-25 elementor-top-column elementor-element elementor-element-33c5844\" data-id=\"33c5844\" data-element_type=\"column\">\n\t\t\t<div class=\"elementor-widget-wrap elementor-element-populated\">\n\t\t\t\t\t\t<div class=\"elementor-element elementor-element-1493619 elementor-widget elementor-widget-text-editor\" data-id=\"1493619\" data-element_type=\"widget\" data-widget_type=\"text-editor.default\">\n\t\t\t\t<div class=\"elementor-widget-container\">\n\t\t\t\t\t\t\t\t\t<p>Telefoniczna konsultacja z lekarzem (teleporada)<br \/>Na wizyt\u0119 mo\u017cna um\u00f3wi\u0107 si\u0119 telefonicznie:<\/p><div data-id=\"9dff541\" data-element_type=\"widget\" data-widget_type=\"text-editor.default\"><p><strong><a href=\"tel:+48815032278\">+48\u00a0815 032 278<\/a><\/strong><\/p><p>lub przez system MyDr (link poni\u017cej):<\/p><\/div>\t\t\t\t\t\t\t\t<\/div>\n\t\t\t\t<\/div>\n\t\t\t\t<div class=\"elementor-element elementor-element-aeabba4 elementor-widget elementor-widget-text-editor\" data-id=\"aeabba4\" data-element_type=\"widget\" data-widget_type=\"text-editor.default\">\n\t\t\t\t<div class=\"elementor-widget-container\">\n\t\t\t\t\t\t\t\t\t<p>*koszt telekonferencji z lekarzem rodzinnym wynosi 69 z\u0142 za konsultacj\u0119.<\/p>\t\t\t\t\t\t\t\t<\/div>\n\t\t\t\t<\/div>\n\t\t\t\t<div class=\"elementor-element elementor-element-7e921b9 elementor-widget elementor-widget-html\" data-id=\"7e921b9\" data-element_type=\"widget\" data-widget_type=\"html.default\">\n\t\t\t\t<div class=\"elementor-widget-container\">\n\t\t\t\t\t<button\r\n    class=\"btn-mydr-pp\"\r\n    data-doctor=\"hannaterletska\"\r\n    data-speciality=\"\"\r\n    data-visitkind=\"Prywatna\"\r\n    data-evisit=\"true\"\r\n    data-appname=\"drw\"\r\n    data-token=\"eyJhbGciOiJIUzI1NiIsInR5cCI6IkpXVCJ9.eyJmYWNpbGl0eV9pZCI6MjM4MjF9.19h0jea79oeW9DztjHVFPPBt3inf6ctrA7xzClYIyUc\"\r\n>\r\n<\/button>\r\n\r\n<script>\r\n    const mydrScript = document.getElementsByTagName('script')[0];\r\n    const js = document.createElement('script');\r\n    js.src = 'https:\/\/mydr.pl\/static\/mydr-pp.min.js';\r\n    mydrScript.parentNode.insertBefore(js, mydrScript);\r\n\r\n    js.onload = () => {\r\n        const PatientsPlugin = new window.PatientsPlugin();\r\n        PatientsPlugin.init({\r\n            app: 'https:\/\/mydr.pl\/patients_plugin',\r\n            plugin: 'https:\/\/mydr.pl\/static',\r\n        });\r\n    };\r\n<\/script>\t\t\t\t<\/div>\n\t\t\t\t<\/div>\n\t\t\t\t\t<\/div>\n\t\t<\/div>\n\t\t\t\t<div class=\"elementor-column elementor-col-25 elementor-top-column elementor-element elementor-element-bed81ac\" data-id=\"bed81ac\" data-element_type=\"column\">\n\t\t\t<div class=\"elementor-widget-wrap elementor-element-populated\">\n\t\t\t\t\t\t<div class=\"elementor-element elementor-element-8ea37f1 elementor-widget elementor-widget-text-editor\" data-id=\"8ea37f1\" data-element_type=\"widget\" data-widget_type=\"text-editor.default\">\n\t\t\t\t<div class=\"elementor-widget-container\">\n\t\t\t\t\t\t\t\t\t<p>Wizyta stacjonarna u lekarza rodzinnego <br \/>(Lublin)<br \/>Wizyty umawiane s\u0105 telefonicznie:<\/p><p><strong><a href=\"tel:+48815032278\">+48\u00a0815 032 278<\/a><\/strong><\/p><p>lub przez system MyDr (link poni\u017cej):<\/p>\t\t\t\t\t\t\t\t<\/div>\n\t\t\t\t<\/div>\n\t\t\t\t<div class=\"elementor-element elementor-element-bb1093c elementor-widget elementor-widget-html\" data-id=\"bb1093c\" data-element_type=\"widget\" data-widget_type=\"html.default\">\n\t\t\t\t<div class=\"elementor-widget-container\">\n\t\t\t\t\t<button\r\n    class=\"btn-mydr-pp\"\r\n    data-doctor=\"\"\r\n    data-speciality=\"lekarz medycyny rodzinnej\"\r\n    data-visitkind=\"NFZ\"\r\n    data-evisit=\"false\"\r\n    data-appname=\"drw\"\r\n    data-token=\"eyJhbGciOiJIUzI1NiIsInR5cCI6IkpXVCJ9.eyJmYWNpbGl0eV9pZCI6MjM4MjF9.19h0jea79oeW9DztjHVFPPBt3inf6ctrA7xzClYIyUc\"\r\n>\r\n<\/button>\r\n\r\n<script>\r\n    const mydrScript = document.getElementsByTagName('script')[0];\r\n    const js = document.createElement('script');\r\n    js.src = 'https:\/\/mydr.pl\/static\/mydr-pp.min.js';\r\n    mydrScript.parentNode.insertBefore(js, mydrScript);\r\n\r\n    js.onload = () => {\r\n        const PatientsPlugin = new window.PatientsPlugin();\r\n        PatientsPlugin.init({\r\n            app: 'https:\/\/mydr.pl\/patients_plugin',\r\n            plugin: 'https:\/\/mydr.pl\/static',\r\n        });\r\n    };\r\n<\/script>\r\n\t\t\t\t<\/div>\n\t\t\t\t<\/div>\n\t\t\t\t\t<\/div>\n\t\t<\/div>\n\t\t\t\t<div class=\"elementor-column elementor-col-25 elementor-top-column elementor-element elementor-element-5f55452\" data-id=\"5f55452\" data-element_type=\"column\">\n\t\t\t<div class=\"elementor-widget-wrap\">\n\t\t\t\t\t\t\t<\/div>\n\t\t<\/div>\n\t\t\t\t\t<\/div>\n\t\t<\/section>\n\t\t\t\t<section class=\"elementor-section elementor-top-section elementor-element elementor-element-5eff121 elementor-section-full_width container__wrap elementor-section-height-default elementor-section-height-default\" data-id=\"5eff121\" data-element_type=\"section\" data-settings=\"{&quot;background_background&quot;:&quot;classic&quot;}\">\n\t\t\t\t\t\t<div class=\"elementor-container elementor-column-gap-default\">\n\t\t\t\t\t<div class=\"elementor-column elementor-col-100 elementor-top-column elementor-element elementor-element-86a7f1a\" data-id=\"86a7f1a\" data-element_type=\"column\">\n\t\t\t<div class=\"elementor-widget-wrap elementor-element-populated\">\n\t\t\t\t\t\t<section class=\"elementor-section elementor-inner-section elementor-element elementor-element-71d4df5 elementor-section-boxed elementor-section-height-default elementor-section-height-default\" data-id=\"71d4df5\" data-element_type=\"section\" data-settings=\"{&quot;background_background&quot;:&quot;classic&quot;}\">\n\t\t\t\t\t\t<div class=\"elementor-container elementor-column-gap-default\">\n\t\t\t\t\t<div class=\"elementor-column elementor-col-100 elementor-inner-column elementor-element elementor-element-70051f0\" data-id=\"70051f0\" data-element_type=\"column\">\n\t\t\t<div class=\"elementor-widget-wrap elementor-element-populated\">\n\t\t\t\t\t\t<div class=\"elementor-element elementor-element-d9b753b doctors elementor-grid-4 elementor-grid-tablet-2 elementor-grid-mobile-1 elementor-widget elementor-widget-loop-grid\" data-id=\"d9b753b\" data-element_type=\"widget\" data-settings=\"{&quot;template_id&quot;:12199,&quot;pagination_type&quot;:&quot;numbers_and_prev_next&quot;,&quot;row_gap&quot;:{&quot;unit&quot;:&quot;px&quot;,&quot;size&quot;:63,&quot;sizes&quot;:[]},&quot;alternate_template&quot;:&quot;yes&quot;,&quot;columns&quot;:4,&quot;_skin&quot;:&quot;post&quot;,&quot;columns_tablet&quot;:&quot;2&quot;,&quot;columns_mobile&quot;:&quot;1&quot;,&quot;edit_handle_selector&quot;:&quot;[data-elementor-type=\\&quot;loop-item\\&quot;]&quot;,&quot;pagination_load_type&quot;:&quot;page_reload&quot;,&quot;row_gap_tablet&quot;:{&quot;unit&quot;:&quot;px&quot;,&quot;size&quot;:&quot;&quot;,&quot;sizes&quot;:[]},&quot;row_gap_mobile&quot;:{&quot;unit&quot;:&quot;px&quot;,&quot;size&quot;:&quot;&quot;,&quot;sizes&quot;:[]}}\" data-widget_type=\"loop-grid.post\">\n\t\t\t\t<div class=\"elementor-widget-container\">\n\t\t\t\t\t\t\t<div class=\"e-loop-nothing-found-message\">\n\t\t<\/div>\n\t\t\t\t\t\t<\/div>\n\t\t\t\t<\/div>\n\t\t\t\t<div class=\"elementor-element elementor-element-37c67f3 elementor-align-center show__all-doctors elementor-hidden-desktop elementor-hidden-tablet elementor-hidden-mobile elementor-widget elementor-widget-the7_button_widget\" data-id=\"37c67f3\" data-element_type=\"widget\" data-widget_type=\"the7_button_widget.default\">\n\t\t\t\t<div class=\"elementor-widget-container\">\n\t\t\t\t\t<div class=\"elementor-button-wrapper\"><a href=\"\/baza-ukrayinskyh-i-biloruskyh-likariv-u-polshhi\" class=\"box-button elementor-button elementor-size-xs\">\u041f\u043e\u043a\u0430\u0437\u0430\u0442\u0438 \u0432\u0441\u0456\u0445 \u043b\u0456\u043a\u0430\u0440\u0456\u0432<\/a><\/div>\t\t\t\t<\/div>\n\t\t\t\t<\/div>\n\t\t\t\t\t<\/div>\n\t\t<\/div>\n\t\t\t\t\t<\/div>\n\t\t<\/section>\n\t\t\t\t\t<\/div>\n\t\t<\/div>\n\t\t\t\t\t<\/div>\n\t\t<\/section>\n\t\t\t\t<\/div>\n\t\t","protected":false},"excerpt":{"rendered":"<p>Recepty na leki \/ zwolnienia lekarskie Recept\u0119 wystawia lekarz rodzinny na pro\u015bb\u0119 pacjenta. \u00a0 Po konsultacji lekarz wypisuje recept\u0119, kt\u00f3r\u0105 mo\u017cna odebra\u0107 na dwa sposoby. \u00a0 Je\u015bli korzystasz z Internetowego Konta Pacjenta, mo\u017cesz ustawi\u0107 odbi\u00f3r recepty e-mailem lub SMS-em. Na wskazany adres lub numer telefonu zostanie wys\u0142ana elektroniczna recepta z kodem, kt\u00f3r\u0105 mo\u017cna zrealizowa\u0107 w&hellip;<\/p>\n","protected":false},"author":1,"featured_media":0,"parent":0,"menu_order":0,"comment_status":"closed","ping_status":"closed","template":"elementor_header_footer","meta":{"_acf_changed":false,"footnotes":""},"class_list":["post-2990","page","type-page","status-publish","hentry"],"acf":[],"yoast_head":"<!-- This site is optimized with the Yoast SEO Premium plugin v22.4 (Yoast SEO v24.4) - https:\/\/yoast.com\/wordpress\/plugins\/seo\/ -->\n<title>Recepta na leki \/ zwolnienie lekarskie - Zdorovo.pl<\/title>\n<meta name=\"robots\" content=\"index, follow, max-snippet:-1, max-image-preview:large, max-video-preview:-1\" \/>\n<link rel=\"canonical\" href=\"https:\/\/zdorovo.pl\/pl\/recepta-na-leki-zwolnienie-lekarskie\" \/>\n<meta property=\"og:locale\" content=\"pl_PL\" \/>\n<meta property=\"og:type\" content=\"article\" \/>\n<meta property=\"og:title\" content=\"Recepta na leki \/ zwolnienie lekarskie\" \/>\n<meta property=\"og:description\" content=\"Recepty na leki \/ zwolnienia lekarskie Recept\u0119 wystawia lekarz rodzinny na pro\u015bb\u0119 pacjenta. \u00a0 Po konsultacji lekarz wypisuje recept\u0119, kt\u00f3r\u0105 mo\u017cna odebra\u0107 na dwa sposoby. \u00a0 Je\u015bli korzystasz z Internetowego Konta Pacjenta, mo\u017cesz ustawi\u0107 odbi\u00f3r recepty e-mailem lub SMS-em. Na wskazany adres lub numer telefonu zostanie wys\u0142ana elektroniczna recepta z kodem, kt\u00f3r\u0105 mo\u017cna zrealizowa\u0107 w&hellip;\" \/>\n<meta property=\"og:url\" content=\"https:\/\/zdorovo.pl\/pl\/recepta-na-leki-zwolnienie-lekarskie\" \/>\n<meta property=\"og:site_name\" content=\"Zdorovo.pl\" \/>\n<meta property=\"article:modified_time\" content=\"2024-03-12T12:51:14+00:00\" \/>\n<meta name=\"twitter:card\" content=\"summary_large_image\" \/>\n<meta name=\"twitter:label1\" content=\"Szacowany czas czytania\" \/>\n\t<meta name=\"twitter:data1\" content=\"8 minut\" \/>\n<script type=\"application\/ld+json\" class=\"yoast-schema-graph\">{\"@context\":\"https:\/\/schema.org\",\"@graph\":[{\"@type\":\"WebPage\",\"@id\":\"https:\/\/zdorovo.pl\/pl\/recepta-na-leki-zwolnienie-lekarskie\",\"url\":\"https:\/\/zdorovo.pl\/pl\/recepta-na-leki-zwolnienie-lekarskie\",\"name\":\"Recepta na leki \/ zwolnienie lekarskie - Zdorovo.pl\",\"isPartOf\":{\"@id\":\"https:\/\/zdorovo.pl\/pl#website\"},\"datePublished\":\"2023-10-04T22:15:57+00:00\",\"dateModified\":\"2024-03-12T12:51:14+00:00\",\"breadcrumb\":{\"@id\":\"https:\/\/zdorovo.pl\/pl\/recepta-na-leki-zwolnienie-lekarskie#breadcrumb\"},\"inLanguage\":\"pl-PL\",\"potentialAction\":[{\"@type\":\"ReadAction\",\"target\":[\"https:\/\/zdorovo.pl\/pl\/recepta-na-leki-zwolnienie-lekarskie\"]}]},{\"@type\":\"BreadcrumbList\",\"@id\":\"https:\/\/zdorovo.pl\/pl\/recepta-na-leki-zwolnienie-lekarskie#breadcrumb\",\"itemListElement\":[{\"@type\":\"ListItem\",\"position\":1,\"name\":\"\u0413\u043e\u043b\u043e\u0432\u043d\u0430\",\"item\":\"https:\/\/zdorovo.pl\/pl\"},{\"@type\":\"ListItem\",\"position\":2,\"name\":\"Recepta na leki \/ zwolnienie lekarskie\"}]},{\"@type\":\"WebSite\",\"@id\":\"https:\/\/zdorovo.pl\/pl#website\",\"url\":\"https:\/\/zdorovo.pl\/pl\",\"name\":\"Zdorovo.pl\",\"description\":\"\u041f\u0440\u043e \u043c\u0435\u0434\u0438\u0447\u043d\u0443 \u0441\u0438\u0441\u0442\u0435\u043c\u0443 \u0432 \u041f\u043e\u043b\u044c\u0449\u0456 \u0443\u043a\u0440\u0430\u0457\u043d\u0441\u044c\u043a\u043e\u044e\",\"publisher\":{\"@id\":\"https:\/\/zdorovo.pl\/pl#organization\"},\"potentialAction\":[{\"@type\":\"SearchAction\",\"target\":{\"@type\":\"EntryPoint\",\"urlTemplate\":\"https:\/\/zdorovo.pl\/pl?s={search_term_string}\"},\"query-input\":{\"@type\":\"PropertyValueSpecification\",\"valueRequired\":true,\"valueName\":\"search_term_string\"}}],\"inLanguage\":\"pl-PL\"},{\"@type\":\"Organization\",\"@id\":\"https:\/\/zdorovo.pl\/pl#organization\",\"name\":\"Zdorovo.pl\",\"url\":\"https:\/\/zdorovo.pl\/pl\",\"logo\":{\"@type\":\"ImageObject\",\"inLanguage\":\"pl-PL\",\"@id\":\"https:\/\/zdorovo.pl\/pl#\/schema\/logo\/image\/\",\"url\":\"https:\/\/zdorovo.pl\/wp-content\/uploads\/2020\/11\/logo-48.png\",\"contentUrl\":\"https:\/\/zdorovo.pl\/wp-content\/uploads\/2020\/11\/logo-48.png\",\"width\":180,\"height\":48,\"caption\":\"Zdorovo.pl\"},\"image\":{\"@id\":\"https:\/\/zdorovo.pl\/pl#\/schema\/logo\/image\/\"}}]}<\/script>\n<!-- \/ Yoast SEO Premium plugin. -->","yoast_head_json":{"title":"Recepta na leki \/ zwolnienie lekarskie - Zdorovo.pl","robots":{"index":"index","follow":"follow","max-snippet":"max-snippet:-1","max-image-preview":"max-image-preview:large","max-video-preview":"max-video-preview:-1"},"canonical":"https:\/\/zdorovo.pl\/pl\/recepta-na-leki-zwolnienie-lekarskie","og_locale":"pl_PL","og_type":"article","og_title":"Recepta na leki \/ zwolnienie lekarskie","og_description":"Recepty na leki \/ zwolnienia lekarskie Recept\u0119 wystawia lekarz rodzinny na pro\u015bb\u0119 pacjenta. \u00a0 Po konsultacji lekarz wypisuje recept\u0119, kt\u00f3r\u0105 mo\u017cna odebra\u0107 na dwa sposoby. \u00a0 Je\u015bli korzystasz z Internetowego Konta Pacjenta, mo\u017cesz ustawi\u0107 odbi\u00f3r recepty e-mailem lub SMS-em. Na wskazany adres lub numer telefonu zostanie wys\u0142ana elektroniczna recepta z kodem, kt\u00f3r\u0105 mo\u017cna zrealizowa\u0107 w&hellip;","og_url":"https:\/\/zdorovo.pl\/pl\/recepta-na-leki-zwolnienie-lekarskie","og_site_name":"Zdorovo.pl","article_modified_time":"2024-03-12T12:51:14+00:00","twitter_card":"summary_large_image","twitter_misc":{"Szacowany czas czytania":"8 minut"},"schema":{"@context":"https:\/\/schema.org","@graph":[{"@type":"WebPage","@id":"https:\/\/zdorovo.pl\/pl\/recepta-na-leki-zwolnienie-lekarskie","url":"https:\/\/zdorovo.pl\/pl\/recepta-na-leki-zwolnienie-lekarskie","name":"Recepta na leki \/ zwolnienie lekarskie - Zdorovo.pl","isPartOf":{"@id":"https:\/\/zdorovo.pl\/pl#website"},"datePublished":"2023-10-04T22:15:57+00:00","dateModified":"2024-03-12T12:51:14+00:00","breadcrumb":{"@id":"https:\/\/zdorovo.pl\/pl\/recepta-na-leki-zwolnienie-lekarskie#breadcrumb"},"inLanguage":"pl-PL","potentialAction":[{"@type":"ReadAction","target":["https:\/\/zdorovo.pl\/pl\/recepta-na-leki-zwolnienie-lekarskie"]}]},{"@type":"BreadcrumbList","@id":"https:\/\/zdorovo.pl\/pl\/recepta-na-leki-zwolnienie-lekarskie#breadcrumb","itemListElement":[{"@type":"ListItem","position":1,"name":"\u0413\u043e\u043b\u043e\u0432\u043d\u0430","item":"https:\/\/zdorovo.pl\/pl"},{"@type":"ListItem","position":2,"name":"Recepta na leki \/ zwolnienie lekarskie"}]},{"@type":"WebSite","@id":"https:\/\/zdorovo.pl\/pl#website","url":"https:\/\/zdorovo.pl\/pl","name":"Zdorovo.pl","description":"\u041f\u0440\u043e \u043c\u0435\u0434\u0438\u0447\u043d\u0443 \u0441\u0438\u0441\u0442\u0435\u043c\u0443 \u0432 \u041f\u043e\u043b\u044c\u0449\u0456 \u0443\u043a\u0440\u0430\u0457\u043d\u0441\u044c\u043a\u043e\u044e","publisher":{"@id":"https:\/\/zdorovo.pl\/pl#organization"},"potentialAction":[{"@type":"SearchAction","target":{"@type":"EntryPoint","urlTemplate":"https:\/\/zdorovo.pl\/pl?s={search_term_string}"},"query-input":{"@type":"PropertyValueSpecification","valueRequired":true,"valueName":"search_term_string"}}],"inLanguage":"pl-PL"},{"@type":"Organization","@id":"https:\/\/zdorovo.pl\/pl#organization","name":"Zdorovo.pl","url":"https:\/\/zdorovo.pl\/pl","logo":{"@type":"ImageObject","inLanguage":"pl-PL","@id":"https:\/\/zdorovo.pl\/pl#\/schema\/logo\/image\/","url":"https:\/\/zdorovo.pl\/wp-content\/uploads\/2020\/11\/logo-48.png","contentUrl":"https:\/\/zdorovo.pl\/wp-content\/uploads\/2020\/11\/logo-48.png","width":180,"height":48,"caption":"Zdorovo.pl"},"image":{"@id":"https:\/\/zdorovo.pl\/pl#\/schema\/logo\/image\/"}}]}},"_links":{"self":[{"href":"https:\/\/zdorovo.pl\/pl\/wp-json\/wp\/v2\/pages\/2990","targetHints":{"allow":["GET"]}}],"collection":[{"href":"https:\/\/zdorovo.pl\/pl\/wp-json\/wp\/v2\/pages"}],"about":[{"href":"https:\/\/zdorovo.pl\/pl\/wp-json\/wp\/v2\/types\/page"}],"author":[{"embeddable":true,"href":"https:\/\/zdorovo.pl\/pl\/wp-json\/wp\/v2\/users\/1"}],"replies":[{"embeddable":true,"href":"https:\/\/zdorovo.pl\/pl\/wp-json\/wp\/v2\/comments?post=2990"}],"version-history":[{"count":27,"href":"https:\/\/zdorovo.pl\/pl\/wp-json\/wp\/v2\/pages\/2990\/revisions"}],"predecessor-version":[{"id":12883,"href":"https:\/\/zdorovo.pl\/pl\/wp-json\/wp\/v2\/pages\/2990\/revisions\/12883"}],"wp:attachment":[{"href":"https:\/\/zdorovo.pl\/pl\/wp-json\/wp\/v2\/media?parent=2990"}],"curies":[{"name":"wp","href":"https:\/\/api.w.org\/{rel}","templated":true}]}}