{"id":8334,"date":"2023-11-03T03:46:19","date_gmt":"2023-11-03T02:46:19","guid":{"rendered":"https:\/\/zdorovo.pl\/signin"},"modified":"2024-02-11T01:39:53","modified_gmt":"2024-02-11T00:39:53","slug":"signin","status":"publish","type":"page","link":"https:\/\/zdorovo.pl\/pl\/signin","title":{"rendered":"Login"},"content":{"rendered":"\t\t<div data-elementor-type=\"wp-page\" data-elementor-id=\"8334\" class=\"elementor elementor-8334 elementor-5340\" data-elementor-post-type=\"page\">\n\t\t\t\t\t\t<section class=\"elementor-section elementor-top-section elementor-element elementor-element-76c7201f elementor-section-boxed elementor-section-height-default elementor-section-height-default\" data-id=\"76c7201f\" data-element_type=\"section\">\n\t\t\t\t\t\t<div class=\"elementor-container elementor-column-gap-default\">\n\t\t\t\t\t<div class=\"elementor-column elementor-col-100 elementor-top-column elementor-element elementor-element-1f18d6d0\" data-id=\"1f18d6d0\" data-element_type=\"column\">\n\t\t\t<div class=\"elementor-widget-wrap elementor-element-populated\">\n\t\t\t\t\t\t<div class=\"elementor-element elementor-element-13e22731 elementor-widget elementor-widget-shortcode\" data-id=\"13e22731\" data-element_type=\"widget\" data-widget_type=\"shortcode.default\">\n\t\t\t\t<div class=\"elementor-widget-container\">\n\t\t\t\t\t\t\t<div class=\"elementor-shortcode\"><div id=\"pg_social_wrapper\"><div id=\"pg_google_btn\" class=\"pg-social-btn\"><a href=\"https:\/\/accounts.google.com\/o\/oauth2\/auth?response_type=code&redirect_uri=https%3A%2F%2Fzdorovo.pl%2Fregistration-user%2F&client_id=149072723702-irso5bjopqviebbnfvhiq89kqbop2aqj.apps.googleusercontent.com&scope=https%3A%2F%2Fwww.googleapis.com%2Fauth%2Fuserinfo.profile+https%3A%2F%2Fwww.googleapis.com%2Fauth%2Fuserinfo.email&access_type=online&approval_prompt=auto&state=1\"> <span><svg xmlns=\"http:\/\/www.w3.org\/2000\/svg\" viewBox=\"0 0 24 24\" width=\"24\" height=\"24\"><g transform=\"matrix(1, 0, 0, 1, 27.009001, -39.238998)\"><path fill=\"#4285F4\" d=\"M -3.264 51.509 C -3.264 50.719 -3.334 49.969 -3.454 49.239 L -14.754 49.239 L -14.754 53.749 L -8.284 53.749 C -8.574 55.229 -9.424 56.479 -10.684 57.329 L -10.684 60.329 L -6.824 60.329 C -4.564 58.239 -3.264 55.159 -3.264 51.509 Z\"><\/path><path fill=\"#34A853\" d=\"M -14.754 63.239 C -11.514 63.239 -8.804 62.159 -6.824 60.329 L -10.684 57.329 C -11.764 58.049 -13.134 58.489 -14.754 58.489 C -17.884 58.489 -20.534 56.379 -21.484 53.529 L -25.464 53.529 L -25.464 56.619 C -23.494 60.539 -19.444 63.239 -14.754 63.239 Z\"><\/path><path fill=\"#FBBC05\" d=\"M -21.484 53.529 C -21.734 52.809 -21.864 52.039 -21.864 51.239 C -21.864 50.439 -21.724 49.669 -21.484 48.949 L -21.484 45.859 L -25.464 45.859 C -26.284 47.479 -26.754 49.299 -26.754 51.239 C -26.754 53.179 -26.284 54.999 -25.464 56.619 L -21.484 53.529 Z\"><\/path><path fill=\"#EA4335\" d=\"M -14.754 43.989 C -12.984 43.989 -11.404 44.599 -10.154 45.789 L -6.734 42.369 C -8.804 40.429 -11.514 39.239 -14.754 39.239 C -19.444 39.239 -23.494 41.939 -25.464 45.859 L -21.484 48.949 C -20.534 46.099 -17.884 43.989 -14.754 43.989 Z\"><\/path><\/g><\/svg><\/span>Login with Google<\/a><\/div><\/div><div class=\"pmagic\">  \n <div class=\"pm-login-box pm-dbfl pg-theme-bg pm-border pm-radius5\"> \n \t\t\n \n<!-----Form Starts----->\n  <form class=\"pmagic-form pm-dbfl pm-bg-lt\" method=\"post\" action=\"\" id=\"pm_login_form\" name=\"pm_login_form\">\n  <input type=\"hidden\" id=\"_wpnonce\" name=\"_wpnonce\" value=\"69e6cbe407\" \/><input type=\"hidden\" name=\"_wp_http_referer\" value=\"\/pl\/wp-json\/wp\/v2\/pages\/8334\" \/>            <input type=\"text\" name=\"user_login\" id=\"user_login\" placeholder=\"Email\" required=\"required\">\n            <input type=\"password\" name=\"user_pass\" id=\"user_pass\" placeholder=\"Has\u0142o\" required=\"required\">\n            <span id=\"pg-toggle-password\" class=\"pg-toggle-password fa fa-fw fa-eye-slash\"><\/span>\n                        <div class=\"pm-login-box-bottom-container pm-dbfl pm-bg pm-border\">\n                <input type=\"submit\" value=\"Zaloguj sie\" name=\"login_form_submit\" class=\"pm-difl\">\n                                <a href=\"https:\/\/zdorovo.pl\/registration-user\" class=\"pm-difl pg-registration-button\">Rejestracja <\/a> \n                                <div class=\"pm-login-links-box pm-difr pm-pad10\">\n                <a href=\"https:\/\/zdorovo.pl\/vidnovlennya-parolyu\">Zapomnia\u0142e\u015b has\u0142a?<\/a>\n                <\/div>\n            <\/div>\n            \n  <\/form>\n     <\/div>\n<\/div>\n<\/div>\n\t\t\t\t\t\t<\/div>\n\t\t\t\t<\/div>\n\t\t\t\t<div class=\"elementor-element elementor-element-868c7f4 elementor-widget elementor-widget-heading\" data-id=\"868c7f4\" data-element_type=\"widget\" data-widget_type=\"heading.default\">\n\t\t\t\t<div class=\"elementor-widget-container\">\n\t\t\t\t\t<h3 class=\"elementor-heading-title elementor-size-default\">Chcesz sprawdzi\u0107 status swojego zam\u00f3wienia?<\/h3>\t\t\t\t<\/div>\n\t\t\t\t<\/div>\n\t\t\t\t<div class=\"elementor-element elementor-element-0839eb3 elementor-align-center elementor-widget elementor-widget-button\" data-id=\"0839eb3\" data-element_type=\"widget\" data-widget_type=\"button.default\">\n\t\t\t\t<div class=\"elementor-widget-container\">\n\t\t\t\t\t\t\t\t\t<div class=\"elementor-button-wrapper\">\n\t\t\t\t\t<a class=\"elementor-button elementor-button-link elementor-size-sm\" href=\"https:\/\/zdorovo.pl\/pl\/moje-konto\/orders\">\n\t\t\t\t\t\t<span class=\"elementor-button-content-wrapper\">\n\t\t\t\t\t\t\t\t\t<span class=\"elementor-button-text\">Twoje zakupy<\/span>\n\t\t\t\t\t<\/span>\n\t\t\t\t\t<\/a>\n\t\t\t\t<\/div>\n\t\t\t\t\t\t\t\t<\/div>\n\t\t\t\t<\/div>\n\t\t\t\t\t<\/div>\n\t\t<\/div>\n\t\t\t\t\t<\/div>\n\t\t<\/section>\n\t\t\t\t<\/div>\n\t\t","protected":false},"excerpt":{"rendered":"<p>Chcesz sprawdzi\u0107 status swojego zam\u00f3wienia? Twoje zakupy<\/p>\n","protected":false},"author":1,"featured_media":0,"parent":0,"menu_order":0,"comment_status":"closed","ping_status":"closed","template":"","meta":{"_acf_changed":false,"footnotes":""},"class_list":["post-8334","page","type-page","status-publish","hentry"],"acf":[],"yoast_head":"<!-- This site is optimized with the Yoast SEO Premium plugin v22.4 (Yoast SEO v24.4) - https:\/\/yoast.com\/wordpress\/plugins\/seo\/ -->\n<title>Login - Zdorovo.pl<\/title>\n<meta name=\"robots\" content=\"index, follow, max-snippet:-1, max-image-preview:large, max-video-preview:-1\" \/>\n<link rel=\"canonical\" href=\"https:\/\/zdorovo.pl\/pl\/signin\" \/>\n<meta property=\"og:locale\" content=\"pl_PL\" \/>\n<meta property=\"og:type\" content=\"article\" \/>\n<meta property=\"og:title\" content=\"Login\" \/>\n<meta property=\"og:description\" content=\"Chcesz sprawdzi\u0107 status swojego zam\u00f3wienia? Twoje zakupy\" \/>\n<meta property=\"og:url\" content=\"https:\/\/zdorovo.pl\/pl\/signin\" \/>\n<meta property=\"og:site_name\" content=\"Zdorovo.pl\" \/>\n<meta property=\"article:modified_time\" content=\"2024-02-11T00:39:53+00:00\" \/>\n<meta name=\"twitter:card\" content=\"summary_large_image\" \/>\n<meta name=\"twitter:label1\" content=\"Szacowany czas czytania\" \/>\n\t<meta name=\"twitter:data1\" content=\"1 minuta\" \/>\n<script type=\"application\/ld+json\" class=\"yoast-schema-graph\">{\"@context\":\"https:\/\/schema.org\",\"@graph\":[{\"@type\":\"WebPage\",\"@id\":\"https:\/\/zdorovo.pl\/pl\/signin\",\"url\":\"https:\/\/zdorovo.pl\/pl\/signin\",\"name\":\"Login - Zdorovo.pl\",\"isPartOf\":{\"@id\":\"https:\/\/zdorovo.pl\/pl#website\"},\"datePublished\":\"2023-11-03T02:46:19+00:00\",\"dateModified\":\"2024-02-11T00:39:53+00:00\",\"breadcrumb\":{\"@id\":\"https:\/\/zdorovo.pl\/pl\/signin#breadcrumb\"},\"inLanguage\":\"pl-PL\",\"potentialAction\":[{\"@type\":\"ReadAction\",\"target\":[\"https:\/\/zdorovo.pl\/pl\/signin\"]}]},{\"@type\":\"BreadcrumbList\",\"@id\":\"https:\/\/zdorovo.pl\/pl\/signin#breadcrumb\",\"itemListElement\":[{\"@type\":\"ListItem\",\"position\":1,\"name\":\"\u0413\u043e\u043b\u043e\u0432\u043d\u0430\",\"item\":\"https:\/\/zdorovo.pl\/pl\"},{\"@type\":\"ListItem\",\"position\":2,\"name\":\"Login\"}]},{\"@type\":\"WebSite\",\"@id\":\"https:\/\/zdorovo.pl\/pl#website\",\"url\":\"https:\/\/zdorovo.pl\/pl\",\"name\":\"Zdorovo.pl\",\"description\":\"\u041f\u0440\u043e \u043c\u0435\u0434\u0438\u0447\u043d\u0443 \u0441\u0438\u0441\u0442\u0435\u043c\u0443 \u0432 \u041f\u043e\u043b\u044c\u0449\u0456 \u0443\u043a\u0440\u0430\u0457\u043d\u0441\u044c\u043a\u043e\u044e\",\"publisher\":{\"@id\":\"https:\/\/zdorovo.pl\/pl#organization\"},\"potentialAction\":[{\"@type\":\"SearchAction\",\"target\":{\"@type\":\"EntryPoint\",\"urlTemplate\":\"https:\/\/zdorovo.pl\/pl?s={search_term_string}\"},\"query-input\":{\"@type\":\"PropertyValueSpecification\",\"valueRequired\":true,\"valueName\":\"search_term_string\"}}],\"inLanguage\":\"pl-PL\"},{\"@type\":\"Organization\",\"@id\":\"https:\/\/zdorovo.pl\/pl#organization\",\"name\":\"Zdorovo.pl\",\"url\":\"https:\/\/zdorovo.pl\/pl\",\"logo\":{\"@type\":\"ImageObject\",\"inLanguage\":\"pl-PL\",\"@id\":\"https:\/\/zdorovo.pl\/pl#\/schema\/logo\/image\/\",\"url\":\"https:\/\/zdorovo.pl\/wp-content\/uploads\/2020\/11\/logo-48.png\",\"contentUrl\":\"https:\/\/zdorovo.pl\/wp-content\/uploads\/2020\/11\/logo-48.png\",\"width\":180,\"height\":48,\"caption\":\"Zdorovo.pl\"},\"image\":{\"@id\":\"https:\/\/zdorovo.pl\/pl#\/schema\/logo\/image\/\"}}]}<\/script>\n<!-- \/ Yoast SEO Premium plugin. -->","yoast_head_json":{"title":"Login - Zdorovo.pl","robots":{"index":"index","follow":"follow","max-snippet":"max-snippet:-1","max-image-preview":"max-image-preview:large","max-video-preview":"max-video-preview:-1"},"canonical":"https:\/\/zdorovo.pl\/pl\/signin","og_locale":"pl_PL","og_type":"article","og_title":"Login","og_description":"Chcesz sprawdzi\u0107 status swojego zam\u00f3wienia? Twoje zakupy","og_url":"https:\/\/zdorovo.pl\/pl\/signin","og_site_name":"Zdorovo.pl","article_modified_time":"2024-02-11T00:39:53+00:00","twitter_card":"summary_large_image","twitter_misc":{"Szacowany czas czytania":"1 minuta"},"schema":{"@context":"https:\/\/schema.org","@graph":[{"@type":"WebPage","@id":"https:\/\/zdorovo.pl\/pl\/signin","url":"https:\/\/zdorovo.pl\/pl\/signin","name":"Login - Zdorovo.pl","isPartOf":{"@id":"https:\/\/zdorovo.pl\/pl#website"},"datePublished":"2023-11-03T02:46:19+00:00","dateModified":"2024-02-11T00:39:53+00:00","breadcrumb":{"@id":"https:\/\/zdorovo.pl\/pl\/signin#breadcrumb"},"inLanguage":"pl-PL","potentialAction":[{"@type":"ReadAction","target":["https:\/\/zdorovo.pl\/pl\/signin"]}]},{"@type":"BreadcrumbList","@id":"https:\/\/zdorovo.pl\/pl\/signin#breadcrumb","itemListElement":[{"@type":"ListItem","position":1,"name":"\u0413\u043e\u043b\u043e\u0432\u043d\u0430","item":"https:\/\/zdorovo.pl\/pl"},{"@type":"ListItem","position":2,"name":"Login"}]},{"@type":"WebSite","@id":"https:\/\/zdorovo.pl\/pl#website","url":"https:\/\/zdorovo.pl\/pl","name":"Zdorovo.pl","description":"\u041f\u0440\u043e \u043c\u0435\u0434\u0438\u0447\u043d\u0443 \u0441\u0438\u0441\u0442\u0435\u043c\u0443 \u0432 \u041f\u043e\u043b\u044c\u0449\u0456 \u0443\u043a\u0440\u0430\u0457\u043d\u0441\u044c\u043a\u043e\u044e","publisher":{"@id":"https:\/\/zdorovo.pl\/pl#organization"},"potentialAction":[{"@type":"SearchAction","target":{"@type":"EntryPoint","urlTemplate":"https:\/\/zdorovo.pl\/pl?s={search_term_string}"},"query-input":{"@type":"PropertyValueSpecification","valueRequired":true,"valueName":"search_term_string"}}],"inLanguage":"pl-PL"},{"@type":"Organization","@id":"https:\/\/zdorovo.pl\/pl#organization","name":"Zdorovo.pl","url":"https:\/\/zdorovo.pl\/pl","logo":{"@type":"ImageObject","inLanguage":"pl-PL","@id":"https:\/\/zdorovo.pl\/pl#\/schema\/logo\/image\/","url":"https:\/\/zdorovo.pl\/wp-content\/uploads\/2020\/11\/logo-48.png","contentUrl":"https:\/\/zdorovo.pl\/wp-content\/uploads\/2020\/11\/logo-48.png","width":180,"height":48,"caption":"Zdorovo.pl"},"image":{"@id":"https:\/\/zdorovo.pl\/pl#\/schema\/logo\/image\/"}}]}},"_links":{"self":[{"href":"https:\/\/zdorovo.pl\/pl\/wp-json\/wp\/v2\/pages\/8334","targetHints":{"allow":["GET"]}}],"collection":[{"href":"https:\/\/zdorovo.pl\/pl\/wp-json\/wp\/v2\/pages"}],"about":[{"href":"https:\/\/zdorovo.pl\/pl\/wp-json\/wp\/v2\/types\/page"}],"author":[{"embeddable":true,"href":"https:\/\/zdorovo.pl\/pl\/wp-json\/wp\/v2\/users\/1"}],"replies":[{"embeddable":true,"href":"https:\/\/zdorovo.pl\/pl\/wp-json\/wp\/v2\/comments?post=8334"}],"version-history":[{"count":10,"href":"https:\/\/zdorovo.pl\/pl\/wp-json\/wp\/v2\/pages\/8334\/revisions"}],"predecessor-version":[{"id":12371,"href":"https:\/\/zdorovo.pl\/pl\/wp-json\/wp\/v2\/pages\/8334\/revisions\/12371"}],"wp:attachment":[{"href":"https:\/\/zdorovo.pl\/pl\/wp-json\/wp\/v2\/media?parent=8334"}],"curies":[{"name":"wp","href":"https:\/\/api.w.org\/{rel}","templated":true}]}}