{"id":10890,"date":"2023-10-14T14:51:32","date_gmt":"2023-10-14T12:51:32","guid":{"rendered":"https:\/\/zdorovo.pl\/shop\/nabir-duolife-den-i-nich"},"modified":"2024-01-04T14:11:59","modified_gmt":"2024-01-04T13:11:59","slug":"zestaw-duolife-dzien-i-noc-super-promo","status":"publish","type":"product","link":"https:\/\/zdorovo.pl\/pl\/shop\/zestaw-duolife-dzien-i-noc-super-promo","title":{"rendered":"Zestaw DUOLIFE Dzie\u0144 i Noc | Super PROMO"},"content":{"rendered":"<p><b>Zestaw DUOLIFE Dzie\u0144 i Noc | Super PROMO<\/b>\u00a0\u2013 w zestawie taniej! To zestaw suplement\u00f3w diety zawieraj\u0105cy sk\u0142adniki dobrane pod k\u0105tem cyklu dobowego organizmu. Wesprzyj organizm, dostarczaj\u0105c mu sk\u0142adnik\u00f3w potrzebnych do optymalnego funkcjonowania ka\u017cdego dnia!<\/p>\n<p><strong>DuoLife Dzie\u0144 to najlepsza propozycja dla wszystkich, kt\u00f3rzy chc\u0105 aktywowa\u0107 psychomotoryk\u0119 swojego organizmu oraz dostarczy\u0107 mu substancji potrzebnych do prawid\u0142owego funkcjonowania ka\u017cdego dnia.<\/strong><\/p>\n<p><b>Noni\u00a0<\/b>to bogate \u017ar\u00f3d\u0142o serotoniny i melatoniny. Jest gwarantem utrzymania prawid\u0142owego rytmu pracy organizmu, a tak\u017ce dobrego samopoczucia. Aktywne sk\u0142adniki zawarte w noni pobudzaj\u0105 wydzielanie sok\u00f3w trawiennych i wzmagaj\u0105 apetyt.<\/p>\n<p><b>Acai<\/b>\u00a0\u2013 posiada komplet witamin, minera\u0142\u00f3w oraz polifenoli. Ma 20-krotnie wi\u0119ksz\u0105 zdolno\u015b\u0107 poch\u0142aniania wolnych rodnik\u00f3w ni\u017c wszystkie dotychczas znane \u017ar\u00f3d\u0142a, dzi\u0119ki czemu sprawdza si\u0119 w walce ze starzeniem oraz wspomaga kondycj\u0119 serca.<\/p>\n<p><b>Granat<\/b>\u00a0\u2013 owoce granatu maj\u0105 korzystny wp\u0142yw na uk\u0142ad kr\u0105\u017cenia. Jako nieliczne zawieraj\u0105 zwi\u0105zki typu estrogenowego, kt\u00f3re powinny znale\u017a\u0107 si\u0119 w diecie kobiet, gdy\u017c \u0142agodz\u0105 objawy menopauzy.<\/p>\n<p><b>Aloes<\/b>\u00a0wspomaga odporno\u015b\u0107, reguluje przemian\u0119 materii oraz poprawia trawienie, jest r\u00f3wnie\u017c niezast\u0105piony przy oczyszczaniu organizmu. Zawiera bogactwo czynnych biologicznie sk\u0142adnik\u00f3w, takich jak: aminokwasy, enzymy, witaminy oraz zwi\u0105zki mineralne.<\/p>\n<p><b>\u017burawina wielkoowocowa<\/b>\u00a0jest \u017ar\u00f3d\u0142em flawonoid\u00f3w, antyoksydant\u00f3w oraz witamin i zwi\u0105zk\u00f3w mineralnych. Owoce \u017curawiny pomagaj\u0105 utrzyma\u0107 prawid\u0142owe pH uk\u0142adu moczowego oraz przyczyniaj\u0105 si\u0119 do prawid\u0142owego funkcjonowania uk\u0142adu kr\u0105\u017cenia.<\/p>\n<p><b>Malina<\/b>\u00a0jest skarbnic\u0105 witamin, kwasu pantotenowego oraz makro- i mikroelement\u00f3w. Jej owoce cechuj\u0105 si\u0119 wysok\u0105 zawarto\u015bci\u0105 b\u0142onnika oraz sk\u0142adnik\u00f3w niezb\u0119dnych dla prawid\u0142owego funkcjonowania organizmu.<\/p>\n<p><b>Czarny bez<\/b>\u00a0\u2013 owoce Czarnego bzu s\u0105 bogate w antocyjany, kt\u00f3re stymuluj\u0105 uk\u0142ad immunologiczny i stanowi\u0105 skuteczny \u015brodek usuwaj\u0105cy szkodliwe produkty przemiany materii.<\/p>\n<p><b>Rokitnik<\/b>\u00a0\u2013 owoce rokitnika to bogate \u017ar\u00f3d\u0142o \u03b2-karotenu i flawonoid\u00f3w oraz nienasyconych kwas\u00f3w t\u0142uszczowych, minera\u0142\u00f3w i witamin. Zawarte w nich substancje aktywne wzmacniaj\u0105 \u015bcianki naczy\u0144 krwiono\u015bnych.<\/p>\n<p><b>Winogrono<\/b>\u00a0jest doskona\u0142ym \u017ar\u00f3d\u0142em substancji regeneruj\u0105cych i oczyszczaj\u0105cych organizm. Zawiera wiele mikro- i makroelement\u00f3w oraz cenne zwi\u0105zki mineralne, a tak\u017ce glukoz\u0119 i fruktoz\u0119, kt\u00f3re stanowi\u0105 \u017ar\u00f3d\u0142o szybko przyswajalnej energii.<\/p>\n<p><b>\u017be\u0144-sze\u0144<\/b>\u00a0zawiera ponad 200 biologicznie czynnych substancji. Wyra\u017anie usprawnia uk\u0142ad immunologiczny, poprawia pami\u0119\u0107, zwi\u0119ksza odporno\u015b\u0107 na stres i zdolno\u015bci regeneracyjne organizmu.<\/p>\n<p><b>Dzika r\u00f3\u017ca<\/b>\u00a0wzmacnia organizm i pozytywnie wp\u0142ywa na jego witalno\u015b\u0107. To \u017ar\u00f3d\u0142o witamin, kwas\u00f3w organicznych, soli mineralnych i przeciwutleniaczy. Sok z Dzikiej r\u00f3\u017cy ma w\u0142a\u015bciwo\u015bci oczyszczaj\u0105ce, podnosi odporno\u015b\u0107 organizmu i neutralizuje tre\u015bci w przewodzie pokarmowym.<\/p>\n<p><b>G\u0142\u00f3g<\/b>\u00a0to doskona\u0142y \u015brodek wzmacniaj\u0105cy serce oraz reguluj\u0105cy k\u0142opoty ze snem. Zawiera bioflawonoidy, kt\u00f3re wzmacniaj\u0105 uk\u0142ad krwiono\u015bny. Jest bogaty w kwasy organiczne, witaminy i sole mineralne.<\/p>\n<p><b>Lucerna siewna<\/b>\u00a0jest \u017ar\u00f3d\u0142em bia\u0142ka, dzi\u0119ki czemu wzmacnia organizm, dzia\u0142a regeneruj\u0105co na b\u0142on\u0119 \u015bluzow\u0105, a tak\u017ce w naturalny spos\u00f3b oczyszcza organizm i chroni przed wczesnym starzeniem.<\/p>\n<p>&nbsp;<\/p>\n<p><strong>DuoLife Noc to propozycja dla tych, kt\u00f3rzy pragn\u0105, aby po spokojnej nocy i pe\u0142nej regeneracji si\u0142, cieszy\u0107 si\u0119 \u017cyciem, dostarczaj\u0105c organizmowi potrzebnych substancji.<\/strong><\/p>\n<p>&nbsp;<\/p>\n<p><b>Goji<\/b>\u00a0pomaga utrzyma\u0107 prawid\u0142owe st\u0119\u017cenie cukru we krwi oraz reguluje przemian\u0119 materii. Usprawnia trawienie. Zawiera tryptofan \u2013 naturalny \u015brodek stymuluj\u0105cy wytwarzanie serotoniny i melatoniny.<\/p>\n<p><b>Morwa bia\u0142a<\/b>\u00a0stabilizuje poziom cukru we krwi i ogranicza mo\u017cliwo\u015bci przyswajania go przez organizm. Pomaga r\u00f3wnie\u017c utrzyma\u0107 prawid\u0142owy poziom cholesterolu i zmniejsza nadmierny apetyt.<\/p>\n<p><b>Ostropest<\/b>\u00a0zawiera cenne flawonolignany, witaminy oraz sole cynku, krzemu, \u017celaza i potasu. Chroni w\u0105trob\u0119 i \u0142agodzi stany zapalne, powstaj\u0105ce na tle cukrzycowym. Zapobiega kamicy \u017c\u00f3\u0142ciowej i wspiera prac\u0119 \u017co\u0142\u0105dka.<\/p>\n<p><b>Karczoch<\/b>\u00a0jest cz\u0119sto stosowany przy problemach z trawieniem i dolegliwo\u015bciach w\u0105troby. Wspomaga r\u00f3wnie\u017c utrzymanie prawid\u0142owego poziomu tr\u00f3jgliceryd\u00f3w we krwi.<\/p>\n<p><b>\u015aliwka<\/b>\u00a0jest bogata w witaminy C i E oraz sk\u0142adniki mineralne i przeciwutleniacze zwalczaj\u0105ce wolne rodniki. W \u015bliwkach znajdziemy r\u00f3wnie\u017c witamin\u0119 P, \u00df-karoten, potas, \u017celazo, magnez, wap\u0144 i fosfor.<\/p>\n<p><b>Acerola<\/b>\u00a0\u2013 jeden owoc aceroli zawiera tyle naturalnej witaminy C co kilogram cytryn. Acerol\u0119 uznaje si\u0119 za silny antyoksydant, kt\u00f3ry nawil\u017ca, uelastycznia oraz przeciwdzia\u0142a starzeniu si\u0119 sk\u00f3ry.<\/p>\n<p><b>Winogrono<\/b>\u00a0to skarbnica substancji regeneruj\u0105cych i oczyszczaj\u0105cych organizm. Zawiera wiele mikro- i makroelement\u00f3w oraz cenne zwi\u0105zki mineralne, a tak\u017ce glukoz\u0119 i fruktoz\u0119, kt\u00f3re stanowi\u0105 \u017ar\u00f3d\u0142o szybko przyswajalnej energii.<\/p>\n<p><b>Lucerna siewna<\/b>\u00a0jest doskona\u0142ym \u017ar\u00f3d\u0142em bia\u0142ka, dzi\u0119ki czemu wzmacnia i oczyszcza organizm, dzia\u0142a regeneruj\u0105co na b\u0142on\u0119 \u015bluzow\u0105 i chroni przed wczesnym starzeniem.<\/p>\n<p><b>Burak<\/b>\u00a0zawiera wiele cennych pierwiastk\u00f3w, witamin oraz betanin\u0119, kt\u00f3re przyczyniaj\u0105 si\u0119 do prawid\u0142owego funkcjonowania w\u0105troby i \u017co\u0142\u0105dka. Wspomaga oczyszczanie organizmu i poprawia funkcjonowanie przewodu pokarmowego.<\/p>\n<p><b>Pokrzywa<\/b>\u00a0\u2013 li\u015bcie pokrzywy bogate s\u0105 w witaminy, kwas pantotenowy, magnez, cynk, potas, wap\u0144, \u017celazo, fosfor oraz krzem. Wykazuj\u0105 dzia\u0142anie moczop\u0119dne oraz oczyszczaj\u0105ce. Pobudzaj\u0105 uk\u0142ad odporno\u015bciowy oraz poprawiaj\u0105 kondycj\u0119 sk\u00f3ry i w\u0142os\u00f3w.<\/p>\n<p><b>Vilcacora<\/b>\u00a0w znacznym stopniu zwi\u0119ksza odporno\u015b\u0107 organizmu. Owoce vilcacory aktywizuj\u0105 uk\u0142ad immunologiczny i wykazuj\u0105 dzia\u0142anie hamuj\u0105ce rozw\u00f3j chor\u00f3b nowotworowych. Pobudzaj\u0105 aktywno\u015b\u0107 oddechow\u0105 oraz wp\u0142ywaj\u0105 reguluj\u0105co na r\u00f3wnowag\u0119 uk\u0142adu wegetatywnego.<\/p>\n<p><b>Aronia<\/b>\u00a0jest bogata w bioflawonoidy i rutyn\u0119, kt\u00f3re zapewniaj\u0105 dobr\u0105 kondycj\u0119 naczy\u0144 krwiono\u015bnych. Zawiera antocyjany odpowiedzialne za zwalczanie wolnych rodnik\u00f3w i jest doskona\u0142ym \u017ar\u00f3d\u0142em witamin oraz biopierwiastk\u00f3w.<\/p>\n<p><b>Melisa<\/b>\u00a0zawiera cenne olejki eteryczne, polifenole, flawonoidy, kwasy organiczne, witaminy B i C oraz sole mineralne. Dzia\u0142a uspokajaj\u0105co, pomaga w b\u00f3lach g\u0142owy oraz stanach przewlek\u0142ego zm\u0119czenia. Co wi\u0119cej, inhalacje melis\u0105 \u0142agodz\u0105 ataki alergii i kaszlu.<\/p>\n","protected":false},"excerpt":{"rendered":"<p><b>DuoLife \u0434\u0435\u043d\u044c \u0456 \u041d\u0456\u0447<\/b><\/p>\n","protected":false},"featured_media":12722,"template":"","meta":{"_acf_changed":false},"product_brand":[],"product_cat":[259,261],"product_tag":[],"class_list":{"0":"post-10890","1":"product","2":"type-product","3":"status-publish","4":"has-post-thumbnail","6":"product_cat-promocja","7":"product_cat-suplementy-pl","8":"description-off","10":"first","11":"outofstock","12":"sale","13":"taxable","14":"shipping-taxable","15":"purchasable","16":"product-type-simple"},"acf":[],"yoast_head":"<!-- This site is optimized with the Yoast SEO Premium plugin v22.4 (Yoast SEO v24.4) - https:\/\/yoast.com\/wordpress\/plugins\/seo\/ -->\n<title>Zestaw DUOLIFE Dzie\u0144 i Noc | Super PROMO - Zdorovo.pl<\/title>\n<meta name=\"robots\" content=\"index, follow, max-snippet:-1, max-image-preview:large, max-video-preview:-1\" \/>\n<link rel=\"canonical\" href=\"https:\/\/zdorovo.pl\/pl\/shop\/zestaw-duolife-dzien-i-noc-super-promo\" \/>\n<meta property=\"og:locale\" content=\"pl_PL\" \/>\n<meta property=\"og:type\" content=\"article\" \/>\n<meta property=\"og:title\" content=\"Zestaw DUOLIFE Dzie\u0144 i Noc | Super PROMO\" \/>\n<meta property=\"og:description\" content=\"DuoLife \u0434\u0435\u043d\u044c \u0456 \u041d\u0456\u0447\" \/>\n<meta property=\"og:url\" content=\"https:\/\/zdorovo.pl\/pl\/shop\/zestaw-duolife-dzien-i-noc-super-promo\" \/>\n<meta property=\"og:site_name\" content=\"Zdorovo.pl\" \/>\n<meta property=\"article:modified_time\" content=\"2024-01-04T13:11:59+00:00\" \/>\n<meta property=\"og:image\" content=\"https:\/\/zdorovo.pl\/wp-content\/uploads\/2023\/10\/e3cfb659d3c2c3256db7a933b7f74a2c347f5404-orig.png\" \/>\n\t<meta property=\"og:image:width\" content=\"1000\" \/>\n\t<meta property=\"og:image:height\" content=\"1000\" \/>\n\t<meta property=\"og:image:type\" content=\"image\/png\" \/>\n<meta name=\"twitter:card\" content=\"summary_large_image\" \/>\n<meta name=\"twitter:label1\" content=\"Cena\" \/>\n\t<meta name=\"twitter:data1\" content=\"380.00&nbsp;&#122;&#322;\" \/>\n\t<meta name=\"twitter:label2\" content=\"Dost\u0119pno\u015b\u0107\" \/>\n\t<meta name=\"twitter:data2\" content=\"Brak w magazynie\" \/>\n<script type=\"application\/ld+json\" class=\"yoast-schema-graph\">{\"@context\":\"https:\/\/schema.org\",\"@graph\":[{\"@type\":\"WebPage\",\"@id\":\"https:\/\/zdorovo.pl\/pl\/shop\/zestaw-duolife-dzien-i-noc-super-promo\",\"url\":\"https:\/\/zdorovo.pl\/pl\/shop\/zestaw-duolife-dzien-i-noc-super-promo\",\"name\":\"Zestaw DUOLIFE Dzie\u0144 i Noc | Super PROMO - Zdorovo.pl\",\"isPartOf\":{\"@id\":\"https:\/\/zdorovo.pl\/pl#website\"},\"primaryImageOfPage\":{\"@id\":\"https:\/\/zdorovo.pl\/pl\/shop\/zestaw-duolife-dzien-i-noc-super-promo#primaryimage\"},\"image\":{\"@id\":\"https:\/\/zdorovo.pl\/pl\/shop\/zestaw-duolife-dzien-i-noc-super-promo#primaryimage\"},\"thumbnailUrl\":\"https:\/\/zdorovo.pl\/wp-content\/uploads\/2023\/10\/3dbee987673694d6bcff7c61651c3794b241eb6c-orig.png\",\"datePublished\":\"2023-10-14T12:51:32+00:00\",\"dateModified\":\"2024-01-04T13:11:59+00:00\",\"breadcrumb\":{\"@id\":\"https:\/\/zdorovo.pl\/pl\/shop\/zestaw-duolife-dzien-i-noc-super-promo#breadcrumb\"},\"inLanguage\":\"pl-PL\",\"potentialAction\":[{\"@type\":\"ReadAction\",\"target\":[\"https:\/\/zdorovo.pl\/pl\/shop\/zestaw-duolife-dzien-i-noc-super-promo\"]}]},{\"@type\":\"ImageObject\",\"inLanguage\":\"pl-PL\",\"@id\":\"https:\/\/zdorovo.pl\/pl\/shop\/zestaw-duolife-dzien-i-noc-super-promo#primaryimage\",\"url\":\"https:\/\/zdorovo.pl\/wp-content\/uploads\/2023\/10\/3dbee987673694d6bcff7c61651c3794b241eb6c-orig.png\",\"contentUrl\":\"https:\/\/zdorovo.pl\/wp-content\/uploads\/2023\/10\/3dbee987673694d6bcff7c61651c3794b241eb6c-orig.png\",\"width\":1000,\"height\":1000},{\"@type\":\"BreadcrumbList\",\"@id\":\"https:\/\/zdorovo.pl\/pl\/shop\/zestaw-duolife-dzien-i-noc-super-promo#breadcrumb\",\"itemListElement\":[{\"@type\":\"ListItem\",\"position\":1,\"name\":\"\u0413\u043e\u043b\u043e\u0432\u043d\u0430\",\"item\":\"https:\/\/zdorovo.pl\/pl\"},{\"@type\":\"ListItem\",\"position\":2,\"name\":\"Sklep\",\"item\":\"https:\/\/zdorovo.pl\/shop\"},{\"@type\":\"ListItem\",\"position\":3,\"name\":\"Zestaw DUOLIFE Dzie\u0144 i Noc | Super PROMO\"}]},{\"@type\":\"WebSite\",\"@id\":\"https:\/\/zdorovo.pl\/pl#website\",\"url\":\"https:\/\/zdorovo.pl\/pl\",\"name\":\"Zdorovo.pl\",\"description\":\"\u041f\u0440\u043e \u043c\u0435\u0434\u0438\u0447\u043d\u0443 \u0441\u0438\u0441\u0442\u0435\u043c\u0443 \u0432 \u041f\u043e\u043b\u044c\u0449\u0456 \u0443\u043a\u0440\u0430\u0457\u043d\u0441\u044c\u043a\u043e\u044e\",\"publisher\":{\"@id\":\"https:\/\/zdorovo.pl\/pl#organization\"},\"potentialAction\":[{\"@type\":\"SearchAction\",\"target\":{\"@type\":\"EntryPoint\",\"urlTemplate\":\"https:\/\/zdorovo.pl\/pl?s={search_term_string}\"},\"query-input\":{\"@type\":\"PropertyValueSpecification\",\"valueRequired\":true,\"valueName\":\"search_term_string\"}}],\"inLanguage\":\"pl-PL\"},{\"@type\":\"Organization\",\"@id\":\"https:\/\/zdorovo.pl\/pl#organization\",\"name\":\"Zdorovo.pl\",\"url\":\"https:\/\/zdorovo.pl\/pl\",\"logo\":{\"@type\":\"ImageObject\",\"inLanguage\":\"pl-PL\",\"@id\":\"https:\/\/zdorovo.pl\/pl#\/schema\/logo\/image\/\",\"url\":\"https:\/\/zdorovo.pl\/wp-content\/uploads\/2020\/11\/logo-48.png\",\"contentUrl\":\"https:\/\/zdorovo.pl\/wp-content\/uploads\/2020\/11\/logo-48.png\",\"width\":180,\"height\":48,\"caption\":\"Zdorovo.pl\"},\"image\":{\"@id\":\"https:\/\/zdorovo.pl\/pl#\/schema\/logo\/image\/\"}}]}<\/script>\n<meta property=\"product:price:amount\" content=\"380.00\" \/>\n<meta property=\"product:price:currency\" content=\"PLN\" \/>\n<meta property=\"og:availability\" content=\"out of stock\" \/>\n<meta property=\"product:availability\" content=\"out of stock\" \/>\n<meta property=\"product:condition\" content=\"new\" \/>\n<!-- \/ Yoast SEO Premium plugin. -->","yoast_head_json":{"title":"Zestaw DUOLIFE Dzie\u0144 i Noc | Super PROMO - Zdorovo.pl","robots":{"index":"index","follow":"follow","max-snippet":"max-snippet:-1","max-image-preview":"max-image-preview:large","max-video-preview":"max-video-preview:-1"},"canonical":"https:\/\/zdorovo.pl\/pl\/shop\/zestaw-duolife-dzien-i-noc-super-promo","og_locale":"pl_PL","og_type":"article","og_title":"Zestaw DUOLIFE Dzie\u0144 i Noc | Super PROMO","og_description":"DuoLife \u0434\u0435\u043d\u044c \u0456 \u041d\u0456\u0447","og_url":"https:\/\/zdorovo.pl\/pl\/shop\/zestaw-duolife-dzien-i-noc-super-promo","og_site_name":"Zdorovo.pl","article_modified_time":"2024-01-04T13:11:59+00:00","og_image":[{"width":1000,"height":1000,"url":"https:\/\/zdorovo.pl\/wp-content\/uploads\/2023\/10\/e3cfb659d3c2c3256db7a933b7f74a2c347f5404-orig.png","type":"image\/png"}],"twitter_card":"summary_large_image","twitter_misc":{"Cena":"380.00&nbsp;&#122;&#322;","Dost\u0119pno\u015b\u0107":"Brak w magazynie"},"schema":{"@context":"https:\/\/schema.org","@graph":[{"@type":"WebPage","@id":"https:\/\/zdorovo.pl\/pl\/shop\/zestaw-duolife-dzien-i-noc-super-promo","url":"https:\/\/zdorovo.pl\/pl\/shop\/zestaw-duolife-dzien-i-noc-super-promo","name":"Zestaw DUOLIFE Dzie\u0144 i Noc | Super PROMO - Zdorovo.pl","isPartOf":{"@id":"https:\/\/zdorovo.pl\/pl#website"},"primaryImageOfPage":{"@id":"https:\/\/zdorovo.pl\/pl\/shop\/zestaw-duolife-dzien-i-noc-super-promo#primaryimage"},"image":{"@id":"https:\/\/zdorovo.pl\/pl\/shop\/zestaw-duolife-dzien-i-noc-super-promo#primaryimage"},"thumbnailUrl":"https:\/\/zdorovo.pl\/wp-content\/uploads\/2023\/10\/3dbee987673694d6bcff7c61651c3794b241eb6c-orig.png","datePublished":"2023-10-14T12:51:32+00:00","dateModified":"2024-01-04T13:11:59+00:00","breadcrumb":{"@id":"https:\/\/zdorovo.pl\/pl\/shop\/zestaw-duolife-dzien-i-noc-super-promo#breadcrumb"},"inLanguage":"pl-PL","potentialAction":[{"@type":"ReadAction","target":["https:\/\/zdorovo.pl\/pl\/shop\/zestaw-duolife-dzien-i-noc-super-promo"]}]},{"@type":"ImageObject","inLanguage":"pl-PL","@id":"https:\/\/zdorovo.pl\/pl\/shop\/zestaw-duolife-dzien-i-noc-super-promo#primaryimage","url":"https:\/\/zdorovo.pl\/wp-content\/uploads\/2023\/10\/3dbee987673694d6bcff7c61651c3794b241eb6c-orig.png","contentUrl":"https:\/\/zdorovo.pl\/wp-content\/uploads\/2023\/10\/3dbee987673694d6bcff7c61651c3794b241eb6c-orig.png","width":1000,"height":1000},{"@type":"BreadcrumbList","@id":"https:\/\/zdorovo.pl\/pl\/shop\/zestaw-duolife-dzien-i-noc-super-promo#breadcrumb","itemListElement":[{"@type":"ListItem","position":1,"name":"\u0413\u043e\u043b\u043e\u0432\u043d\u0430","item":"https:\/\/zdorovo.pl\/pl"},{"@type":"ListItem","position":2,"name":"Sklep","item":"https:\/\/zdorovo.pl\/shop"},{"@type":"ListItem","position":3,"name":"Zestaw DUOLIFE Dzie\u0144 i Noc | Super PROMO"}]},{"@type":"WebSite","@id":"https:\/\/zdorovo.pl\/pl#website","url":"https:\/\/zdorovo.pl\/pl","name":"Zdorovo.pl","description":"\u041f\u0440\u043e \u043c\u0435\u0434\u0438\u0447\u043d\u0443 \u0441\u0438\u0441\u0442\u0435\u043c\u0443 \u0432 \u041f\u043e\u043b\u044c\u0449\u0456 \u0443\u043a\u0440\u0430\u0457\u043d\u0441\u044c\u043a\u043e\u044e","publisher":{"@id":"https:\/\/zdorovo.pl\/pl#organization"},"potentialAction":[{"@type":"SearchAction","target":{"@type":"EntryPoint","urlTemplate":"https:\/\/zdorovo.pl\/pl?s={search_term_string}"},"query-input":{"@type":"PropertyValueSpecification","valueRequired":true,"valueName":"search_term_string"}}],"inLanguage":"pl-PL"},{"@type":"Organization","@id":"https:\/\/zdorovo.pl\/pl#organization","name":"Zdorovo.pl","url":"https:\/\/zdorovo.pl\/pl","logo":{"@type":"ImageObject","inLanguage":"pl-PL","@id":"https:\/\/zdorovo.pl\/pl#\/schema\/logo\/image\/","url":"https:\/\/zdorovo.pl\/wp-content\/uploads\/2020\/11\/logo-48.png","contentUrl":"https:\/\/zdorovo.pl\/wp-content\/uploads\/2020\/11\/logo-48.png","width":180,"height":48,"caption":"Zdorovo.pl"},"image":{"@id":"https:\/\/zdorovo.pl\/pl#\/schema\/logo\/image\/"}}]},"product_price_amount":"380.00","product_price_currency":"PLN","og_availability":"out of stock","product_availability":"out of stock","product_condition":"new"},"_links":{"self":[{"href":"https:\/\/zdorovo.pl\/pl\/wp-json\/wp\/v2\/product\/10890","targetHints":{"allow":["GET"]}}],"collection":[{"href":"https:\/\/zdorovo.pl\/pl\/wp-json\/wp\/v2\/product"}],"about":[{"href":"https:\/\/zdorovo.pl\/pl\/wp-json\/wp\/v2\/types\/product"}],"wp:featuredmedia":[{"embeddable":true,"href":"https:\/\/zdorovo.pl\/pl\/wp-json\/wp\/v2\/media\/12722"}],"wp:attachment":[{"href":"https:\/\/zdorovo.pl\/pl\/wp-json\/wp\/v2\/media?parent=10890"}],"wp:term":[{"taxonomy":"product_brand","embeddable":true,"href":"https:\/\/zdorovo.pl\/pl\/wp-json\/wp\/v2\/product_brand?post=10890"},{"taxonomy":"product_cat","embeddable":true,"href":"https:\/\/zdorovo.pl\/pl\/wp-json\/wp\/v2\/product_cat?post=10890"},{"taxonomy":"product_tag","embeddable":true,"href":"https:\/\/zdorovo.pl\/pl\/wp-json\/wp\/v2\/product_tag?post=10890"}],"curies":[{"name":"wp","href":"https:\/\/api.w.org\/{rel}","templated":true}]}}