{"id":10942,"date":"2024-01-04T15:07:39","date_gmt":"2024-01-04T14:07:39","guid":{"rendered":"https:\/\/zdorovo.pl\/shop\/duolife-aloe-day-cream-50ml"},"modified":"2024-01-04T15:10:57","modified_gmt":"2024-01-04T14:10:57","slug":"duolife-aloe-day-cream-50ml","status":"publish","type":"product","link":"https:\/\/zdorovo.pl\/pl\/shop\/duolife-aloe-day-cream-50ml","title":{"rendered":"DuoLife Aloe Day Cream 50ml"},"content":{"rendered":"<p><b>Pro Aloe Day Cream 50 ml<\/b>\u00a0to bogata \u201eporcja natury\u201d stworzona z my\u015bl\u0105 o od\u017cywieniu Twojej sk\u00f3ry. Krem jest przeznaczony do codziennej piel\u0119gnacji ka\u017cdego rodzaju cery\u00a0<b>na bazie prebiotyku oraz kom\u00f3rek macierzystych z aloesu.<\/b>\u00a0Kom\u00f3rki macierzyste z aloesu to zaawansowane technologicznie, naturalne sk\u0142adniki przywracaj\u0105ce r\u00f3wnowag\u0119 pH sk\u00f3ry, o dzia\u0142aniu \u0142agodz\u0105cym, ochronnym, wzmacniaj\u0105cym oraz wyr\u00f3wnuj\u0105cym koloryt. Bogata formu\u0142a sk\u0142adnik\u00f3w aktywnych zawartych w kremie wykazuje dzia\u0142anie antyoksydacyjne, detoksykuj\u0105ce, a tak\u017ce przeciwzmarszczkowe, dzi\u0119ki czemu pozostawia sk\u00f3r\u0119 nawil\u017con\u0105, od\u015bwie\u017con\u0105 i pe\u0142n\u0105 m\u0142odzie\u0144czego blasku.<\/p>\n<p>&nbsp;<\/p>\n<div class=\"nag\">\n<div class=\"nag\">L\u015bnij naturalnym pi\u0119knem z Pro Aloe Day Cream 50 ml i skorzystaj z bogactwa linii Pro Aloe<\/div>\n<hr class=\"lia_nag\" \/>\n<div class=\"ctr\"><\/div>\n<p class=\"slogan\"><b>Pro Aloe Day Cream 50 ml<\/b>\u00a0to skuteczna piel\u0119gnacja dzienna nale\u017c\u0105ca do nowatorskiej linii Pro Aloe, kt\u00f3ra powsta\u0142a w odpowiedzi na potrzeby ka\u017cdego rodzaju sk\u00f3ry, szczeg\u00f3lnie tej, kt\u00f3ra potrzebuje od\u017cywienia, wzmocnienia i nawil\u017cenia. Produkty z tej linii opr\u00f3cz wykorzystywania dobroczynnego dzia\u0142ania aloesu zosta\u0142y wzbogacone wieloma substancjami aktywnymi maj\u0105cymi dzia\u0142anie synergistyczne w stosunku do aloesu, b\u0105d\u017a dzia\u0142anie uzupe\u0142niaj\u0105ce, poszerzaj\u0105ce dobroczynne dzia\u0142ania kosmetyk\u00f3w na nasz\u0105 sk\u00f3r\u0119.<\/p>\n<p class=\"slogan\"><b>Moc kom\u00f3rek macierzystych z aloesu po\u0142\u0105czona z prebiotykiem oraz kwasem hialuronowym<\/b>\u00a0pozwoli\u0142a nam opracowa\u0107 Pro Aloe Day Cream, kt\u00f3ry przywraca sk\u00f3rze r\u00f3wnowag\u0119 pH i zapewnia jej odpowiedni poziom nawil\u017cenia w ci\u0105gu dnia. Dzi\u0119ki Pro Aloe Day Cream 50 ml Twoja sk\u00f3ra b\u0119dzie od\u017cywiona, nawil\u017cona i elastyczna, a Ty b\u0119dziesz cieszy\u0107 si\u0119 komfortem i pi\u0119knem ka\u017cdego dnia.<\/p>\n<div class=\"nag\">Pami\u0119taj!<\/div>\n<hr class=\"lia_nag\" \/>\n<div class=\"ctr\"><\/div>\n<p class=\"slogan\">M\u0142ody wiek to idealny moment na rozpocz\u0119cie \u0142agodnej piel\u0119gnacji typu \u201eanti-age\u201d. Odpowiednie dobranie kosmetyk\u00f3w ma na celu zmniejszenie widoczno\u015bci zmarszczek oraz zapewnienie sk\u00f3rze promiennego wygl\u0105du na d\u0142ugi czas.<\/p>\n<\/div>\n","protected":false},"excerpt":{"rendered":"<p><b>DuoLife Collagen Body Butter 200 ml<\/b><\/p>\n","protected":false},"featured_media":10939,"template":"","meta":{"_acf_changed":false},"product_brand":[],"product_cat":[259,264],"product_tag":[],"class_list":{"0":"post-10942","1":"product","2":"type-product","3":"status-publish","4":"has-post-thumbnail","6":"product_cat-promocja","7":"product_cat-zdrowe-kosmetyki","8":"description-off","10":"first","11":"outofstock","12":"sale","13":"taxable","14":"shipping-taxable","15":"purchasable","16":"product-type-simple"},"acf":[],"yoast_head":"<!-- This site is optimized with the Yoast SEO Premium plugin v22.4 (Yoast SEO v24.4) - https:\/\/yoast.com\/wordpress\/plugins\/seo\/ -->\n<title>DuoLife Aloe Day Cream 50ml - Zdorovo.pl<\/title>\n<meta name=\"robots\" content=\"index, follow, max-snippet:-1, max-image-preview:large, max-video-preview:-1\" \/>\n<link rel=\"canonical\" href=\"https:\/\/zdorovo.pl\/pl\/shop\/duolife-aloe-day-cream-50ml\" \/>\n<meta property=\"og:locale\" content=\"pl_PL\" \/>\n<meta property=\"og:type\" content=\"article\" \/>\n<meta property=\"og:title\" content=\"DuoLife Aloe Day Cream 50ml\" \/>\n<meta property=\"og:description\" content=\"DuoLife Collagen Body Butter 200 ml\" \/>\n<meta property=\"og:url\" content=\"https:\/\/zdorovo.pl\/pl\/shop\/duolife-aloe-day-cream-50ml\" \/>\n<meta property=\"og:site_name\" content=\"Zdorovo.pl\" \/>\n<meta property=\"article:modified_time\" content=\"2024-01-04T14:10:57+00:00\" \/>\n<meta property=\"og:image\" content=\"https:\/\/zdorovo.pl\/wp-content\/uploads\/2024\/01\/78e31d0b88749d88167bb696369d6ced52ee6f2e-orig.png\" \/>\n\t<meta property=\"og:image:width\" content=\"1000\" \/>\n\t<meta property=\"og:image:height\" content=\"1000\" \/>\n\t<meta property=\"og:image:type\" content=\"image\/png\" \/>\n<meta name=\"twitter:card\" content=\"summary_large_image\" \/>\n<meta name=\"twitter:label1\" content=\"Cena\" \/>\n\t<meta name=\"twitter:data1\" content=\"65.00&nbsp;&#122;&#322;\" \/>\n\t<meta name=\"twitter:label2\" content=\"Dost\u0119pno\u015b\u0107\" \/>\n\t<meta name=\"twitter:data2\" content=\"Brak w magazynie\" \/>\n<script type=\"application\/ld+json\" class=\"yoast-schema-graph\">{\"@context\":\"https:\/\/schema.org\",\"@graph\":[{\"@type\":\"WebPage\",\"@id\":\"https:\/\/zdorovo.pl\/pl\/shop\/duolife-aloe-day-cream-50ml\",\"url\":\"https:\/\/zdorovo.pl\/pl\/shop\/duolife-aloe-day-cream-50ml\",\"name\":\"DuoLife Aloe Day Cream 50ml - Zdorovo.pl\",\"isPartOf\":{\"@id\":\"https:\/\/zdorovo.pl\/pl#website\"},\"primaryImageOfPage\":{\"@id\":\"https:\/\/zdorovo.pl\/pl\/shop\/duolife-aloe-day-cream-50ml#primaryimage\"},\"image\":{\"@id\":\"https:\/\/zdorovo.pl\/pl\/shop\/duolife-aloe-day-cream-50ml#primaryimage\"},\"thumbnailUrl\":\"https:\/\/zdorovo.pl\/wp-content\/uploads\/2024\/01\/78e31d0b88749d88167bb696369d6ced52ee6f2e-orig.png\",\"datePublished\":\"2024-01-04T14:07:39+00:00\",\"dateModified\":\"2024-01-04T14:10:57+00:00\",\"breadcrumb\":{\"@id\":\"https:\/\/zdorovo.pl\/pl\/shop\/duolife-aloe-day-cream-50ml#breadcrumb\"},\"inLanguage\":\"pl-PL\",\"potentialAction\":[{\"@type\":\"ReadAction\",\"target\":[\"https:\/\/zdorovo.pl\/pl\/shop\/duolife-aloe-day-cream-50ml\"]}]},{\"@type\":\"ImageObject\",\"inLanguage\":\"pl-PL\",\"@id\":\"https:\/\/zdorovo.pl\/pl\/shop\/duolife-aloe-day-cream-50ml#primaryimage\",\"url\":\"https:\/\/zdorovo.pl\/wp-content\/uploads\/2024\/01\/78e31d0b88749d88167bb696369d6ced52ee6f2e-orig.png\",\"contentUrl\":\"https:\/\/zdorovo.pl\/wp-content\/uploads\/2024\/01\/78e31d0b88749d88167bb696369d6ced52ee6f2e-orig.png\",\"width\":1000,\"height\":1000},{\"@type\":\"BreadcrumbList\",\"@id\":\"https:\/\/zdorovo.pl\/pl\/shop\/duolife-aloe-day-cream-50ml#breadcrumb\",\"itemListElement\":[{\"@type\":\"ListItem\",\"position\":1,\"name\":\"\u0413\u043e\u043b\u043e\u0432\u043d\u0430\",\"item\":\"https:\/\/zdorovo.pl\/pl\"},{\"@type\":\"ListItem\",\"position\":2,\"name\":\"Sklep\",\"item\":\"https:\/\/zdorovo.pl\/shop\"},{\"@type\":\"ListItem\",\"position\":3,\"name\":\"DuoLife Aloe Day Cream 50ml\"}]},{\"@type\":\"WebSite\",\"@id\":\"https:\/\/zdorovo.pl\/pl#website\",\"url\":\"https:\/\/zdorovo.pl\/pl\",\"name\":\"Zdorovo.pl\",\"description\":\"\u041f\u0440\u043e \u043c\u0435\u0434\u0438\u0447\u043d\u0443 \u0441\u0438\u0441\u0442\u0435\u043c\u0443 \u0432 \u041f\u043e\u043b\u044c\u0449\u0456 \u0443\u043a\u0440\u0430\u0457\u043d\u0441\u044c\u043a\u043e\u044e\",\"publisher\":{\"@id\":\"https:\/\/zdorovo.pl\/pl#organization\"},\"potentialAction\":[{\"@type\":\"SearchAction\",\"target\":{\"@type\":\"EntryPoint\",\"urlTemplate\":\"https:\/\/zdorovo.pl\/pl?s={search_term_string}\"},\"query-input\":{\"@type\":\"PropertyValueSpecification\",\"valueRequired\":true,\"valueName\":\"search_term_string\"}}],\"inLanguage\":\"pl-PL\"},{\"@type\":\"Organization\",\"@id\":\"https:\/\/zdorovo.pl\/pl#organization\",\"name\":\"Zdorovo.pl\",\"url\":\"https:\/\/zdorovo.pl\/pl\",\"logo\":{\"@type\":\"ImageObject\",\"inLanguage\":\"pl-PL\",\"@id\":\"https:\/\/zdorovo.pl\/pl#\/schema\/logo\/image\/\",\"url\":\"https:\/\/zdorovo.pl\/wp-content\/uploads\/2020\/11\/logo-48.png\",\"contentUrl\":\"https:\/\/zdorovo.pl\/wp-content\/uploads\/2020\/11\/logo-48.png\",\"width\":180,\"height\":48,\"caption\":\"Zdorovo.pl\"},\"image\":{\"@id\":\"https:\/\/zdorovo.pl\/pl#\/schema\/logo\/image\/\"}}]}<\/script>\n<meta property=\"product:price:amount\" content=\"65.00\" \/>\n<meta property=\"product:price:currency\" content=\"PLN\" \/>\n<meta property=\"og:availability\" content=\"out of stock\" \/>\n<meta property=\"product:availability\" content=\"out of stock\" \/>\n<meta property=\"product:condition\" content=\"new\" \/>\n<!-- \/ Yoast SEO Premium plugin. -->","yoast_head_json":{"title":"DuoLife Aloe Day Cream 50ml - Zdorovo.pl","robots":{"index":"index","follow":"follow","max-snippet":"max-snippet:-1","max-image-preview":"max-image-preview:large","max-video-preview":"max-video-preview:-1"},"canonical":"https:\/\/zdorovo.pl\/pl\/shop\/duolife-aloe-day-cream-50ml","og_locale":"pl_PL","og_type":"article","og_title":"DuoLife Aloe Day Cream 50ml","og_description":"DuoLife Collagen Body Butter 200 ml","og_url":"https:\/\/zdorovo.pl\/pl\/shop\/duolife-aloe-day-cream-50ml","og_site_name":"Zdorovo.pl","article_modified_time":"2024-01-04T14:10:57+00:00","og_image":[{"width":1000,"height":1000,"url":"https:\/\/zdorovo.pl\/wp-content\/uploads\/2024\/01\/78e31d0b88749d88167bb696369d6ced52ee6f2e-orig.png","type":"image\/png"}],"twitter_card":"summary_large_image","twitter_misc":{"Cena":"65.00&nbsp;&#122;&#322;","Dost\u0119pno\u015b\u0107":"Brak w magazynie"},"schema":{"@context":"https:\/\/schema.org","@graph":[{"@type":"WebPage","@id":"https:\/\/zdorovo.pl\/pl\/shop\/duolife-aloe-day-cream-50ml","url":"https:\/\/zdorovo.pl\/pl\/shop\/duolife-aloe-day-cream-50ml","name":"DuoLife Aloe Day Cream 50ml - Zdorovo.pl","isPartOf":{"@id":"https:\/\/zdorovo.pl\/pl#website"},"primaryImageOfPage":{"@id":"https:\/\/zdorovo.pl\/pl\/shop\/duolife-aloe-day-cream-50ml#primaryimage"},"image":{"@id":"https:\/\/zdorovo.pl\/pl\/shop\/duolife-aloe-day-cream-50ml#primaryimage"},"thumbnailUrl":"https:\/\/zdorovo.pl\/wp-content\/uploads\/2024\/01\/78e31d0b88749d88167bb696369d6ced52ee6f2e-orig.png","datePublished":"2024-01-04T14:07:39+00:00","dateModified":"2024-01-04T14:10:57+00:00","breadcrumb":{"@id":"https:\/\/zdorovo.pl\/pl\/shop\/duolife-aloe-day-cream-50ml#breadcrumb"},"inLanguage":"pl-PL","potentialAction":[{"@type":"ReadAction","target":["https:\/\/zdorovo.pl\/pl\/shop\/duolife-aloe-day-cream-50ml"]}]},{"@type":"ImageObject","inLanguage":"pl-PL","@id":"https:\/\/zdorovo.pl\/pl\/shop\/duolife-aloe-day-cream-50ml#primaryimage","url":"https:\/\/zdorovo.pl\/wp-content\/uploads\/2024\/01\/78e31d0b88749d88167bb696369d6ced52ee6f2e-orig.png","contentUrl":"https:\/\/zdorovo.pl\/wp-content\/uploads\/2024\/01\/78e31d0b88749d88167bb696369d6ced52ee6f2e-orig.png","width":1000,"height":1000},{"@type":"BreadcrumbList","@id":"https:\/\/zdorovo.pl\/pl\/shop\/duolife-aloe-day-cream-50ml#breadcrumb","itemListElement":[{"@type":"ListItem","position":1,"name":"\u0413\u043e\u043b\u043e\u0432\u043d\u0430","item":"https:\/\/zdorovo.pl\/pl"},{"@type":"ListItem","position":2,"name":"Sklep","item":"https:\/\/zdorovo.pl\/shop"},{"@type":"ListItem","position":3,"name":"DuoLife Aloe Day Cream 50ml"}]},{"@type":"WebSite","@id":"https:\/\/zdorovo.pl\/pl#website","url":"https:\/\/zdorovo.pl\/pl","name":"Zdorovo.pl","description":"\u041f\u0440\u043e \u043c\u0435\u0434\u0438\u0447\u043d\u0443 \u0441\u0438\u0441\u0442\u0435\u043c\u0443 \u0432 \u041f\u043e\u043b\u044c\u0449\u0456 \u0443\u043a\u0440\u0430\u0457\u043d\u0441\u044c\u043a\u043e\u044e","publisher":{"@id":"https:\/\/zdorovo.pl\/pl#organization"},"potentialAction":[{"@type":"SearchAction","target":{"@type":"EntryPoint","urlTemplate":"https:\/\/zdorovo.pl\/pl?s={search_term_string}"},"query-input":{"@type":"PropertyValueSpecification","valueRequired":true,"valueName":"search_term_string"}}],"inLanguage":"pl-PL"},{"@type":"Organization","@id":"https:\/\/zdorovo.pl\/pl#organization","name":"Zdorovo.pl","url":"https:\/\/zdorovo.pl\/pl","logo":{"@type":"ImageObject","inLanguage":"pl-PL","@id":"https:\/\/zdorovo.pl\/pl#\/schema\/logo\/image\/","url":"https:\/\/zdorovo.pl\/wp-content\/uploads\/2020\/11\/logo-48.png","contentUrl":"https:\/\/zdorovo.pl\/wp-content\/uploads\/2020\/11\/logo-48.png","width":180,"height":48,"caption":"Zdorovo.pl"},"image":{"@id":"https:\/\/zdorovo.pl\/pl#\/schema\/logo\/image\/"}}]},"product_price_amount":"65.00","product_price_currency":"PLN","og_availability":"out of stock","product_availability":"out of stock","product_condition":"new"},"_links":{"self":[{"href":"https:\/\/zdorovo.pl\/pl\/wp-json\/wp\/v2\/product\/10942","targetHints":{"allow":["GET"]}}],"collection":[{"href":"https:\/\/zdorovo.pl\/pl\/wp-json\/wp\/v2\/product"}],"about":[{"href":"https:\/\/zdorovo.pl\/pl\/wp-json\/wp\/v2\/types\/product"}],"wp:featuredmedia":[{"embeddable":true,"href":"https:\/\/zdorovo.pl\/pl\/wp-json\/wp\/v2\/media\/10939"}],"wp:attachment":[{"href":"https:\/\/zdorovo.pl\/pl\/wp-json\/wp\/v2\/media?parent=10942"}],"wp:term":[{"taxonomy":"product_brand","embeddable":true,"href":"https:\/\/zdorovo.pl\/pl\/wp-json\/wp\/v2\/product_brand?post=10942"},{"taxonomy":"product_cat","embeddable":true,"href":"https:\/\/zdorovo.pl\/pl\/wp-json\/wp\/v2\/product_cat?post=10942"},{"taxonomy":"product_tag","embeddable":true,"href":"https:\/\/zdorovo.pl\/pl\/wp-json\/wp\/v2\/product_tag?post=10942"}],"curies":[{"name":"wp","href":"https:\/\/api.w.org\/{rel}","templated":true}]}}