{"id":19803,"date":"2025-06-05T10:49:37","date_gmt":"2025-06-05T08:49:37","guid":{"rendered":"https:\/\/zdorovo.pl\/?post_type=product&#038;p=19803"},"modified":"2025-06-05T12:57:13","modified_gmt":"2025-06-05T10:57:13","slug":"collagen-face-peeling-2-in-1","status":"publish","type":"product","link":"https:\/\/zdorovo.pl\/pl\/shop\/collagen-face-peeling-2-in-1","title":{"rendered":"Collagen Face Peeling 2 in 1"},"content":{"rendered":"<p>Kolagenowy peeling dwufunkcyjny czyli enzymatyczno-mechaniczny to kluczowy element Twojego rytua\u0142u piel\u0119gnacyjnego, kt\u00f3ry\u00a0<b>oczyszcza, nawil\u017ca, roz\u015bwietla i wyg\u0142adza sk\u00f3r\u0119 twarzy.<\/b><\/p>\n<p>Dzi\u0119ki zawartym w nim sk\u0142adnikom aktywnym\u00a0<b>peeling \u0142agodnie i skutecznie usuwa martwy nask\u00f3rek, nadaj\u0105c sk\u00f3rze promienny wygl\u0105d.\u00a0<\/b>Indeks naturalno\u015bci wynosi a\u017c 92,3%.<\/p>\n<p>&nbsp;<\/p>\n<hr class=\"lia_nag\" \/>\n<div class=\"ctr\"><\/div>\n<div><\/div>\n<div>\n<p class=\"product_header_color product_header align_center\">Peeling enzymatyczno-mechaniczny typu 2 w 1 do twarzy to kluczowy element w rytuale piel\u0119gnacyjnym, kt\u00f3ry rozpromieni Twoj\u0105 sk\u00f3r\u0119 i nada jej wyj\u0105tkowego blasku.<\/p>\n<p class=\"align_center\">Dzi\u0119ki unikalnej kombinacji \u0142agodnego\u00a0<b>dzia\u0142ania enzym\u00f3w i delikatnego mechanicznego z\u0142uszczania<\/b>, produkt skutecznie\u00a0<b>usuwa martwe kom\u00f3rki nask\u00f3rka, pozytywnie wp\u0142ywaj\u0105c na stan cery, przywracaj\u0105c cerze \u015bwie\u017co\u015b\u0107 i blask.<\/b><\/p>\n<\/div>\n<p>&nbsp;<\/p>\n<p><img fetchpriority=\"high\" decoding=\"async\" class=\"alignnone wp-image-19805 size-large\" src=\"https:\/\/zdorovo.pl\/wp-content\/uploads\/2025\/06\/243622-02ef87ccda9f5dfbe236962651fb90aa3f192700-1024x468.png\" alt=\"\" width=\"1024\" height=\"468\" srcset=\"https:\/\/zdorovo.pl\/wp-content\/uploads\/2025\/06\/243622-02ef87ccda9f5dfbe236962651fb90aa3f192700-1024x468.png 1024w, https:\/\/zdorovo.pl\/wp-content\/uploads\/2025\/06\/243622-02ef87ccda9f5dfbe236962651fb90aa3f192700-300x137.png 300w, https:\/\/zdorovo.pl\/wp-content\/uploads\/2025\/06\/243622-02ef87ccda9f5dfbe236962651fb90aa3f192700-768x351.png 768w, https:\/\/zdorovo.pl\/wp-content\/uploads\/2025\/06\/243622-02ef87ccda9f5dfbe236962651fb90aa3f192700-600x274.png 600w, https:\/\/zdorovo.pl\/wp-content\/uploads\/2025\/06\/243622-02ef87ccda9f5dfbe236962651fb90aa3f192700.png 1095w\" sizes=\"(max-width: 1024px) 100vw, 1024px\" \/><\/p>\n<p>&nbsp;<\/p>\n<p class=\"product_header_color product_header\">Zobacz, w jaki spos\u00f3b Pro Collagen Face Peeling 2 in 1\u00a0<b>wspiera Twoj\u0105 cer\u0119:<\/b><\/p>\n<ul class=\"description_list\">\n<li><b>wyg\u0142adza sk\u00f3r\u0119<\/b><\/li>\n<li><b>daje uczucie oczyszczenia,<\/b>\u00a0zapewnia \u0142agodny peeling sk\u00f3ry<\/li>\n<li>nadaje\u00a0<b>promienny wygl\u0105d sk\u00f3ry<\/b><\/li>\n<li><b>pozostawia sk\u00f3r\u0119 roz\u015bwietlon\u0105<\/b><\/li>\n<li>daje\u00a0<b>uczucie zrewitalizowanej sk\u00f3ry<\/b><\/li>\n<li>po zastosowaniu\u00a0<b>pozostawia cer\u0119 \/ sk\u00f3r\u0119 mi\u0119kk\u0105 i g\u0142adk\u0105<\/b><\/li>\n<li>zapewnia\u00a0<b>przyjemny masa\u017c<\/b><\/li>\n<li><b>sprzyja relaksacji<\/b><\/li>\n<li><b>odpowiedni dla sk\u00f3ry wra\u017cliwej i normalnej<\/b><\/li>\n<\/ul>\n<p><img decoding=\"async\" class=\"alignleft wp-image-19808 \" src=\"https:\/\/zdorovo.pl\/wp-content\/uploads\/2025\/06\/243620-7bc1122e42a34ba6e3e5eda144d3fc2d0153683a.png\" alt=\"\" width=\"474\" height=\"473\" srcset=\"https:\/\/zdorovo.pl\/wp-content\/uploads\/2025\/06\/243620-7bc1122e42a34ba6e3e5eda144d3fc2d0153683a.png 548w, https:\/\/zdorovo.pl\/wp-content\/uploads\/2025\/06\/243620-7bc1122e42a34ba6e3e5eda144d3fc2d0153683a-300x300.png 300w, https:\/\/zdorovo.pl\/wp-content\/uploads\/2025\/06\/243620-7bc1122e42a34ba6e3e5eda144d3fc2d0153683a-150x150.png 150w, https:\/\/zdorovo.pl\/wp-content\/uploads\/2025\/06\/243620-7bc1122e42a34ba6e3e5eda144d3fc2d0153683a-200x200.png 200w\" sizes=\"(max-width: 474px) 100vw, 474px\" \/><\/p>\n<p class=\"product_header_color product_header\">Poznaj sk\u0142adniki aktywne zastosowane w Pro Collagen Face Peeling 2 in 1:<\/p>\n<p>Kompleks Peelmoist\u2122 Molecular Film\u00a0zawiera papain\u0119, kt\u00f3ra delikatnie usuwa martwy nask\u00f3rek oraz sk\u0142adniki NMF, kt\u00f3re natychmiast poprawiaj\u0105 nawil\u017cenie sk\u00f3ry.<\/p>\n<p>Kolagen morski\u00a0wp\u0142ywa na zachowanie j\u0119drno\u015bci i g\u0142adko\u015bci sk\u00f3ry oraz utrzymuje jej nawil\u017cenie.<\/p>\n<p>Zmielone drobinki ze s\u0142odkich migda\u0142\u00f3w, moreli oraz orzecha w\u0142oskiego\u00a0zapewniaj\u0105 \u0142agodny a zarazem efektywny drobnoziarnisty peeling jednocze\u015bnie delikatnie masuj\u0105c sk\u00f3r\u0119.<\/p>\n<p>Alantoina\u00a0utrzymuje odpowiedni poziom nawil\u017cenia, \u0142agodzi i koi sk\u00f3r\u0119.<\/p>\n<p>Ekstrakt z melisy\u00a0sprzyja oczyszczaniu cery, chroni j\u0105 przed dzia\u0142aniem wolnych rodnik\u00f3w.<\/p>\n<p>Ekstrakt z aloesu\u00a0wykazuje dzia\u0142anie \u0142agodz\u0105ce i koj\u0105ce.<\/p>\n<p>Olej canola\u00a0zmniejsza ucieczk\u0119 wody przez nask\u00f3rek, od\u017cywia i zmi\u0119kcza sk\u00f3r\u0119.<\/p>\n<p>Olej babassu\u00a0poprawia elastyczno\u015b\u0107 oraz przeciwdzia\u0142a utracie wilgoci w sk\u00f3rze i wzmacnia jej p\u0142aszcz lipidowy.<\/p>\n","protected":false},"excerpt":{"rendered":"<p>Kolagenowy peeling dwufunkcyjny czyli enzymatyczno-mechaniczny to kluczowy element Twojego rytua\u0142u piel\u0119gnacyjnego, kt\u00f3ry\u00a0oczyszcza, nawil\u017ca, roz\u015bwietla i wyg\u0142adza sk\u00f3r\u0119 twarzy. Dzi\u0119ki zawartym w nim sk\u0142adnikom aktywnym\u00a0peeling \u0142agodnie i skutecznie usuwa martwy nask\u00f3rek, nadaj\u0105c sk\u00f3rze promienny wygl\u0105d.\u00a0Indeks naturalno\u015bci wynosi a\u017c 92,3%. &nbsp; Peeling enzymatyczno-mechaniczny typu 2 w 1 do twarzy to kluczowy element w rytuale piel\u0119gnacyjnym, kt\u00f3ry rozpromieni&hellip;<\/p>\n","protected":false},"featured_media":19812,"template":"","meta":{"_acf_changed":false},"product_brand":[],"product_cat":[259,264],"product_tag":[],"class_list":{"0":"post-19803","1":"product","2":"type-product","3":"status-publish","4":"has-post-thumbnail","6":"product_cat-promocja","7":"product_cat-zdrowe-kosmetyki","8":"description-off","10":"first","11":"onbackorder","12":"sale","13":"taxable","14":"shipping-taxable","15":"purchasable","16":"product-type-simple"},"acf":[],"yoast_head":"<!-- This site is optimized with the Yoast SEO Premium plugin v22.4 (Yoast SEO v24.4) - https:\/\/yoast.com\/wordpress\/plugins\/seo\/ -->\n<title>Collagen Face Peeling 2 in 1 - Zdorovo.pl<\/title>\n<meta name=\"robots\" content=\"index, follow, max-snippet:-1, max-image-preview:large, max-video-preview:-1\" \/>\n<link rel=\"canonical\" href=\"https:\/\/zdorovo.pl\/pl\/shop\/collagen-face-peeling-2-in-1\" \/>\n<meta property=\"og:locale\" content=\"pl_PL\" \/>\n<meta property=\"og:type\" content=\"article\" \/>\n<meta property=\"og:title\" content=\"Collagen Face Peeling 2 in 1\" \/>\n<meta property=\"og:description\" content=\"Kolagenowy peeling dwufunkcyjny czyli enzymatyczno-mechaniczny to kluczowy element Twojego rytua\u0142u piel\u0119gnacyjnego, kt\u00f3ry\u00a0oczyszcza, nawil\u017ca, roz\u015bwietla i wyg\u0142adza sk\u00f3r\u0119 twarzy. Dzi\u0119ki zawartym w nim sk\u0142adnikom aktywnym\u00a0peeling \u0142agodnie i skutecznie usuwa martwy nask\u00f3rek, nadaj\u0105c sk\u00f3rze promienny wygl\u0105d.\u00a0Indeks naturalno\u015bci wynosi a\u017c 92,3%. &nbsp; Peeling enzymatyczno-mechaniczny typu 2 w 1 do twarzy to kluczowy element w rytuale piel\u0119gnacyjnym, kt\u00f3ry rozpromieni&hellip;\" \/>\n<meta property=\"og:url\" content=\"https:\/\/zdorovo.pl\/pl\/shop\/collagen-face-peeling-2-in-1\" \/>\n<meta property=\"og:site_name\" content=\"Zdorovo.pl\" \/>\n<meta property=\"article:modified_time\" content=\"2025-06-05T10:57:13+00:00\" \/>\n<meta property=\"og:image\" content=\"https:\/\/zdorovo.pl\/wp-content\/uploads\/2025\/06\/90f14459b46a002138498942d55ca16462870acb-orig.png\" \/>\n\t<meta property=\"og:image:width\" content=\"1000\" \/>\n\t<meta property=\"og:image:height\" content=\"1000\" \/>\n\t<meta property=\"og:image:type\" content=\"image\/png\" \/>\n<meta name=\"twitter:card\" content=\"summary_large_image\" \/>\n<meta name=\"twitter:label1\" content=\"Cena\" \/>\n\t<meta name=\"twitter:data1\" content=\"80.00&nbsp;&#122;&#322;\" \/>\n\t<meta name=\"twitter:label2\" content=\"Dost\u0119pno\u015b\u0107\" \/>\n\t<meta name=\"twitter:data2\" content=\"Na zam\u00f3wienie\" \/>\n<script type=\"application\/ld+json\" class=\"yoast-schema-graph\">{\"@context\":\"https:\/\/schema.org\",\"@graph\":[{\"@type\":\"WebPage\",\"@id\":\"https:\/\/zdorovo.pl\/pl\/shop\/collagen-face-peeling-2-in-1\",\"url\":\"https:\/\/zdorovo.pl\/pl\/shop\/collagen-face-peeling-2-in-1\",\"name\":\"Collagen Face Peeling 2 in 1 - Zdorovo.pl\",\"isPartOf\":{\"@id\":\"https:\/\/zdorovo.pl\/pl#website\"},\"primaryImageOfPage\":{\"@id\":\"https:\/\/zdorovo.pl\/pl\/shop\/collagen-face-peeling-2-in-1#primaryimage\"},\"image\":{\"@id\":\"https:\/\/zdorovo.pl\/pl\/shop\/collagen-face-peeling-2-in-1#primaryimage\"},\"thumbnailUrl\":\"https:\/\/zdorovo.pl\/wp-content\/uploads\/2025\/06\/90f14459b46a002138498942d55ca16462870acb-orig.png\",\"datePublished\":\"2025-06-05T08:49:37+00:00\",\"dateModified\":\"2025-06-05T10:57:13+00:00\",\"breadcrumb\":{\"@id\":\"https:\/\/zdorovo.pl\/pl\/shop\/collagen-face-peeling-2-in-1#breadcrumb\"},\"inLanguage\":\"pl-PL\",\"potentialAction\":[{\"@type\":\"ReadAction\",\"target\":[\"https:\/\/zdorovo.pl\/pl\/shop\/collagen-face-peeling-2-in-1\"]}]},{\"@type\":\"ImageObject\",\"inLanguage\":\"pl-PL\",\"@id\":\"https:\/\/zdorovo.pl\/pl\/shop\/collagen-face-peeling-2-in-1#primaryimage\",\"url\":\"https:\/\/zdorovo.pl\/wp-content\/uploads\/2025\/06\/90f14459b46a002138498942d55ca16462870acb-orig.png\",\"contentUrl\":\"https:\/\/zdorovo.pl\/wp-content\/uploads\/2025\/06\/90f14459b46a002138498942d55ca16462870acb-orig.png\",\"width\":1000,\"height\":1000},{\"@type\":\"BreadcrumbList\",\"@id\":\"https:\/\/zdorovo.pl\/pl\/shop\/collagen-face-peeling-2-in-1#breadcrumb\",\"itemListElement\":[{\"@type\":\"ListItem\",\"position\":1,\"name\":\"\u0413\u043e\u043b\u043e\u0432\u043d\u0430\",\"item\":\"https:\/\/zdorovo.pl\/pl\"},{\"@type\":\"ListItem\",\"position\":2,\"name\":\"Sklep\",\"item\":\"https:\/\/zdorovo.pl\/shop\"},{\"@type\":\"ListItem\",\"position\":3,\"name\":\"Collagen Face Peeling 2 in 1\"}]},{\"@type\":\"WebSite\",\"@id\":\"https:\/\/zdorovo.pl\/pl#website\",\"url\":\"https:\/\/zdorovo.pl\/pl\",\"name\":\"Zdorovo.pl\",\"description\":\"\u041f\u0440\u043e \u043c\u0435\u0434\u0438\u0447\u043d\u0443 \u0441\u0438\u0441\u0442\u0435\u043c\u0443 \u0432 \u041f\u043e\u043b\u044c\u0449\u0456 \u0443\u043a\u0440\u0430\u0457\u043d\u0441\u044c\u043a\u043e\u044e\",\"publisher\":{\"@id\":\"https:\/\/zdorovo.pl\/pl#organization\"},\"potentialAction\":[{\"@type\":\"SearchAction\",\"target\":{\"@type\":\"EntryPoint\",\"urlTemplate\":\"https:\/\/zdorovo.pl\/pl?s={search_term_string}\"},\"query-input\":{\"@type\":\"PropertyValueSpecification\",\"valueRequired\":true,\"valueName\":\"search_term_string\"}}],\"inLanguage\":\"pl-PL\"},{\"@type\":\"Organization\",\"@id\":\"https:\/\/zdorovo.pl\/pl#organization\",\"name\":\"Zdorovo.pl\",\"url\":\"https:\/\/zdorovo.pl\/pl\",\"logo\":{\"@type\":\"ImageObject\",\"inLanguage\":\"pl-PL\",\"@id\":\"https:\/\/zdorovo.pl\/pl#\/schema\/logo\/image\/\",\"url\":\"https:\/\/zdorovo.pl\/wp-content\/uploads\/2020\/11\/logo-48.png\",\"contentUrl\":\"https:\/\/zdorovo.pl\/wp-content\/uploads\/2020\/11\/logo-48.png\",\"width\":180,\"height\":48,\"caption\":\"Zdorovo.pl\"},\"image\":{\"@id\":\"https:\/\/zdorovo.pl\/pl#\/schema\/logo\/image\/\"}}]}<\/script>\n<meta property=\"product:price:amount\" content=\"80.00\" \/>\n<meta property=\"product:price:currency\" content=\"PLN\" \/>\n<meta property=\"og:availability\" content=\"backorder\" \/>\n<meta property=\"product:availability\" content=\"available for order\" \/>\n<meta property=\"product:condition\" content=\"new\" \/>\n<!-- \/ Yoast SEO Premium plugin. -->","yoast_head_json":{"title":"Collagen Face Peeling 2 in 1 - Zdorovo.pl","robots":{"index":"index","follow":"follow","max-snippet":"max-snippet:-1","max-image-preview":"max-image-preview:large","max-video-preview":"max-video-preview:-1"},"canonical":"https:\/\/zdorovo.pl\/pl\/shop\/collagen-face-peeling-2-in-1","og_locale":"pl_PL","og_type":"article","og_title":"Collagen Face Peeling 2 in 1","og_description":"Kolagenowy peeling dwufunkcyjny czyli enzymatyczno-mechaniczny to kluczowy element Twojego rytua\u0142u piel\u0119gnacyjnego, kt\u00f3ry\u00a0oczyszcza, nawil\u017ca, roz\u015bwietla i wyg\u0142adza sk\u00f3r\u0119 twarzy. Dzi\u0119ki zawartym w nim sk\u0142adnikom aktywnym\u00a0peeling \u0142agodnie i skutecznie usuwa martwy nask\u00f3rek, nadaj\u0105c sk\u00f3rze promienny wygl\u0105d.\u00a0Indeks naturalno\u015bci wynosi a\u017c 92,3%. &nbsp; Peeling enzymatyczno-mechaniczny typu 2 w 1 do twarzy to kluczowy element w rytuale piel\u0119gnacyjnym, kt\u00f3ry rozpromieni&hellip;","og_url":"https:\/\/zdorovo.pl\/pl\/shop\/collagen-face-peeling-2-in-1","og_site_name":"Zdorovo.pl","article_modified_time":"2025-06-05T10:57:13+00:00","og_image":[{"width":1000,"height":1000,"url":"https:\/\/zdorovo.pl\/wp-content\/uploads\/2025\/06\/90f14459b46a002138498942d55ca16462870acb-orig.png","type":"image\/png"}],"twitter_card":"summary_large_image","twitter_misc":{"Cena":"80.00&nbsp;&#122;&#322;","Dost\u0119pno\u015b\u0107":"Na zam\u00f3wienie"},"schema":{"@context":"https:\/\/schema.org","@graph":[{"@type":"WebPage","@id":"https:\/\/zdorovo.pl\/pl\/shop\/collagen-face-peeling-2-in-1","url":"https:\/\/zdorovo.pl\/pl\/shop\/collagen-face-peeling-2-in-1","name":"Collagen Face Peeling 2 in 1 - Zdorovo.pl","isPartOf":{"@id":"https:\/\/zdorovo.pl\/pl#website"},"primaryImageOfPage":{"@id":"https:\/\/zdorovo.pl\/pl\/shop\/collagen-face-peeling-2-in-1#primaryimage"},"image":{"@id":"https:\/\/zdorovo.pl\/pl\/shop\/collagen-face-peeling-2-in-1#primaryimage"},"thumbnailUrl":"https:\/\/zdorovo.pl\/wp-content\/uploads\/2025\/06\/90f14459b46a002138498942d55ca16462870acb-orig.png","datePublished":"2025-06-05T08:49:37+00:00","dateModified":"2025-06-05T10:57:13+00:00","breadcrumb":{"@id":"https:\/\/zdorovo.pl\/pl\/shop\/collagen-face-peeling-2-in-1#breadcrumb"},"inLanguage":"pl-PL","potentialAction":[{"@type":"ReadAction","target":["https:\/\/zdorovo.pl\/pl\/shop\/collagen-face-peeling-2-in-1"]}]},{"@type":"ImageObject","inLanguage":"pl-PL","@id":"https:\/\/zdorovo.pl\/pl\/shop\/collagen-face-peeling-2-in-1#primaryimage","url":"https:\/\/zdorovo.pl\/wp-content\/uploads\/2025\/06\/90f14459b46a002138498942d55ca16462870acb-orig.png","contentUrl":"https:\/\/zdorovo.pl\/wp-content\/uploads\/2025\/06\/90f14459b46a002138498942d55ca16462870acb-orig.png","width":1000,"height":1000},{"@type":"BreadcrumbList","@id":"https:\/\/zdorovo.pl\/pl\/shop\/collagen-face-peeling-2-in-1#breadcrumb","itemListElement":[{"@type":"ListItem","position":1,"name":"\u0413\u043e\u043b\u043e\u0432\u043d\u0430","item":"https:\/\/zdorovo.pl\/pl"},{"@type":"ListItem","position":2,"name":"Sklep","item":"https:\/\/zdorovo.pl\/shop"},{"@type":"ListItem","position":3,"name":"Collagen Face Peeling 2 in 1"}]},{"@type":"WebSite","@id":"https:\/\/zdorovo.pl\/pl#website","url":"https:\/\/zdorovo.pl\/pl","name":"Zdorovo.pl","description":"\u041f\u0440\u043e \u043c\u0435\u0434\u0438\u0447\u043d\u0443 \u0441\u0438\u0441\u0442\u0435\u043c\u0443 \u0432 \u041f\u043e\u043b\u044c\u0449\u0456 \u0443\u043a\u0440\u0430\u0457\u043d\u0441\u044c\u043a\u043e\u044e","publisher":{"@id":"https:\/\/zdorovo.pl\/pl#organization"},"potentialAction":[{"@type":"SearchAction","target":{"@type":"EntryPoint","urlTemplate":"https:\/\/zdorovo.pl\/pl?s={search_term_string}"},"query-input":{"@type":"PropertyValueSpecification","valueRequired":true,"valueName":"search_term_string"}}],"inLanguage":"pl-PL"},{"@type":"Organization","@id":"https:\/\/zdorovo.pl\/pl#organization","name":"Zdorovo.pl","url":"https:\/\/zdorovo.pl\/pl","logo":{"@type":"ImageObject","inLanguage":"pl-PL","@id":"https:\/\/zdorovo.pl\/pl#\/schema\/logo\/image\/","url":"https:\/\/zdorovo.pl\/wp-content\/uploads\/2020\/11\/logo-48.png","contentUrl":"https:\/\/zdorovo.pl\/wp-content\/uploads\/2020\/11\/logo-48.png","width":180,"height":48,"caption":"Zdorovo.pl"},"image":{"@id":"https:\/\/zdorovo.pl\/pl#\/schema\/logo\/image\/"}}]},"product_price_amount":"80.00","product_price_currency":"PLN","og_availability":"backorder","product_availability":"available for order","product_condition":"new"},"_links":{"self":[{"href":"https:\/\/zdorovo.pl\/pl\/wp-json\/wp\/v2\/product\/19803","targetHints":{"allow":["GET"]}}],"collection":[{"href":"https:\/\/zdorovo.pl\/pl\/wp-json\/wp\/v2\/product"}],"about":[{"href":"https:\/\/zdorovo.pl\/pl\/wp-json\/wp\/v2\/types\/product"}],"wp:featuredmedia":[{"embeddable":true,"href":"https:\/\/zdorovo.pl\/pl\/wp-json\/wp\/v2\/media\/19812"}],"wp:attachment":[{"href":"https:\/\/zdorovo.pl\/pl\/wp-json\/wp\/v2\/media?parent=19803"}],"wp:term":[{"taxonomy":"product_brand","embeddable":true,"href":"https:\/\/zdorovo.pl\/pl\/wp-json\/wp\/v2\/product_brand?post=19803"},{"taxonomy":"product_cat","embeddable":true,"href":"https:\/\/zdorovo.pl\/pl\/wp-json\/wp\/v2\/product_cat?post=19803"},{"taxonomy":"product_tag","embeddable":true,"href":"https:\/\/zdorovo.pl\/pl\/wp-json\/wp\/v2\/product_tag?post=19803"}],"curies":[{"name":"wp","href":"https:\/\/api.w.org\/{rel}","templated":true}]}}