{"id":22893,"date":"2025-11-27T10:24:54","date_gmt":"2025-11-27T09:24:54","guid":{"rendered":"https:\/\/zdorovo.pl\/?post_type=product&#038;p=22893"},"modified":"2025-12-04T12:33:23","modified_gmt":"2025-12-04T11:33:23","slug":"anti-pollution-pro-dermo-repair-night-cream-50-ml","status":"publish","type":"product","link":"https:\/\/zdorovo.pl\/pl\/shop\/anti-pollution-pro-dermo-repair-night-cream-50-ml","title":{"rendered":"Anti-Pollution Pro Dermo Repair Night Cream 50 ml"},"content":{"rendered":"<p dir=\"ltr\"><b><strong>G\u0142\u00f3wne korzy\u015bci<\/strong><\/b><\/p>\n<ul>\n<li dir=\"ltr\" value=\"1\"><b><strong>Krem od\u017cywczy o recepturze chronionej patentem, stworzonej na bazie naturalnych sk\u0142adnik\u00f3w.<\/strong><\/b><\/li>\n<li dir=\"ltr\" value=\"1\">Zawiera <b><strong>innowacyjny wyci\u0105g z korzenia d\u0105br\u00f3wki roz\u0142ogowej o dzia\u0142aniu \u201eanti-pollution<\/strong><\/b>\u201d, kt\u00f3ry wspiera ochron\u0119 sk\u00f3ry przed zanieczyszczeniami powietrza i wody, promieniowaniem UV oraz promieniowaniem niebieskim HEV, emitowanym przez ekrany tablet\u00f3w, komputer\u00f3w i smartfon\u00f3w.<\/li>\n<li dir=\"ltr\" value=\"1\">Krem posiada udokumentowane badaniami naukowymi <b><strong>w\u0142a\u015bciwo\u015bci ochronne, antyoksydacyjne oraz wi\u0105\u017c\u0105ce metale ci\u0119\u017ckie.<\/strong><\/b><\/li>\n<li dir=\"ltr\" value=\"1\">Krem ma tak\u017ce <b><strong>w\u0142a\u015bciwo\u015bci piel\u0119gnacyjne i regeneruj\u0105ce<\/strong><\/b> \u2013 od\u017cywia sk\u00f3r\u0119, kt\u00f3ra w ci\u0105gu dnia by\u0142a nara\u017cona na dzia\u0142anie zanieczyszczonego powietrza oraz intensywnie regeneruje, odbudowuje naturalny p\u0142aszcz lipidowy sk\u00f3ry oraz ogranicza przeznask\u00f3rkow\u0105 utrat\u0119 wody (TEWL).<\/li>\n<li dir=\"ltr\" value=\"1\">Krem przeznaczony <b><strong>do stosowania codziennie na noc,<\/strong><\/b> a jego bogata konsystencja pozwala sk\u00f3rze skutecznie regenerowa\u0107 si\u0119 podczas snu.<\/li>\n<li dir=\"ltr\" value=\"1\"><b><strong>Produkt powsta\u0142 w oparciu o wsp\u00f3\u0142prac\u0119 DUOLIFE\u00a0 z zespo\u0142em badawczym naukowc\u00f3w Politechniki Krakowskiej \u2013 renomowanej polskiej wy\u017cszej uczelni.<\/strong><\/b><\/li>\n<\/ul>\n<p>&nbsp;<\/p>\n<hr class=\"lia_nag\" \/>\n<div class=\"ctr\"><\/div>\n<section class=\"mar40\">\n<section>\n<div class=\"nag\">\n<div class=\"nag\">\n<p>&nbsp;<\/p>\n<hr class=\"lia_nag\" \/>\n<div class=\"ctr\">\n<table style=\"border-collapse: collapse; width: 100%;\">\n<tbody>\n<tr>\n<td style=\"width: 33.3333%;\"><img decoding=\"async\" class=\"wp-image-22898 aligncenter\" src=\"https:\/\/zdorovo.pl\/wp-content\/uploads\/2025\/11\/wlasciwosci20regeneracyjne1-300x300.webp\" alt=\"\" width=\"185\" height=\"185\" srcset=\"https:\/\/zdorovo.pl\/wp-content\/uploads\/2025\/11\/wlasciwosci20regeneracyjne1-300x300.webp 300w, https:\/\/zdorovo.pl\/wp-content\/uploads\/2025\/11\/wlasciwosci20regeneracyjne1-1024x1024.webp 1024w, https:\/\/zdorovo.pl\/wp-content\/uploads\/2025\/11\/wlasciwosci20regeneracyjne1-150x150.webp 150w, https:\/\/zdorovo.pl\/wp-content\/uploads\/2025\/11\/wlasciwosci20regeneracyjne1-768x768.webp 768w, https:\/\/zdorovo.pl\/wp-content\/uploads\/2025\/11\/wlasciwosci20regeneracyjne1-1536x1536.webp 1536w, https:\/\/zdorovo.pl\/wp-content\/uploads\/2025\/11\/wlasciwosci20regeneracyjne1-2048x2048.webp 2048w, https:\/\/zdorovo.pl\/wp-content\/uploads\/2025\/11\/wlasciwosci20regeneracyjne1-600x600.webp 600w, https:\/\/zdorovo.pl\/wp-content\/uploads\/2025\/11\/wlasciwosci20regeneracyjne1-200x200.webp 200w\" sizes=\"(max-width: 185px) 100vw, 185px\" \/><\/td>\n<td style=\"width: 33.3333%;\"><img decoding=\"async\" class=\"wp-image-22904 aligncenter\" src=\"https:\/\/zdorovo.pl\/wp-content\/uploads\/2025\/11\/dzialanie20typu20antipollution2-300x200.webp\" alt=\"\" width=\"270\" height=\"180\" srcset=\"https:\/\/zdorovo.pl\/wp-content\/uploads\/2025\/11\/dzialanie20typu20antipollution2-300x200.webp 300w, https:\/\/zdorovo.pl\/wp-content\/uploads\/2025\/11\/dzialanie20typu20antipollution2-1024x683.webp 1024w, https:\/\/zdorovo.pl\/wp-content\/uploads\/2025\/11\/dzialanie20typu20antipollution2-768x512.webp 768w, https:\/\/zdorovo.pl\/wp-content\/uploads\/2025\/11\/dzialanie20typu20antipollution2-1536x1024.webp 1536w, https:\/\/zdorovo.pl\/wp-content\/uploads\/2025\/11\/dzialanie20typu20antipollution2-2048x1365.webp 2048w, https:\/\/zdorovo.pl\/wp-content\/uploads\/2025\/11\/dzialanie20typu20antipollution2-600x400.webp 600w\" sizes=\"(max-width: 270px) 100vw, 270px\" \/><\/td>\n<td style=\"width: 33.3333%;\"><img decoding=\"async\" class=\"wp-image-22901 aligncenter\" src=\"https:\/\/zdorovo.pl\/wp-content\/uploads\/2025\/11\/wlasciwosci20ochronne2020dzialanie20antyoksydacyjne20i20chelatujace2022-300x200.webp\" alt=\"\" width=\"249\" height=\"166\" srcset=\"https:\/\/zdorovo.pl\/wp-content\/uploads\/2025\/11\/wlasciwosci20ochronne2020dzialanie20antyoksydacyjne20i20chelatujace2022-300x200.webp 300w, https:\/\/zdorovo.pl\/wp-content\/uploads\/2025\/11\/wlasciwosci20ochronne2020dzialanie20antyoksydacyjne20i20chelatujace2022-1024x683.webp 1024w, https:\/\/zdorovo.pl\/wp-content\/uploads\/2025\/11\/wlasciwosci20ochronne2020dzialanie20antyoksydacyjne20i20chelatujace2022-768x512.webp 768w, https:\/\/zdorovo.pl\/wp-content\/uploads\/2025\/11\/wlasciwosci20ochronne2020dzialanie20antyoksydacyjne20i20chelatujace2022-1536x1025.webp 1536w, https:\/\/zdorovo.pl\/wp-content\/uploads\/2025\/11\/wlasciwosci20ochronne2020dzialanie20antyoksydacyjne20i20chelatujace2022-2048x1366.webp 2048w, https:\/\/zdorovo.pl\/wp-content\/uploads\/2025\/11\/wlasciwosci20ochronne2020dzialanie20antyoksydacyjne20i20chelatujace2022-600x400.webp 600w\" sizes=\"(max-width: 249px) 100vw, 249px\" \/><\/td>\n<\/tr>\n<\/tbody>\n<\/table>\n<\/div>\n<div><\/div>\n<\/div>\n<div>\n<div><\/div>\n<p><strong>Dzia\u0142anie typu \u201eanti-pollution\u201d &#8211; aktywna ochrona przed szkodliwymi czynnikami zewn\u0119trznymi<br \/>\n<\/strong>Zawarty w recepturze wyci\u0105g z korzenia d\u0105br\u00f3wki roz\u0142ogowej wspiera ochron\u0119 sk\u00f3ry przed zanieczyszczeniami powietrza i wody, promieniowaniem UV\u00a0 oraz promieniowaniem niebieskim HEV emitowanym przez ekrany komputer\u00f3w i smartfon\u00f3w.\u00a0<strong><br \/>\n<\/strong><\/p>\n<\/div>\n<\/div>\n<p><strong>W\u0142a\u015bciwo\u015bci ochronne &#8211; dzia\u0142anie antyoksydacyjne i chelatuj\u0105ce (wi\u0105zanie metali ci\u0119\u017ckich)<\/strong><\/p>\n<p>Kosmetyk zawdzi\u0119cza swe dzia\u0142anie typu \u201eanti-pollution\u201d\u00a0 innowacyjnemu ekstraktowi z korzenia d\u0105br\u00f3wki roz\u0142ogowej. Dzia\u0142anie antyoksydacyjne ogranicza szkodliwy wp\u0142yw wolnych rodnik\u00f3w, generowanych promieniowaniem UV i HEV na zdrowie sk\u00f3ry. Nadmiar wolnych rodnik\u00f3w tlenowych oraz stres oksydacyjny odpowiadaj\u0105 bowiem za przedwczesne starzenie si\u0119 sk\u00f3ry, jak r\u00f3wnie\u017c problemy sk\u00f3rne a tak\u017ce choroby sk\u00f3ry. Wi\u0105zanie metali ci\u0119\u017ckich dodatkowo chroni sk\u00f3r\u0119 przed uszkodzeniami DNA kom\u00f3rkowego.<\/p>\n<\/section>\n<p><strong>W\u0142a\u015bciwo\u015bci piel\u0119gnacyjne i regeneracyjne<\/strong><\/p>\n<\/section>\n<p>Krem o bogatej konsystencji, intensywnie od\u017cywiaj\u0105cy, stworzony z my\u015bl\u0105 o regeneracji i przywr\u00f3ceniu komfortu sk\u00f3rze. Jego unikalna formu\u0142a zapewnia uczucie g\u0142\u0119boko od\u017cywionej i zregenerowanej sk\u00f3ry, \u0142agodz\u0105c podra\u017cnienia oraz zmniejszaj\u0105c zaczerwienienia. Dzi\u0119ki w\u0142a\u015bciwo\u015bciom koj\u0105cym krem idealnie sprawdza si\u0119 w codziennej piel\u0119gnacji, zapewniaj\u0105c sk\u00f3rze uczucie ukojenia i komfortu.<\/p>\n<p>Dzi\u0119ki silnym w\u0142a\u015bciwo\u015bciom nawil\u017caj\u0105cym i rewitalizuj\u0105cym sk\u00f3ra staje si\u0119 nawil\u017cona, elastyczna i widocznie g\u0142adsza. Regularne stosowanie kremu pomaga zredukowa\u0107 oznaki zm\u0119czenia, przywracaj\u0105c cerze \u015bwie\u017cy, promienny wygl\u0105d. Dodatkowo wyr\u00f3wnuje koloryt sk\u00f3ry, dzi\u0119ki czemu wygl\u0105da ona na zdrow\u0105 i pe\u0142n\u0105 blasku.<\/p>\n<p>Krem wzmacnia tak\u017ce naturaln\u0105 barier\u0119 hydrolipidow\u0105 sk\u00f3ry i ogranicza transepidermaln\u0105 utrat\u0119 wody (TEWL), co pomaga utrzyma\u0107 odpowiedni poziom nawil\u017cenia i zapobiega wysuszaniu.<\/p>\n<p>Produkt wykazuje r\u00f3wnie\u017c dzia\u0142anie regeneracyjne \u2013 sk\u00f3ra po przebudzeniu jest bardziej spr\u0119\u017cysta, j\u0119drna, a jej kondycja znacz\u0105co si\u0119 poprawia.\u00a0 Krem dostarcza sk\u00f3rze cennych sk\u0142adnik\u00f3w od\u017cywczych w czasie snu, kiedy naturalne procesy regeneracji s\u0105 najbardziej aktywne. Formu\u0142a wspomaga procesy naprawcze w sk\u00f3rze, regeneruj\u0105c mikrouszkodzenia i wzmacniaj\u0105c jej struktur\u0119.<\/p>\n","protected":false},"excerpt":{"rendered":"<p>G\u0142\u00f3wne korzy\u015bci Krem od\u017cywczy o recepturze chronionej patentem, stworzonej na bazie naturalnych sk\u0142adnik\u00f3w. Zawiera innowacyjny wyci\u0105g z korzenia d\u0105br\u00f3wki roz\u0142ogowej o dzia\u0142aniu \u201eanti-pollution\u201d, kt\u00f3ry wspiera ochron\u0119 sk\u00f3ry przed zanieczyszczeniami powietrza i wody, promieniowaniem UV oraz promieniowaniem niebieskim HEV, emitowanym przez ekrany tablet\u00f3w, komputer\u00f3w i smartfon\u00f3w. Krem posiada udokumentowane badaniami naukowymi w\u0142a\u015bciwo\u015bci ochronne, antyoksydacyjne oraz wi\u0105\u017c\u0105ce&hellip;<\/p>\n","protected":false},"featured_media":22895,"template":"","meta":{"_acf_changed":false},"product_brand":[],"product_cat":[259,264],"product_tag":[],"class_list":{"0":"post-22893","1":"product","2":"type-product","3":"status-publish","4":"has-post-thumbnail","6":"product_cat-promocja","7":"product_cat-zdrowe-kosmetyki","8":"description-off","10":"first","11":"onbackorder","12":"sale","13":"taxable","14":"shipping-taxable","15":"purchasable","16":"product-type-simple"},"acf":[],"yoast_head":"<!-- This site is optimized with the Yoast SEO Premium plugin v22.4 (Yoast SEO v24.4) - https:\/\/yoast.com\/wordpress\/plugins\/seo\/ -->\n<title>Anti-Pollution Pro Dermo Repair Night Cream 50 ml - Zdorovo.pl<\/title>\n<meta name=\"robots\" content=\"index, follow, max-snippet:-1, max-image-preview:large, max-video-preview:-1\" \/>\n<link rel=\"canonical\" href=\"https:\/\/zdorovo.pl\/pl\/shop\/anti-pollution-pro-dermo-repair-night-cream-50-ml\" \/>\n<meta property=\"og:locale\" content=\"pl_PL\" \/>\n<meta property=\"og:type\" content=\"article\" \/>\n<meta property=\"og:title\" content=\"Anti-Pollution Pro Dermo Repair Night Cream 50 ml\" \/>\n<meta property=\"og:description\" content=\"G\u0142\u00f3wne korzy\u015bci Krem od\u017cywczy o recepturze chronionej patentem, stworzonej na bazie naturalnych sk\u0142adnik\u00f3w. Zawiera innowacyjny wyci\u0105g z korzenia d\u0105br\u00f3wki roz\u0142ogowej o dzia\u0142aniu \u201eanti-pollution\u201d, kt\u00f3ry wspiera ochron\u0119 sk\u00f3ry przed zanieczyszczeniami powietrza i wody, promieniowaniem UV oraz promieniowaniem niebieskim HEV, emitowanym przez ekrany tablet\u00f3w, komputer\u00f3w i smartfon\u00f3w. Krem posiada udokumentowane badaniami naukowymi w\u0142a\u015bciwo\u015bci ochronne, antyoksydacyjne oraz wi\u0105\u017c\u0105ce&hellip;\" \/>\n<meta property=\"og:url\" content=\"https:\/\/zdorovo.pl\/pl\/shop\/anti-pollution-pro-dermo-repair-night-cream-50-ml\" \/>\n<meta property=\"og:site_name\" content=\"Zdorovo.pl\" \/>\n<meta property=\"article:modified_time\" content=\"2025-12-04T11:33:23+00:00\" \/>\n<meta property=\"og:image\" content=\"https:\/\/zdorovo.pl\/wp-content\/uploads\/2025\/11\/ap_pro-dermo-boost-day-cream_box2.webp\" \/>\n\t<meta property=\"og:image:width\" content=\"856\" \/>\n\t<meta property=\"og:image:height\" content=\"614\" \/>\n\t<meta property=\"og:image:type\" content=\"image\/webp\" \/>\n<meta name=\"twitter:card\" content=\"summary_large_image\" \/>\n<meta name=\"twitter:label1\" content=\"Cena\" \/>\n\t<meta name=\"twitter:data1\" content=\"206.30&nbsp;&#122;&#322;\" \/>\n\t<meta name=\"twitter:label2\" content=\"Dost\u0119pno\u015b\u0107\" \/>\n\t<meta name=\"twitter:data2\" content=\"Na zam\u00f3wienie\" \/>\n<script type=\"application\/ld+json\" class=\"yoast-schema-graph\">{\"@context\":\"https:\/\/schema.org\",\"@graph\":[{\"@type\":\"WebPage\",\"@id\":\"https:\/\/zdorovo.pl\/pl\/shop\/anti-pollution-pro-dermo-repair-night-cream-50-ml\",\"url\":\"https:\/\/zdorovo.pl\/pl\/shop\/anti-pollution-pro-dermo-repair-night-cream-50-ml\",\"name\":\"Anti-Pollution Pro Dermo Repair Night Cream 50 ml - Zdorovo.pl\",\"isPartOf\":{\"@id\":\"https:\/\/zdorovo.pl\/pl#website\"},\"primaryImageOfPage\":{\"@id\":\"https:\/\/zdorovo.pl\/pl\/shop\/anti-pollution-pro-dermo-repair-night-cream-50-ml#primaryimage\"},\"image\":{\"@id\":\"https:\/\/zdorovo.pl\/pl\/shop\/anti-pollution-pro-dermo-repair-night-cream-50-ml#primaryimage\"},\"thumbnailUrl\":\"https:\/\/zdorovo.pl\/wp-content\/uploads\/2025\/11\/ap_pro-dermo-boost-day-cream_box2.webp\",\"datePublished\":\"2025-11-27T09:24:54+00:00\",\"dateModified\":\"2025-12-04T11:33:23+00:00\",\"breadcrumb\":{\"@id\":\"https:\/\/zdorovo.pl\/pl\/shop\/anti-pollution-pro-dermo-repair-night-cream-50-ml#breadcrumb\"},\"inLanguage\":\"pl-PL\",\"potentialAction\":[{\"@type\":\"ReadAction\",\"target\":[\"https:\/\/zdorovo.pl\/pl\/shop\/anti-pollution-pro-dermo-repair-night-cream-50-ml\"]}]},{\"@type\":\"ImageObject\",\"inLanguage\":\"pl-PL\",\"@id\":\"https:\/\/zdorovo.pl\/pl\/shop\/anti-pollution-pro-dermo-repair-night-cream-50-ml#primaryimage\",\"url\":\"https:\/\/zdorovo.pl\/wp-content\/uploads\/2025\/11\/ap_pro-dermo-boost-day-cream_box2.webp\",\"contentUrl\":\"https:\/\/zdorovo.pl\/wp-content\/uploads\/2025\/11\/ap_pro-dermo-boost-day-cream_box2.webp\",\"width\":856,\"height\":614},{\"@type\":\"BreadcrumbList\",\"@id\":\"https:\/\/zdorovo.pl\/pl\/shop\/anti-pollution-pro-dermo-repair-night-cream-50-ml#breadcrumb\",\"itemListElement\":[{\"@type\":\"ListItem\",\"position\":1,\"name\":\"\u0413\u043e\u043b\u043e\u0432\u043d\u0430\",\"item\":\"https:\/\/zdorovo.pl\/pl\"},{\"@type\":\"ListItem\",\"position\":2,\"name\":\"Sklep\",\"item\":\"https:\/\/zdorovo.pl\/shop\"},{\"@type\":\"ListItem\",\"position\":3,\"name\":\"Anti-Pollution Pro Dermo Repair Night Cream 50 ml\"}]},{\"@type\":\"WebSite\",\"@id\":\"https:\/\/zdorovo.pl\/pl#website\",\"url\":\"https:\/\/zdorovo.pl\/pl\",\"name\":\"Zdorovo.pl\",\"description\":\"\u041f\u0440\u043e \u043c\u0435\u0434\u0438\u0447\u043d\u0443 \u0441\u0438\u0441\u0442\u0435\u043c\u0443 \u0432 \u041f\u043e\u043b\u044c\u0449\u0456 \u0443\u043a\u0440\u0430\u0457\u043d\u0441\u044c\u043a\u043e\u044e\",\"publisher\":{\"@id\":\"https:\/\/zdorovo.pl\/pl#organization\"},\"potentialAction\":[{\"@type\":\"SearchAction\",\"target\":{\"@type\":\"EntryPoint\",\"urlTemplate\":\"https:\/\/zdorovo.pl\/pl?s={search_term_string}\"},\"query-input\":{\"@type\":\"PropertyValueSpecification\",\"valueRequired\":true,\"valueName\":\"search_term_string\"}}],\"inLanguage\":\"pl-PL\"},{\"@type\":\"Organization\",\"@id\":\"https:\/\/zdorovo.pl\/pl#organization\",\"name\":\"Zdorovo.pl\",\"url\":\"https:\/\/zdorovo.pl\/pl\",\"logo\":{\"@type\":\"ImageObject\",\"inLanguage\":\"pl-PL\",\"@id\":\"https:\/\/zdorovo.pl\/pl#\/schema\/logo\/image\/\",\"url\":\"https:\/\/zdorovo.pl\/wp-content\/uploads\/2020\/11\/logo-48.png\",\"contentUrl\":\"https:\/\/zdorovo.pl\/wp-content\/uploads\/2020\/11\/logo-48.png\",\"width\":180,\"height\":48,\"caption\":\"Zdorovo.pl\"},\"image\":{\"@id\":\"https:\/\/zdorovo.pl\/pl#\/schema\/logo\/image\/\"}}]}<\/script>\n<meta property=\"product:price:amount\" content=\"206.30\" \/>\n<meta property=\"product:price:currency\" content=\"PLN\" \/>\n<meta property=\"og:availability\" content=\"backorder\" \/>\n<meta property=\"product:availability\" content=\"available for order\" \/>\n<meta property=\"product:condition\" content=\"new\" \/>\n<!-- \/ Yoast SEO Premium plugin. -->","yoast_head_json":{"title":"Anti-Pollution Pro Dermo Repair Night Cream 50 ml - Zdorovo.pl","robots":{"index":"index","follow":"follow","max-snippet":"max-snippet:-1","max-image-preview":"max-image-preview:large","max-video-preview":"max-video-preview:-1"},"canonical":"https:\/\/zdorovo.pl\/pl\/shop\/anti-pollution-pro-dermo-repair-night-cream-50-ml","og_locale":"pl_PL","og_type":"article","og_title":"Anti-Pollution Pro Dermo Repair Night Cream 50 ml","og_description":"G\u0142\u00f3wne korzy\u015bci Krem od\u017cywczy o recepturze chronionej patentem, stworzonej na bazie naturalnych sk\u0142adnik\u00f3w. Zawiera innowacyjny wyci\u0105g z korzenia d\u0105br\u00f3wki roz\u0142ogowej o dzia\u0142aniu \u201eanti-pollution\u201d, kt\u00f3ry wspiera ochron\u0119 sk\u00f3ry przed zanieczyszczeniami powietrza i wody, promieniowaniem UV oraz promieniowaniem niebieskim HEV, emitowanym przez ekrany tablet\u00f3w, komputer\u00f3w i smartfon\u00f3w. Krem posiada udokumentowane badaniami naukowymi w\u0142a\u015bciwo\u015bci ochronne, antyoksydacyjne oraz wi\u0105\u017c\u0105ce&hellip;","og_url":"https:\/\/zdorovo.pl\/pl\/shop\/anti-pollution-pro-dermo-repair-night-cream-50-ml","og_site_name":"Zdorovo.pl","article_modified_time":"2025-12-04T11:33:23+00:00","og_image":[{"width":856,"height":614,"url":"https:\/\/zdorovo.pl\/wp-content\/uploads\/2025\/11\/ap_pro-dermo-boost-day-cream_box2.webp","type":"image\/webp"}],"twitter_card":"summary_large_image","twitter_misc":{"Cena":"206.30&nbsp;&#122;&#322;","Dost\u0119pno\u015b\u0107":"Na zam\u00f3wienie"},"schema":{"@context":"https:\/\/schema.org","@graph":[{"@type":"WebPage","@id":"https:\/\/zdorovo.pl\/pl\/shop\/anti-pollution-pro-dermo-repair-night-cream-50-ml","url":"https:\/\/zdorovo.pl\/pl\/shop\/anti-pollution-pro-dermo-repair-night-cream-50-ml","name":"Anti-Pollution Pro Dermo Repair Night Cream 50 ml - Zdorovo.pl","isPartOf":{"@id":"https:\/\/zdorovo.pl\/pl#website"},"primaryImageOfPage":{"@id":"https:\/\/zdorovo.pl\/pl\/shop\/anti-pollution-pro-dermo-repair-night-cream-50-ml#primaryimage"},"image":{"@id":"https:\/\/zdorovo.pl\/pl\/shop\/anti-pollution-pro-dermo-repair-night-cream-50-ml#primaryimage"},"thumbnailUrl":"https:\/\/zdorovo.pl\/wp-content\/uploads\/2025\/11\/ap_pro-dermo-boost-day-cream_box2.webp","datePublished":"2025-11-27T09:24:54+00:00","dateModified":"2025-12-04T11:33:23+00:00","breadcrumb":{"@id":"https:\/\/zdorovo.pl\/pl\/shop\/anti-pollution-pro-dermo-repair-night-cream-50-ml#breadcrumb"},"inLanguage":"pl-PL","potentialAction":[{"@type":"ReadAction","target":["https:\/\/zdorovo.pl\/pl\/shop\/anti-pollution-pro-dermo-repair-night-cream-50-ml"]}]},{"@type":"ImageObject","inLanguage":"pl-PL","@id":"https:\/\/zdorovo.pl\/pl\/shop\/anti-pollution-pro-dermo-repair-night-cream-50-ml#primaryimage","url":"https:\/\/zdorovo.pl\/wp-content\/uploads\/2025\/11\/ap_pro-dermo-boost-day-cream_box2.webp","contentUrl":"https:\/\/zdorovo.pl\/wp-content\/uploads\/2025\/11\/ap_pro-dermo-boost-day-cream_box2.webp","width":856,"height":614},{"@type":"BreadcrumbList","@id":"https:\/\/zdorovo.pl\/pl\/shop\/anti-pollution-pro-dermo-repair-night-cream-50-ml#breadcrumb","itemListElement":[{"@type":"ListItem","position":1,"name":"\u0413\u043e\u043b\u043e\u0432\u043d\u0430","item":"https:\/\/zdorovo.pl\/pl"},{"@type":"ListItem","position":2,"name":"Sklep","item":"https:\/\/zdorovo.pl\/shop"},{"@type":"ListItem","position":3,"name":"Anti-Pollution Pro Dermo Repair Night Cream 50 ml"}]},{"@type":"WebSite","@id":"https:\/\/zdorovo.pl\/pl#website","url":"https:\/\/zdorovo.pl\/pl","name":"Zdorovo.pl","description":"\u041f\u0440\u043e \u043c\u0435\u0434\u0438\u0447\u043d\u0443 \u0441\u0438\u0441\u0442\u0435\u043c\u0443 \u0432 \u041f\u043e\u043b\u044c\u0449\u0456 \u0443\u043a\u0440\u0430\u0457\u043d\u0441\u044c\u043a\u043e\u044e","publisher":{"@id":"https:\/\/zdorovo.pl\/pl#organization"},"potentialAction":[{"@type":"SearchAction","target":{"@type":"EntryPoint","urlTemplate":"https:\/\/zdorovo.pl\/pl?s={search_term_string}"},"query-input":{"@type":"PropertyValueSpecification","valueRequired":true,"valueName":"search_term_string"}}],"inLanguage":"pl-PL"},{"@type":"Organization","@id":"https:\/\/zdorovo.pl\/pl#organization","name":"Zdorovo.pl","url":"https:\/\/zdorovo.pl\/pl","logo":{"@type":"ImageObject","inLanguage":"pl-PL","@id":"https:\/\/zdorovo.pl\/pl#\/schema\/logo\/image\/","url":"https:\/\/zdorovo.pl\/wp-content\/uploads\/2020\/11\/logo-48.png","contentUrl":"https:\/\/zdorovo.pl\/wp-content\/uploads\/2020\/11\/logo-48.png","width":180,"height":48,"caption":"Zdorovo.pl"},"image":{"@id":"https:\/\/zdorovo.pl\/pl#\/schema\/logo\/image\/"}}]},"product_price_amount":"206.30","product_price_currency":"PLN","og_availability":"backorder","product_availability":"available for order","product_condition":"new"},"_links":{"self":[{"href":"https:\/\/zdorovo.pl\/pl\/wp-json\/wp\/v2\/product\/22893","targetHints":{"allow":["GET"]}}],"collection":[{"href":"https:\/\/zdorovo.pl\/pl\/wp-json\/wp\/v2\/product"}],"about":[{"href":"https:\/\/zdorovo.pl\/pl\/wp-json\/wp\/v2\/types\/product"}],"wp:featuredmedia":[{"embeddable":true,"href":"https:\/\/zdorovo.pl\/pl\/wp-json\/wp\/v2\/media\/22895"}],"wp:attachment":[{"href":"https:\/\/zdorovo.pl\/pl\/wp-json\/wp\/v2\/media?parent=22893"}],"wp:term":[{"taxonomy":"product_brand","embeddable":true,"href":"https:\/\/zdorovo.pl\/pl\/wp-json\/wp\/v2\/product_brand?post=22893"},{"taxonomy":"product_cat","embeddable":true,"href":"https:\/\/zdorovo.pl\/pl\/wp-json\/wp\/v2\/product_cat?post=22893"},{"taxonomy":"product_tag","embeddable":true,"href":"https:\/\/zdorovo.pl\/pl\/wp-json\/wp\/v2\/product_tag?post=22893"}],"curies":[{"name":"wp","href":"https:\/\/api.w.org\/{rel}","templated":true}]}}